{"id":52758,"date":"2025-09-10T07:32:15","date_gmt":"2025-09-10T05:32:15","guid":{"rendered":"https:\/\/mapau.es\/producto\/valvula-click-clack-pvd-oro-cepillado-2\/"},"modified":"2026-03-30T17:02:32","modified_gmt":"2026-03-30T15:02:32","slug":"valvula-click-clack-pvd-oro-cepillado-2","status":"publish","type":"product","link":"https:\/\/mapau.es\/fr\/producto\/valvula-click-clack-pvd-oro-cepillado-2\/","title":{"rendered":"Valve \u00e0 clic-clac PVD ou bross\u00e9"},"content":{"rendered":"<p>Robinet \u00e0 clic en laiton bross\u00e9 dor\u00e9. Compatible avec tous les lavabos et bidets, sans aucune surface. Syst\u00e8me d&rsquo;ouverture\/fermeture garantie 20 000 utilisations. Filetage inf\u00e9rieur 1 1\/4&Prime;. Fabriqu\u00e9 en laiton et zamak. Fini PVD ou bross\u00e9. Installation simple et rapide.<\/p>\n","protected":false},"excerpt":{"rendered":"<p>Robinet \u00e0 clic en laiton bross\u00e9 dor\u00e9. Compatible avec tous les lavabos et bidets, sans aucune surface. Syst\u00e8me d&rsquo;ouverture\/fermeture garantie 20 000 utilisations. Filetage inf\u00e9rieur 1 1\/4&Prime;. Fabriqu\u00e9 en laiton et zamak. Fini PVD ou bross\u00e9. Installation simple et rapide.<\/p>\n","protected":false},"featured_media":52756,"comment_status":"closed","ping_status":"open","template":"","meta":{"_acf_changed":false},"product_brand":[686],"product_cat":[452],"product_tag":[],"class_list":{"0":"post-52758","1":"product","2":"type-product","3":"status-publish","4":"has-post-thumbnail","6":"product_brand-accesorios","7":"product_cat-accesorios","8":"pa_colores-or-brosse","9":"pa_medidas-6-4","11":"first","12":"instock","13":"purchasable","14":"product-type-simple"},"acf":[],"_links":{"self":[{"href":"https:\/\/mapau.es\/fr\/wp-json\/wp\/v2\/product\/52758","targetHints":{"allow":["GET"]}}],"collection":[{"href":"https:\/\/mapau.es\/fr\/wp-json\/wp\/v2\/product"}],"about":[{"href":"https:\/\/mapau.es\/fr\/wp-json\/wp\/v2\/types\/product"}],"replies":[{"embeddable":true,"href":"https:\/\/mapau.es\/fr\/wp-json\/wp\/v2\/comments?post=52758"}],"wp:featuredmedia":[{"embeddable":true,"href":"https:\/\/mapau.es\/fr\/wp-json\/wp\/v2\/media\/52756"}],"wp:attachment":[{"href":"https:\/\/mapau.es\/fr\/wp-json\/wp\/v2\/media?parent=52758"}],"wp:term":[{"taxonomy":"product_brand","embeddable":true,"href":"https:\/\/mapau.es\/fr\/wp-json\/wp\/v2\/product_brand?post=52758"},{"taxonomy":"product_cat","embeddable":true,"href":"https:\/\/mapau.es\/fr\/wp-json\/wp\/v2\/product_cat?post=52758"},{"taxonomy":"product_tag","embeddable":true,"href":"https:\/\/mapau.es\/fr\/wp-json\/wp\/v2\/product_tag?post=52758"}],"curies":[{"name":"wp","href":"https:\/\/api.w.org\/{rel}","templated":true}]}}