{"id":52759,"date":"2025-09-10T07:32:15","date_gmt":"2025-09-10T05:32:15","guid":{"rendered":"https:\/\/mapau.es\/producto\/barra-toallero-interior-mueble-oro-cepillado-2\/"},"modified":"2026-03-30T17:02:32","modified_gmt":"2026-03-30T15:02:32","slug":"barra-toallero-interior-mueble-oro-cepillado-2","status":"publish","type":"product","link":"https:\/\/mapau.es\/fr\/producto\/barra-toallero-interior-mueble-oro-cepillado-2\/","title":{"rendered":"INT\u00c9RIEURES PORTE-SERVIETTES \u00c0 OU BROSS\u00c9"},"content":{"rendered":"<p>Porte-serviettes pour meuble, en acier inoxydable dor\u00e9 bross\u00e9 de haute qualit\u00e9. Il comprend un double syst\u00e8me de fixation (adh\u00e9sif\/viss\u00e9), garantissant une installation s\u00fbre et polyvalente sur diff\u00e9rentes surfaces.<\/p>\n","protected":false},"excerpt":{"rendered":"<p>Porte-serviettes pour meuble, en acier inoxydable dor\u00e9 bross\u00e9 de haute qualit\u00e9. Il comprend un double syst\u00e8me de fixation (adh\u00e9sif\/viss\u00e9), garantissant une installation s\u00fbre et polyvalente sur diff\u00e9rentes surfaces.<\/p>\n","protected":false},"featured_media":52751,"comment_status":"closed","ping_status":"open","template":"","meta":{"_acf_changed":false},"product_brand":[686],"product_cat":[452],"product_tag":[],"class_list":{"0":"post-52759","1":"product","2":"type-product","3":"status-publish","4":"has-post-thumbnail","6":"product_brand-accesorios","7":"product_cat-accesorios","8":"pa_colores-or-brosse","9":"pa_medidas-488","11":"first","12":"instock","13":"purchasable","14":"product-type-simple"},"acf":[],"_links":{"self":[{"href":"https:\/\/mapau.es\/fr\/wp-json\/wp\/v2\/product\/52759","targetHints":{"allow":["GET"]}}],"collection":[{"href":"https:\/\/mapau.es\/fr\/wp-json\/wp\/v2\/product"}],"about":[{"href":"https:\/\/mapau.es\/fr\/wp-json\/wp\/v2\/types\/product"}],"replies":[{"embeddable":true,"href":"https:\/\/mapau.es\/fr\/wp-json\/wp\/v2\/comments?post=52759"}],"wp:featuredmedia":[{"embeddable":true,"href":"https:\/\/mapau.es\/fr\/wp-json\/wp\/v2\/media\/52751"}],"wp:attachment":[{"href":"https:\/\/mapau.es\/fr\/wp-json\/wp\/v2\/media?parent=52759"}],"wp:term":[{"taxonomy":"product_brand","embeddable":true,"href":"https:\/\/mapau.es\/fr\/wp-json\/wp\/v2\/product_brand?post=52759"},{"taxonomy":"product_cat","embeddable":true,"href":"https:\/\/mapau.es\/fr\/wp-json\/wp\/v2\/product_cat?post=52759"},{"taxonomy":"product_tag","embeddable":true,"href":"https:\/\/mapau.es\/fr\/wp-json\/wp\/v2\/product_tag?post=52759"}],"curies":[{"name":"wp","href":"https:\/\/api.w.org\/{rel}","templated":true}]}}