{"id":52760,"date":"2025-09-10T07:32:05","date_gmt":"2025-09-10T05:32:05","guid":{"rendered":"https:\/\/mapau.es\/producto\/barra-toallero-interior-mueble-2\/"},"modified":"2026-03-30T17:02:33","modified_gmt":"2026-03-30T15:02:33","slug":"barra-toallero-interior-mueble-2","status":"publish","type":"product","link":"https:\/\/mapau.es\/fr\/producto\/barra-toallero-interior-mueble-2\/","title":{"rendered":"BALAYEZ LES SERVIETTES DE L&rsquo;INT\u00c9RIEUR DU MEUBLE"},"content":{"rendered":"<p>Supports de meubles en acier inoxydable chrom\u00e9 de haute qualit\u00e9. Ils sont \u00e9quip\u00e9s d&rsquo;un syst\u00e8me de double fixation (collier\/viss\u00e9) garantissant une installation s\u00fbre et polyvalente sur diff\u00e9rentes surfaces.<\/p>\n","protected":false},"excerpt":{"rendered":"<p>Supports de meubles en acier inoxydable chrom\u00e9 de haute qualit\u00e9. Ils sont \u00e9quip\u00e9s d&rsquo;un syst\u00e8me de double fixation (collier\/viss\u00e9) garantissant une installation s\u00fbre et polyvalente sur diff\u00e9rentes surfaces.<\/p>\n","protected":false},"featured_media":52741,"comment_status":"closed","ping_status":"open","template":"","meta":{"_acf_changed":false},"product_brand":[686],"product_cat":[452],"product_tag":[],"class_list":{"0":"post-52760","1":"product","2":"type-product","3":"status-publish","4":"has-post-thumbnail","6":"product_brand-accesorios","7":"product_cat-accesorios","8":"pa_colores-chrome","9":"pa_medidas-488","11":"first","12":"instock","13":"purchasable","14":"product-type-simple"},"acf":[],"_links":{"self":[{"href":"https:\/\/mapau.es\/fr\/wp-json\/wp\/v2\/product\/52760","targetHints":{"allow":["GET"]}}],"collection":[{"href":"https:\/\/mapau.es\/fr\/wp-json\/wp\/v2\/product"}],"about":[{"href":"https:\/\/mapau.es\/fr\/wp-json\/wp\/v2\/types\/product"}],"replies":[{"embeddable":true,"href":"https:\/\/mapau.es\/fr\/wp-json\/wp\/v2\/comments?post=52760"}],"wp:featuredmedia":[{"embeddable":true,"href":"https:\/\/mapau.es\/fr\/wp-json\/wp\/v2\/media\/52741"}],"wp:attachment":[{"href":"https:\/\/mapau.es\/fr\/wp-json\/wp\/v2\/media?parent=52760"}],"wp:term":[{"taxonomy":"product_brand","embeddable":true,"href":"https:\/\/mapau.es\/fr\/wp-json\/wp\/v2\/product_brand?post=52760"},{"taxonomy":"product_cat","embeddable":true,"href":"https:\/\/mapau.es\/fr\/wp-json\/wp\/v2\/product_cat?post=52760"},{"taxonomy":"product_tag","embeddable":true,"href":"https:\/\/mapau.es\/fr\/wp-json\/wp\/v2\/product_tag?post=52760"}],"curies":[{"name":"wp","href":"https:\/\/api.w.org\/{rel}","templated":true}]}}