{"id":52762,"date":"2025-09-10T07:32:05","date_gmt":"2025-09-10T05:32:05","guid":{"rendered":"https:\/\/mapau.es\/producto\/escobillero-capri-negro-mate-2\/"},"modified":"2026-03-30T17:02:37","modified_gmt":"2026-03-30T15:02:37","slug":"escobillero-capri-negro-mate-2","status":"publish","type":"product","link":"https:\/\/mapau.es\/fr\/producto\/escobillero-capri-negro-mate-2\/","title":{"rendered":"PORTE-BROSSE DE TOILETTE CAPRI NOIR MAT"},"content":{"rendered":"<p>Bracelet de cheville Capri, finition noir mat, en acier inoxydable de haute qualit\u00e9. Syst\u00e8me de double fixation (adh\u00e9sif\/vis) permettant une installation s\u00e9curis\u00e9e sur diverses surfaces.<\/p>\n","protected":false},"excerpt":{"rendered":"<p>Bracelet de cheville Capri, finition noir mat, en acier inoxydable de haute qualit\u00e9. Syst\u00e8me de double fixation (adh\u00e9sif\/vis) permettant une installation s\u00e9curis\u00e9e sur diverses surfaces.<\/p>\n","protected":false},"featured_media":52731,"comment_status":"closed","ping_status":"open","template":"","meta":{"_acf_changed":false},"product_brand":[686],"product_cat":[452],"product_tag":[],"class_list":{"0":"post-52762","1":"product","2":"type-product","3":"status-publish","4":"has-post-thumbnail","6":"product_brand-accesorios","7":"product_cat-accesorios","8":"pa_colores-noir-mat","9":"pa_medidas-567","11":"first","12":"instock","13":"purchasable","14":"product-type-simple"},"acf":[],"_links":{"self":[{"href":"https:\/\/mapau.es\/fr\/wp-json\/wp\/v2\/product\/52762","targetHints":{"allow":["GET"]}}],"collection":[{"href":"https:\/\/mapau.es\/fr\/wp-json\/wp\/v2\/product"}],"about":[{"href":"https:\/\/mapau.es\/fr\/wp-json\/wp\/v2\/types\/product"}],"replies":[{"embeddable":true,"href":"https:\/\/mapau.es\/fr\/wp-json\/wp\/v2\/comments?post=52762"}],"wp:featuredmedia":[{"embeddable":true,"href":"https:\/\/mapau.es\/fr\/wp-json\/wp\/v2\/media\/52731"}],"wp:attachment":[{"href":"https:\/\/mapau.es\/fr\/wp-json\/wp\/v2\/media?parent=52762"}],"wp:term":[{"taxonomy":"product_brand","embeddable":true,"href":"https:\/\/mapau.es\/fr\/wp-json\/wp\/v2\/product_brand?post=52762"},{"taxonomy":"product_cat","embeddable":true,"href":"https:\/\/mapau.es\/fr\/wp-json\/wp\/v2\/product_cat?post=52762"},{"taxonomy":"product_tag","embeddable":true,"href":"https:\/\/mapau.es\/fr\/wp-json\/wp\/v2\/product_tag?post=52762"}],"curies":[{"name":"wp","href":"https:\/\/api.w.org\/{rel}","templated":true}]}}