{"id":52763,"date":"2025-09-10T07:31:57","date_gmt":"2025-09-10T05:31:57","guid":{"rendered":"https:\/\/mapau.es\/producto\/escobillero-capri-cromo-2\/"},"modified":"2026-03-30T17:02:37","modified_gmt":"2026-03-30T15:02:37","slug":"escobillero-capri-cromo-2","status":"publish","type":"product","link":"https:\/\/mapau.es\/fr\/producto\/escobillero-capri-cromo-2\/","title":{"rendered":"TOILETTES CHROME CAPRI PORTERS"},"content":{"rendered":"<p>Bracelet Capri, finition chrom\u00e9e, en acier inoxydable de haute qualit\u00e9. Il est dot\u00e9 d&rsquo;un double syst\u00e8me de fixation (adh\u00e9sif\/vis), permettant une installation s\u00e9curis\u00e9e sur diverses surfaces.<\/p>\n","protected":false},"excerpt":{"rendered":"<p>Bracelet Capri, finition chrom\u00e9e, en acier inoxydable de haute qualit\u00e9. Il est dot\u00e9 d&rsquo;un double syst\u00e8me de fixation (adh\u00e9sif\/vis), permettant une installation s\u00e9curis\u00e9e sur diverses surfaces.<\/p>\n","protected":false},"featured_media":52726,"comment_status":"closed","ping_status":"open","template":"","meta":{"_acf_changed":false},"product_brand":[686],"product_cat":[452],"product_tag":[],"class_list":{"0":"post-52763","1":"product","2":"type-product","3":"status-publish","4":"has-post-thumbnail","6":"product_brand-accesorios","7":"product_cat-accesorios","8":"pa_colores-chrome","9":"pa_medidas-567","11":"first","12":"instock","13":"purchasable","14":"product-type-simple"},"acf":[],"_links":{"self":[{"href":"https:\/\/mapau.es\/fr\/wp-json\/wp\/v2\/product\/52763","targetHints":{"allow":["GET"]}}],"collection":[{"href":"https:\/\/mapau.es\/fr\/wp-json\/wp\/v2\/product"}],"about":[{"href":"https:\/\/mapau.es\/fr\/wp-json\/wp\/v2\/types\/product"}],"replies":[{"embeddable":true,"href":"https:\/\/mapau.es\/fr\/wp-json\/wp\/v2\/comments?post=52763"}],"wp:featuredmedia":[{"embeddable":true,"href":"https:\/\/mapau.es\/fr\/wp-json\/wp\/v2\/media\/52726"}],"wp:attachment":[{"href":"https:\/\/mapau.es\/fr\/wp-json\/wp\/v2\/media?parent=52763"}],"wp:term":[{"taxonomy":"product_brand","embeddable":true,"href":"https:\/\/mapau.es\/fr\/wp-json\/wp\/v2\/product_brand?post=52763"},{"taxonomy":"product_cat","embeddable":true,"href":"https:\/\/mapau.es\/fr\/wp-json\/wp\/v2\/product_cat?post=52763"},{"taxonomy":"product_tag","embeddable":true,"href":"https:\/\/mapau.es\/fr\/wp-json\/wp\/v2\/product_tag?post=52763"}],"curies":[{"name":"wp","href":"https:\/\/api.w.org\/{rel}","templated":true}]}}