{"id":52764,"date":"2025-09-10T07:31:57","date_gmt":"2025-09-10T05:31:57","guid":{"rendered":"https:\/\/mapau.es\/producto\/portarolllo-con-repisa-capri-oro-cepillado-2\/"},"modified":"2026-03-30T17:02:38","modified_gmt":"2026-03-30T15:02:38","slug":"portarolllo-con-repisa-capri-oro-cepillado-2","status":"publish","type":"product","link":"https:\/\/mapau.es\/fr\/producto\/portarolllo-con-repisa-capri-oro-cepillado-2\/","title":{"rendered":"PORTE-ROULEEAU DE PAPIER TOILETTE CAPRI DOR\u00c9 BROSS\u00c9 AVEC \u00c9TAG\u00c8RE"},"content":{"rendered":"<p>Porte-papier toilette Capri avec \u00e9tag\u00e8re, finition ou brosse, en acier inoxydable de haute qualit\u00e9. Il est \u00e9quip\u00e9 d&rsquo;un syst\u00e8me de double fixation (adh\u00e9sif\/vis), garantissant une installation s\u00e9curis\u00e9e et adaptable \u00e0 diff\u00e9rents usages.<\/p>\n","protected":false},"excerpt":{"rendered":"<p>Porte-papier toilette Capri avec \u00e9tag\u00e8re, finition ou brosse, en acier inoxydable de haute qualit\u00e9. Il est \u00e9quip\u00e9 d&rsquo;un syst\u00e8me de double fixation (adh\u00e9sif\/vis), garantissant une installation s\u00e9curis\u00e9e et adaptable \u00e0 diff\u00e9rents usages.<\/p>\n","protected":false},"featured_media":52721,"comment_status":"closed","ping_status":"open","template":"","meta":{"_acf_changed":false},"product_brand":[686],"product_cat":[452],"product_tag":[],"class_list":{"0":"post-52764","1":"product","2":"type-product","3":"status-publish","4":"has-post-thumbnail","6":"product_brand-accesorios","7":"product_cat-accesorios","8":"pa_colores-or-brosse","9":"pa_medidas-566","11":"first","12":"instock","13":"purchasable","14":"product-type-simple"},"acf":[],"_links":{"self":[{"href":"https:\/\/mapau.es\/fr\/wp-json\/wp\/v2\/product\/52764","targetHints":{"allow":["GET"]}}],"collection":[{"href":"https:\/\/mapau.es\/fr\/wp-json\/wp\/v2\/product"}],"about":[{"href":"https:\/\/mapau.es\/fr\/wp-json\/wp\/v2\/types\/product"}],"replies":[{"embeddable":true,"href":"https:\/\/mapau.es\/fr\/wp-json\/wp\/v2\/comments?post=52764"}],"wp:featuredmedia":[{"embeddable":true,"href":"https:\/\/mapau.es\/fr\/wp-json\/wp\/v2\/media\/52721"}],"wp:attachment":[{"href":"https:\/\/mapau.es\/fr\/wp-json\/wp\/v2\/media?parent=52764"}],"wp:term":[{"taxonomy":"product_brand","embeddable":true,"href":"https:\/\/mapau.es\/fr\/wp-json\/wp\/v2\/product_brand?post=52764"},{"taxonomy":"product_cat","embeddable":true,"href":"https:\/\/mapau.es\/fr\/wp-json\/wp\/v2\/product_cat?post=52764"},{"taxonomy":"product_tag","embeddable":true,"href":"https:\/\/mapau.es\/fr\/wp-json\/wp\/v2\/product_tag?post=52764"}],"curies":[{"name":"wp","href":"https:\/\/api.w.org\/{rel}","templated":true}]}}