{"id":52770,"date":"2025-09-10T07:31:41","date_gmt":"2025-09-10T05:31:41","guid":{"rendered":"https:\/\/mapau.es\/producto\/percha-capri-oro-cepillado-2\/"},"modified":"2026-03-30T17:02:39","modified_gmt":"2026-03-30T15:02:39","slug":"percha-capri-oro-cepillado-2","status":"publish","type":"product","link":"https:\/\/mapau.es\/fr\/producto\/percha-capri-oro-cepillado-2\/","title":{"rendered":"Ceinture CAPRI en or bross\u00e9"},"content":{"rendered":"<p>Bande adh\u00e9sive en acier inoxydable de haute qualit\u00e9, au design moderne et r\u00e9sistant, contribuant \u00e0 la continuit\u00e9 et \u00e0 l&rsquo;\u00e9volution de l&rsquo;espace. Ce syst\u00e8me de double fixation (adh\u00e9sif\/\u00e0 visser) garantit une installation s\u00fbre et polyvalente, s&rsquo;adaptant \u00e0 diff\u00e9rents types d&rsquo;accessoires.<\/p>\n","protected":false},"excerpt":{"rendered":"<p>Bande adh\u00e9sive en acier inoxydable de haute qualit\u00e9, au design moderne et r\u00e9sistant, contribuant \u00e0 la continuit\u00e9 et \u00e0 l&rsquo;\u00e9volution de l&rsquo;espace. Ce syst\u00e8me de double fixation (adh\u00e9sif\/\u00e0 visser) garantit une installation s\u00fbre et polyvalente, s&rsquo;adaptant \u00e0 diff\u00e9rents types d&rsquo;accessoires.<\/p>\n","protected":false},"featured_media":52691,"comment_status":"closed","ping_status":"open","template":"","meta":{"_acf_changed":false},"product_brand":[686],"product_cat":[452],"product_tag":[],"class_list":{"0":"post-52770","1":"product","2":"type-product","3":"status-publish","4":"has-post-thumbnail","6":"product_brand-accesorios","7":"product_cat-accesorios","8":"pa_colores-or-brosse","9":"pa_medidas-565","11":"first","12":"instock","13":"purchasable","14":"product-type-simple"},"acf":[],"_links":{"self":[{"href":"https:\/\/mapau.es\/fr\/wp-json\/wp\/v2\/product\/52770","targetHints":{"allow":["GET"]}}],"collection":[{"href":"https:\/\/mapau.es\/fr\/wp-json\/wp\/v2\/product"}],"about":[{"href":"https:\/\/mapau.es\/fr\/wp-json\/wp\/v2\/types\/product"}],"replies":[{"embeddable":true,"href":"https:\/\/mapau.es\/fr\/wp-json\/wp\/v2\/comments?post=52770"}],"wp:featuredmedia":[{"embeddable":true,"href":"https:\/\/mapau.es\/fr\/wp-json\/wp\/v2\/media\/52691"}],"wp:attachment":[{"href":"https:\/\/mapau.es\/fr\/wp-json\/wp\/v2\/media?parent=52770"}],"wp:term":[{"taxonomy":"product_brand","embeddable":true,"href":"https:\/\/mapau.es\/fr\/wp-json\/wp\/v2\/product_brand?post=52770"},{"taxonomy":"product_cat","embeddable":true,"href":"https:\/\/mapau.es\/fr\/wp-json\/wp\/v2\/product_cat?post=52770"},{"taxonomy":"product_tag","embeddable":true,"href":"https:\/\/mapau.es\/fr\/wp-json\/wp\/v2\/product_tag?post=52770"}],"curies":[{"name":"wp","href":"https:\/\/api.w.org\/{rel}","templated":true}]}}