{"id":52772,"date":"2025-09-10T07:31:33","date_gmt":"2025-09-10T05:31:33","guid":{"rendered":"https:\/\/mapau.es\/producto\/percha-capri-cromo-2\/"},"modified":"2026-03-30T17:02:40","modified_gmt":"2026-03-30T15:02:40","slug":"percha-capri-cromo-2","status":"publish","type":"product","link":"https:\/\/mapau.es\/fr\/producto\/percha-capri-cromo-2\/","title":{"rendered":"Ceinture chrom\u00e9e Capri"},"content":{"rendered":"<p>Courroie en acier inoxydable de haute qualit\u00e9, au design moderne et r\u00e9sistant, alliant durabilit\u00e9 et \u00e9l\u00e9gance. Dot\u00e9e d&rsquo;un syst\u00e8me de double fixation (adh\u00e9sif\/\u00e0 visser), elle garantit une installation s\u00fbre et polyvalente, et s&rsquo;adapte \u00e0 tous les styles.<\/p>\n","protected":false},"excerpt":{"rendered":"<p>Courroie en acier inoxydable de haute qualit\u00e9, au design moderne et r\u00e9sistant, alliant durabilit\u00e9 et \u00e9l\u00e9gance. Dot\u00e9e d&rsquo;un syst\u00e8me de double fixation (adh\u00e9sif\/\u00e0 visser), elle garantit une installation s\u00fbre et polyvalente, et s&rsquo;adapte \u00e0 tous les styles.<\/p>\n","protected":false},"featured_media":52681,"comment_status":"closed","ping_status":"open","template":"","meta":{"_acf_changed":false},"product_brand":[686],"product_cat":[452],"product_tag":[],"class_list":{"0":"post-52772","1":"product","2":"type-product","3":"status-publish","4":"has-post-thumbnail","6":"product_brand-accesorios","7":"product_cat-accesorios","8":"pa_colores-chrome","9":"pa_medidas-565","11":"first","12":"instock","13":"purchasable","14":"product-type-simple"},"acf":[],"_links":{"self":[{"href":"https:\/\/mapau.es\/fr\/wp-json\/wp\/v2\/product\/52772","targetHints":{"allow":["GET"]}}],"collection":[{"href":"https:\/\/mapau.es\/fr\/wp-json\/wp\/v2\/product"}],"about":[{"href":"https:\/\/mapau.es\/fr\/wp-json\/wp\/v2\/types\/product"}],"replies":[{"embeddable":true,"href":"https:\/\/mapau.es\/fr\/wp-json\/wp\/v2\/comments?post=52772"}],"wp:featuredmedia":[{"embeddable":true,"href":"https:\/\/mapau.es\/fr\/wp-json\/wp\/v2\/media\/52681"}],"wp:attachment":[{"href":"https:\/\/mapau.es\/fr\/wp-json\/wp\/v2\/media?parent=52772"}],"wp:term":[{"taxonomy":"product_brand","embeddable":true,"href":"https:\/\/mapau.es\/fr\/wp-json\/wp\/v2\/product_brand?post=52772"},{"taxonomy":"product_cat","embeddable":true,"href":"https:\/\/mapau.es\/fr\/wp-json\/wp\/v2\/product_cat?post=52772"},{"taxonomy":"product_tag","embeddable":true,"href":"https:\/\/mapau.es\/fr\/wp-json\/wp\/v2\/product_tag?post=52772"}],"curies":[{"name":"wp","href":"https:\/\/api.w.org\/{rel}","templated":true}]}}