{"id":52774,"date":"2025-09-10T07:31:33","date_gmt":"2025-09-10T05:31:33","guid":{"rendered":"https:\/\/mapau.es\/producto\/toallero-capri-multiple-negro-mate-2\/"},"modified":"2026-03-30T17:02:41","modified_gmt":"2026-03-30T15:02:41","slug":"toallero-capri-multiple-negro-mate-2","status":"publish","type":"product","link":"https:\/\/mapau.es\/fr\/producto\/toallero-capri-multiple-negro-mate-2\/","title":{"rendered":"PORTE-SERVIETTE MULTIPLE CAPRI NOIR MAT"},"content":{"rendered":"<p>Ce porte-serviettes multiples, dot\u00e9 d&rsquo;une finition noire mat de haute qualit\u00e9, allie fonctionnalit\u00e9 et esth\u00e9tique dans toutes les salles de bains. Ils sont \u00e9quip\u00e9s d&rsquo;un syst\u00e8me de fixation double et polyvalent (adh\u00e9sif ou visible) garantissant une position s\u00fbre et adaptable pour toutes les bases.<\/p>\n","protected":false},"excerpt":{"rendered":"<p>Ce porte-serviettes multiples, dot\u00e9 d&rsquo;une finition noire mat de haute qualit\u00e9, allie fonctionnalit\u00e9 et esth\u00e9tique dans toutes les salles de bains. Ils sont \u00e9quip\u00e9s d&rsquo;un syst\u00e8me de fixation double et polyvalent (adh\u00e9sif ou visible) garantissant une position s\u00fbre et adaptable pour toutes les bases.<\/p>\n","protected":false},"featured_media":45350,"comment_status":"closed","ping_status":"open","template":"","meta":{"_acf_changed":false},"product_brand":[686],"product_cat":[452],"product_tag":[],"class_list":{"0":"post-52774","1":"product","2":"type-product","3":"status-publish","4":"has-post-thumbnail","6":"product_brand-accesorios","7":"product_cat-accesorios","8":"pa_colores-noir-mat","9":"pa_medidas-492","11":"first","12":"instock","13":"purchasable","14":"product-type-simple"},"acf":[],"_links":{"self":[{"href":"https:\/\/mapau.es\/fr\/wp-json\/wp\/v2\/product\/52774","targetHints":{"allow":["GET"]}}],"collection":[{"href":"https:\/\/mapau.es\/fr\/wp-json\/wp\/v2\/product"}],"about":[{"href":"https:\/\/mapau.es\/fr\/wp-json\/wp\/v2\/types\/product"}],"replies":[{"embeddable":true,"href":"https:\/\/mapau.es\/fr\/wp-json\/wp\/v2\/comments?post=52774"}],"wp:featuredmedia":[{"embeddable":true,"href":"https:\/\/mapau.es\/fr\/wp-json\/wp\/v2\/media\/45350"}],"wp:attachment":[{"href":"https:\/\/mapau.es\/fr\/wp-json\/wp\/v2\/media?parent=52774"}],"wp:term":[{"taxonomy":"product_brand","embeddable":true,"href":"https:\/\/mapau.es\/fr\/wp-json\/wp\/v2\/product_brand?post=52774"},{"taxonomy":"product_cat","embeddable":true,"href":"https:\/\/mapau.es\/fr\/wp-json\/wp\/v2\/product_cat?post=52774"},{"taxonomy":"product_tag","embeddable":true,"href":"https:\/\/mapau.es\/fr\/wp-json\/wp\/v2\/product_tag?post=52774"}],"curies":[{"name":"wp","href":"https:\/\/api.w.org\/{rel}","templated":true}]}}