{"id":52775,"date":"2025-09-10T07:31:25","date_gmt":"2025-09-10T05:31:25","guid":{"rendered":"https:\/\/mapau.es\/producto\/toallero-capri-multiple-cromo-2\/"},"modified":"2026-03-30T17:02:41","modified_gmt":"2026-03-30T15:02:41","slug":"toallero-capri-multiple-cromo-2","status":"publish","type":"product","link":"https:\/\/mapau.es\/fr\/producto\/toallero-capri-multiple-cromo-2\/","title":{"rendered":"PORTE-SERVIETTE MULTIPLE CAPRI CHROM\u00c9"},"content":{"rendered":"<p>Ces robinetteries, disponibles en plusieurs prix et dot\u00e9es d&rsquo;une finition chrom\u00e9e haut de gamme, allient fonctionnalit\u00e9 et esth\u00e9tique dans toutes les salles de bains. Le syst\u00e8me de fixation double et polyvalent (adh\u00e9sif ou apparent) garantit une position s\u00fbre et s&rsquo;adapte \u00e0 toutes les surfaces.<\/p>\n","protected":false},"excerpt":{"rendered":"<p>Ces robinetteries, disponibles en plusieurs prix et dot\u00e9es d&rsquo;une finition chrom\u00e9e haut de gamme, allient fonctionnalit\u00e9 et esth\u00e9tique dans toutes les salles de bains. Le syst\u00e8me de fixation double et polyvalent (adh\u00e9sif ou apparent) garantit une position s\u00fbre et s&rsquo;adapte \u00e0 toutes les surfaces.<\/p>\n","protected":false},"featured_media":52666,"comment_status":"closed","ping_status":"open","template":"","meta":{"_acf_changed":false},"product_brand":[686],"product_cat":[452],"product_tag":[],"class_list":{"0":"post-52775","1":"product","2":"type-product","3":"status-publish","4":"has-post-thumbnail","6":"product_brand-accesorios","7":"product_cat-accesorios","8":"pa_colores-chrome","9":"pa_medidas-492","11":"first","12":"instock","13":"purchasable","14":"product-type-simple"},"acf":[],"_links":{"self":[{"href":"https:\/\/mapau.es\/fr\/wp-json\/wp\/v2\/product\/52775","targetHints":{"allow":["GET"]}}],"collection":[{"href":"https:\/\/mapau.es\/fr\/wp-json\/wp\/v2\/product"}],"about":[{"href":"https:\/\/mapau.es\/fr\/wp-json\/wp\/v2\/types\/product"}],"replies":[{"embeddable":true,"href":"https:\/\/mapau.es\/fr\/wp-json\/wp\/v2\/comments?post=52775"}],"wp:featuredmedia":[{"embeddable":true,"href":"https:\/\/mapau.es\/fr\/wp-json\/wp\/v2\/media\/52666"}],"wp:attachment":[{"href":"https:\/\/mapau.es\/fr\/wp-json\/wp\/v2\/media?parent=52775"}],"wp:term":[{"taxonomy":"product_brand","embeddable":true,"href":"https:\/\/mapau.es\/fr\/wp-json\/wp\/v2\/product_brand?post=52775"},{"taxonomy":"product_cat","embeddable":true,"href":"https:\/\/mapau.es\/fr\/wp-json\/wp\/v2\/product_cat?post=52775"},{"taxonomy":"product_tag","embeddable":true,"href":"https:\/\/mapau.es\/fr\/wp-json\/wp\/v2\/product_tag?post=52775"}],"curies":[{"name":"wp","href":"https:\/\/api.w.org\/{rel}","templated":true}]}}