{"id":52776,"date":"2025-09-10T07:31:25","date_gmt":"2025-09-10T05:31:25","guid":{"rendered":"https:\/\/mapau.es\/producto\/toallero-capri-50-cm-oro-cepillado-2\/"},"modified":"2026-03-30T17:02:41","modified_gmt":"2026-03-30T15:02:41","slug":"toallero-capri-50-cm-oro-cepillado-2","status":"publish","type":"product","link":"https:\/\/mapau.es\/fr\/producto\/toallero-capri-50-cm-oro-cepillado-2\/","title":{"rendered":"Porte-serviettes Capri 50 cm, finition ou bross\u00e9"},"content":{"rendered":"<p>Ces porte-serviettes de 50 cm, \u00e0 la finition dor\u00e9e, sont de grande taille et apportent une touche d&rsquo;\u00e9l\u00e9gance et de robustesse \u00e0 la salle de bain. Dot\u00e9s d&rsquo;un syst\u00e8me de double fixation pratique, ils s&rsquo;installent par collage ou par simple pression, s&rsquo;adaptent \u00e0 tous les angles et garantissent une s\u00e9curit\u00e9 et une stabilit\u00e9 optimales.<\/p>\n","protected":false},"excerpt":{"rendered":"<p>Ces porte-serviettes de 50 cm, \u00e0 la finition dor\u00e9e, sont de grande taille et apportent une touche d&rsquo;\u00e9l\u00e9gance et de robustesse \u00e0 la salle de bain. Dot\u00e9s d&rsquo;un syst\u00e8me de double fixation pratique, ils s&rsquo;installent par collage ou par simple pression, s&rsquo;adaptent \u00e0 tous les angles et garantissent une s\u00e9curit\u00e9 et une stabilit\u00e9 optimales.<\/p>\n","protected":false},"featured_media":52661,"comment_status":"closed","ping_status":"open","template":"","meta":{"_acf_changed":false},"product_brand":[686],"product_cat":[452],"product_tag":[],"class_list":{"0":"post-52776","1":"product","2":"type-product","3":"status-publish","4":"has-post-thumbnail","6":"product_brand-accesorios","7":"product_cat-accesorios","8":"pa_colores-or-brosse","9":"pa_medidas-564","11":"first","12":"instock","13":"purchasable","14":"product-type-simple"},"acf":[],"_links":{"self":[{"href":"https:\/\/mapau.es\/fr\/wp-json\/wp\/v2\/product\/52776","targetHints":{"allow":["GET"]}}],"collection":[{"href":"https:\/\/mapau.es\/fr\/wp-json\/wp\/v2\/product"}],"about":[{"href":"https:\/\/mapau.es\/fr\/wp-json\/wp\/v2\/types\/product"}],"replies":[{"embeddable":true,"href":"https:\/\/mapau.es\/fr\/wp-json\/wp\/v2\/comments?post=52776"}],"wp:featuredmedia":[{"embeddable":true,"href":"https:\/\/mapau.es\/fr\/wp-json\/wp\/v2\/media\/52661"}],"wp:attachment":[{"href":"https:\/\/mapau.es\/fr\/wp-json\/wp\/v2\/media?parent=52776"}],"wp:term":[{"taxonomy":"product_brand","embeddable":true,"href":"https:\/\/mapau.es\/fr\/wp-json\/wp\/v2\/product_brand?post=52776"},{"taxonomy":"product_cat","embeddable":true,"href":"https:\/\/mapau.es\/fr\/wp-json\/wp\/v2\/product_cat?post=52776"},{"taxonomy":"product_tag","embeddable":true,"href":"https:\/\/mapau.es\/fr\/wp-json\/wp\/v2\/product_tag?post=52776"}],"curies":[{"name":"wp","href":"https:\/\/api.w.org\/{rel}","templated":true}]}}