{"id":52779,"date":"2025-09-10T07:31:16","date_gmt":"2025-09-10T05:31:16","guid":{"rendered":"https:\/\/mapau.es\/producto\/toallero-capri-40cm-oro-cepillado-2\/"},"modified":"2026-03-30T17:02:42","modified_gmt":"2026-03-30T15:02:42","slug":"toallero-capri-40cm-oro-cepillado-2","status":"publish","type":"product","link":"https:\/\/mapau.es\/fr\/producto\/toallero-capri-40cm-oro-cepillado-2\/","title":{"rendered":"Porte-serviettes Capri 40 cm, finition ou bross\u00e9"},"content":{"rendered":"<p>Les portes-serviettes Capri, d&rsquo;une longueur de 40 cm et disponibles en finition bross\u00e9e haut de gamme, apportent une touche de sophistication et de durabilit\u00e9 \u00e0 toutes les salles de bains. Dot\u00e9es d&rsquo;un syst\u00e8me de double fixation pratique, elles peuvent \u00eatre install\u00e9es par collage ou en saillie, s&rsquo;adaptent \u00e0 diff\u00e9rents receveurs de douche et garantissent une s\u00e9curit\u00e9 et une stabilit\u00e9 optimales.<\/p>\n","protected":false},"excerpt":{"rendered":"<p>Les portes-serviettes Capri, d&rsquo;une longueur de 40 cm et disponibles en finition bross\u00e9e haut de gamme, apportent une touche de sophistication et de durabilit\u00e9 \u00e0 toutes les salles de bains. Dot\u00e9es d&rsquo;un syst\u00e8me de double fixation pratique, elles peuvent \u00eatre install\u00e9es par collage ou en saillie, s&rsquo;adaptent \u00e0 diff\u00e9rents receveurs de douche et garantissent une &hellip; <a href=\"https:\/\/mapau.es\/fr\/producto\/toallero-capri-40cm-oro-cepillado-2\/\">Continued<\/a><\/p>\n","protected":false},"featured_media":52646,"comment_status":"closed","ping_status":"open","template":"","meta":{"_acf_changed":false},"product_brand":[686],"product_cat":[452],"product_tag":[],"class_list":{"0":"post-52779","1":"product","2":"type-product","3":"status-publish","4":"has-post-thumbnail","6":"product_brand-accesorios","7":"product_cat-accesorios","8":"pa_colores-or-brosse","9":"pa_medidas-488","11":"first","12":"instock","13":"purchasable","14":"product-type-simple"},"acf":[],"_links":{"self":[{"href":"https:\/\/mapau.es\/fr\/wp-json\/wp\/v2\/product\/52779","targetHints":{"allow":["GET"]}}],"collection":[{"href":"https:\/\/mapau.es\/fr\/wp-json\/wp\/v2\/product"}],"about":[{"href":"https:\/\/mapau.es\/fr\/wp-json\/wp\/v2\/types\/product"}],"replies":[{"embeddable":true,"href":"https:\/\/mapau.es\/fr\/wp-json\/wp\/v2\/comments?post=52779"}],"wp:featuredmedia":[{"embeddable":true,"href":"https:\/\/mapau.es\/fr\/wp-json\/wp\/v2\/media\/52646"}],"wp:attachment":[{"href":"https:\/\/mapau.es\/fr\/wp-json\/wp\/v2\/media?parent=52779"}],"wp:term":[{"taxonomy":"product_brand","embeddable":true,"href":"https:\/\/mapau.es\/fr\/wp-json\/wp\/v2\/product_brand?post=52779"},{"taxonomy":"product_cat","embeddable":true,"href":"https:\/\/mapau.es\/fr\/wp-json\/wp\/v2\/product_cat?post=52779"},{"taxonomy":"product_tag","embeddable":true,"href":"https:\/\/mapau.es\/fr\/wp-json\/wp\/v2\/product_tag?post=52779"}],"curies":[{"name":"wp","href":"https:\/\/api.w.org\/{rel}","templated":true}]}}