{"id":52780,"date":"2025-09-10T07:31:16","date_gmt":"2025-09-10T05:31:16","guid":{"rendered":"https:\/\/mapau.es\/producto\/toallero-capri-40-cm-negro-mate-2\/"},"modified":"2026-03-30T17:02:42","modified_gmt":"2026-03-30T15:02:42","slug":"toallero-capri-40-cm-negro-mate-2","status":"publish","type":"product","link":"https:\/\/mapau.es\/fr\/producto\/toallero-capri-40-cm-negro-mate-2\/","title":{"rendered":"PORTE-SERVIETTES CAPRI 40 CM NOIR MAT"},"content":{"rendered":"<p>Les sacs de service Capri, d&rsquo;une longueur de 40 cm, pr\u00e9sentent un design \u00e9l\u00e9gant et une finition noire de haute qualit\u00e9. Ils apportent une touche d&rsquo;\u00e9l\u00e9gance et de robustesse \u00e0 toutes les salles de bains. Equip\u00e9s d&rsquo;un syst\u00e8me de double fixation pratique, ils s&rsquo;installent par collage ou par regard, s&rsquo;adaptent facilement \u00e0 tous les cloisons et assurent une s\u00e9curit\u00e9 et une stabilit\u00e9 optimales.<\/p>\n","protected":false},"excerpt":{"rendered":"<p>Les sacs de service Capri, d&rsquo;une longueur de 40 cm, pr\u00e9sentent un design \u00e9l\u00e9gant et une finition noire de haute qualit\u00e9. Ils apportent une touche d&rsquo;\u00e9l\u00e9gance et de robustesse \u00e0 toutes les salles de bains. Equip\u00e9s d&rsquo;un syst\u00e8me de double fixation pratique, ils s&rsquo;installent par collage ou par regard, s&rsquo;adaptent facilement \u00e0 tous les cloisons &hellip; <a href=\"https:\/\/mapau.es\/fr\/producto\/toallero-capri-40-cm-negro-mate-2\/\">Continued<\/a><\/p>\n","protected":false},"featured_media":52641,"comment_status":"closed","ping_status":"open","template":"","meta":{"_acf_changed":false},"product_brand":[686],"product_cat":[452],"product_tag":[],"class_list":{"0":"post-52780","1":"product","2":"type-product","3":"status-publish","4":"has-post-thumbnail","6":"product_brand-accesorios","7":"product_cat-accesorios","8":"pa_colores-noir-mat","9":"pa_medidas-488","11":"first","12":"instock","13":"purchasable","14":"product-type-simple"},"acf":[],"_links":{"self":[{"href":"https:\/\/mapau.es\/fr\/wp-json\/wp\/v2\/product\/52780","targetHints":{"allow":["GET"]}}],"collection":[{"href":"https:\/\/mapau.es\/fr\/wp-json\/wp\/v2\/product"}],"about":[{"href":"https:\/\/mapau.es\/fr\/wp-json\/wp\/v2\/types\/product"}],"replies":[{"embeddable":true,"href":"https:\/\/mapau.es\/fr\/wp-json\/wp\/v2\/comments?post=52780"}],"wp:featuredmedia":[{"embeddable":true,"href":"https:\/\/mapau.es\/fr\/wp-json\/wp\/v2\/media\/52641"}],"wp:attachment":[{"href":"https:\/\/mapau.es\/fr\/wp-json\/wp\/v2\/media?parent=52780"}],"wp:term":[{"taxonomy":"product_brand","embeddable":true,"href":"https:\/\/mapau.es\/fr\/wp-json\/wp\/v2\/product_brand?post=52780"},{"taxonomy":"product_cat","embeddable":true,"href":"https:\/\/mapau.es\/fr\/wp-json\/wp\/v2\/product_cat?post=52780"},{"taxonomy":"product_tag","embeddable":true,"href":"https:\/\/mapau.es\/fr\/wp-json\/wp\/v2\/product_tag?post=52780"}],"curies":[{"name":"wp","href":"https:\/\/api.w.org\/{rel}","templated":true}]}}