{"id":52781,"date":"2025-09-10T07:31:09","date_gmt":"2025-09-10T05:31:09","guid":{"rendered":"https:\/\/mapau.es\/producto\/toallero-capri-40cm-cromo-2\/"},"modified":"2026-03-30T17:02:43","modified_gmt":"2026-03-30T15:02:43","slug":"toallero-capri-40cm-cromo-2","status":"publish","type":"product","link":"https:\/\/mapau.es\/fr\/producto\/toallero-capri-40cm-cromo-2\/","title":{"rendered":"PORTE-SERVIETTE CAPRI 40CM CHROM\u00c9"},"content":{"rendered":"<p>Les portes-serviettes Capri, d&rsquo;une longueur de 40 cm, en bois et dot\u00e9es d&rsquo;une finition chrom\u00e9e de haute qualit\u00e9, apportent une touche d&rsquo;\u00e9l\u00e9gance et de robustesse \u00e0 toutes les salles de bains. \u00c9quip\u00e9es d&rsquo;un syst\u00e8me de double fixation pratique, elles peuvent \u00eatre install\u00e9es par collage ou par regard, sont compatibles avec toutes les robinetteries et garantissent une s\u00e9curit\u00e9 et une stabilit\u00e9 optimales.<\/p>\n","protected":false},"excerpt":{"rendered":"<p>Les portes-serviettes Capri, d&rsquo;une longueur de 40 cm, en bois et dot\u00e9es d&rsquo;une finition chrom\u00e9e de haute qualit\u00e9, apportent une touche d&rsquo;\u00e9l\u00e9gance et de robustesse \u00e0 toutes les salles de bains. \u00c9quip\u00e9es d&rsquo;un syst\u00e8me de double fixation pratique, elles peuvent \u00eatre install\u00e9es par collage ou par regard, sont compatibles avec toutes les robinetteries et garantissent &hellip; <a href=\"https:\/\/mapau.es\/fr\/producto\/toallero-capri-40cm-cromo-2\/\">Continued<\/a><\/p>\n","protected":false},"featured_media":52636,"comment_status":"closed","ping_status":"open","template":"","meta":{"_acf_changed":false},"product_brand":[686],"product_cat":[452],"product_tag":[],"class_list":{"0":"post-52781","1":"product","2":"type-product","3":"status-publish","4":"has-post-thumbnail","6":"product_brand-accesorios","7":"product_cat-accesorios","8":"pa_colores-chrome","9":"pa_medidas-488","11":"first","12":"instock","13":"purchasable","14":"product-type-simple"},"acf":[],"_links":{"self":[{"href":"https:\/\/mapau.es\/fr\/wp-json\/wp\/v2\/product\/52781","targetHints":{"allow":["GET"]}}],"collection":[{"href":"https:\/\/mapau.es\/fr\/wp-json\/wp\/v2\/product"}],"about":[{"href":"https:\/\/mapau.es\/fr\/wp-json\/wp\/v2\/types\/product"}],"replies":[{"embeddable":true,"href":"https:\/\/mapau.es\/fr\/wp-json\/wp\/v2\/comments?post=52781"}],"wp:featuredmedia":[{"embeddable":true,"href":"https:\/\/mapau.es\/fr\/wp-json\/wp\/v2\/media\/52636"}],"wp:attachment":[{"href":"https:\/\/mapau.es\/fr\/wp-json\/wp\/v2\/media?parent=52781"}],"wp:term":[{"taxonomy":"product_brand","embeddable":true,"href":"https:\/\/mapau.es\/fr\/wp-json\/wp\/v2\/product_brand?post=52781"},{"taxonomy":"product_cat","embeddable":true,"href":"https:\/\/mapau.es\/fr\/wp-json\/wp\/v2\/product_cat?post=52781"},{"taxonomy":"product_tag","embeddable":true,"href":"https:\/\/mapau.es\/fr\/wp-json\/wp\/v2\/product_tag?post=52781"}],"curies":[{"name":"wp","href":"https:\/\/api.w.org\/{rel}","templated":true}]}}