{"id":52782,"date":"2025-09-10T07:31:09","date_gmt":"2025-09-10T05:31:09","guid":{"rendered":"https:\/\/mapau.es\/producto\/grifo-lavabo-empotrado-tenerife-oro-cepillado-2\/"},"modified":"2026-03-30T17:02:47","modified_gmt":"2026-03-30T15:02:47","slug":"grifo-lavabo-empotrado-tenerife-oro-cepillado-2","status":"publish","type":"product","link":"https:\/\/mapau.es\/fr\/producto\/grifo-lavabo-empotrado-tenerife-oro-cepillado-2\/","title":{"rendered":"\u00c9vier int\u00e9gr\u00e9 TENERIFE, ou bross\u00e9"},"content":{"rendered":"<p>Robinet mitigeur encastr\u00e9. Laiton finition ou bross\u00e9. En deux parties ind\u00e9pendantes. Corps fix\u00e9 directement au mur. Sans bo\u00eete d&rsquo;acc\u00e8s.<\/p>\n","protected":false},"excerpt":{"rendered":"<p>Robinet mitigeur encastr\u00e9. Laiton finition ou bross\u00e9. En deux parties ind\u00e9pendantes. Corps fix\u00e9 directement au mur. Sans bo\u00eete d&rsquo;acc\u00e8s.<\/p>\n","protected":false},"featured_media":52631,"comment_status":"closed","ping_status":"open","template":"","meta":{"_acf_changed":false},"product_brand":[703],"product_cat":[559],"product_tag":[],"class_list":{"0":"post-52782","1":"product","2":"type-product","3":"status-publish","4":"has-post-thumbnail","6":"product_brand-grifos","7":"product_cat-grifos-2","8":"pa_colores-or-brosse","9":"pa_medidas-561","11":"first","12":"instock","13":"purchasable","14":"product-type-simple"},"acf":[],"_links":{"self":[{"href":"https:\/\/mapau.es\/fr\/wp-json\/wp\/v2\/product\/52782","targetHints":{"allow":["GET"]}}],"collection":[{"href":"https:\/\/mapau.es\/fr\/wp-json\/wp\/v2\/product"}],"about":[{"href":"https:\/\/mapau.es\/fr\/wp-json\/wp\/v2\/types\/product"}],"replies":[{"embeddable":true,"href":"https:\/\/mapau.es\/fr\/wp-json\/wp\/v2\/comments?post=52782"}],"wp:featuredmedia":[{"embeddable":true,"href":"https:\/\/mapau.es\/fr\/wp-json\/wp\/v2\/media\/52631"}],"wp:attachment":[{"href":"https:\/\/mapau.es\/fr\/wp-json\/wp\/v2\/media?parent=52782"}],"wp:term":[{"taxonomy":"product_brand","embeddable":true,"href":"https:\/\/mapau.es\/fr\/wp-json\/wp\/v2\/product_brand?post=52782"},{"taxonomy":"product_cat","embeddable":true,"href":"https:\/\/mapau.es\/fr\/wp-json\/wp\/v2\/product_cat?post=52782"},{"taxonomy":"product_tag","embeddable":true,"href":"https:\/\/mapau.es\/fr\/wp-json\/wp\/v2\/product_tag?post=52782"}],"curies":[{"name":"wp","href":"https:\/\/api.w.org\/{rel}","templated":true}]}}