{"id":52783,"date":"2025-09-10T07:31:09","date_gmt":"2025-09-10T05:31:09","guid":{"rendered":"https:\/\/mapau.es\/producto\/monomando-lavabo-alto-tenerife-oro-cepillado-2\/"},"modified":"2026-03-30T17:02:47","modified_gmt":"2026-03-30T15:02:47","slug":"monomando-lavabo-alto-tenerife-oro-cepillado-2","status":"publish","type":"product","link":"https:\/\/mapau.es\/fr\/producto\/monomando-lavabo-alto-tenerife-oro-cepillado-2\/","title":{"rendered":"Mitigeur TENERIFE \u00e0 vasque haute, finition ou bross\u00e9"},"content":{"rendered":"<p>Mitigeur de bassin haut \u00e0 commande unique. Corps en laiton. Finition ou bross\u00e9. Cartouche TOP en c\u00e9ramique \u00d8 26 mm. Souple 3\/8&Prime;.<\/p>\n","protected":false},"excerpt":{"rendered":"<p>Mitigeur de bassin haut \u00e0 commande unique. Corps en laiton. Finition ou bross\u00e9. Cartouche TOP en c\u00e9ramique \u00d8 26 mm. Souple 3\/8&Prime;.<\/p>\n","protected":false},"featured_media":52626,"comment_status":"closed","ping_status":"open","template":"","meta":{"_acf_changed":false},"product_brand":[703],"product_cat":[559],"product_tag":[],"class_list":{"0":"post-52783","1":"product","2":"type-product","3":"status-publish","4":"has-post-thumbnail","6":"product_brand-grifos","7":"product_cat-grifos-2","8":"pa_colores-or-brosse","9":"pa_medidas-3-6","11":"first","12":"instock","13":"purchasable","14":"product-type-simple"},"acf":[],"_links":{"self":[{"href":"https:\/\/mapau.es\/fr\/wp-json\/wp\/v2\/product\/52783","targetHints":{"allow":["GET"]}}],"collection":[{"href":"https:\/\/mapau.es\/fr\/wp-json\/wp\/v2\/product"}],"about":[{"href":"https:\/\/mapau.es\/fr\/wp-json\/wp\/v2\/types\/product"}],"replies":[{"embeddable":true,"href":"https:\/\/mapau.es\/fr\/wp-json\/wp\/v2\/comments?post=52783"}],"wp:featuredmedia":[{"embeddable":true,"href":"https:\/\/mapau.es\/fr\/wp-json\/wp\/v2\/media\/52626"}],"wp:attachment":[{"href":"https:\/\/mapau.es\/fr\/wp-json\/wp\/v2\/media?parent=52783"}],"wp:term":[{"taxonomy":"product_brand","embeddable":true,"href":"https:\/\/mapau.es\/fr\/wp-json\/wp\/v2\/product_brand?post=52783"},{"taxonomy":"product_cat","embeddable":true,"href":"https:\/\/mapau.es\/fr\/wp-json\/wp\/v2\/product_cat?post=52783"},{"taxonomy":"product_tag","embeddable":true,"href":"https:\/\/mapau.es\/fr\/wp-json\/wp\/v2\/product_tag?post=52783"}],"curies":[{"name":"wp","href":"https:\/\/api.w.org\/{rel}","templated":true}]}}