{"id":52785,"date":"2025-09-10T07:31:00","date_gmt":"2025-09-10T05:31:00","guid":{"rendered":"https:\/\/mapau.es\/producto\/conjunto-ducha-monomando-tenerife-oro-cepillado-2\/"},"modified":"2026-03-30T17:02:48","modified_gmt":"2026-03-30T15:02:48","slug":"conjunto-ducha-monomando-tenerife-oro-cepillado-2","status":"publish","type":"product","link":"https:\/\/mapau.es\/fr\/producto\/conjunto-ducha-monomando-tenerife-oro-cepillado-2\/","title":{"rendered":"ENSEMBLE DE DOUCHE MONO-LEVIER TENERIFE OU BROSS\u00c9"},"content":{"rendered":"<p>Barre de douche ronde extensible en acier inoxydable S.304. Finition ou bross\u00e9. Pompon de douche en acier inoxydable S.304, \u00d8 20 cm, extra plaqu\u00e9 et anticalcaire. Support pommeau de douche r\u00e9glable en hauteur. Pommeau de douche rond \u00e0 jet unique. Mitigeur monocommande en laiton avec inverseur int\u00e9gr\u00e9. D\u00e9bit moyen : 12 l\/min. 1,5 m de PVC souple. Cartouche c\u00e9ramique monocommande \u00d8 35 mm.<\/p>\n","protected":false},"excerpt":{"rendered":"<p>Barre de douche ronde extensible en acier inoxydable S.304. Finition ou bross\u00e9. Pompon de douche en acier inoxydable S.304, \u00d8 20 cm, extra plaqu\u00e9 et anticalcaire. Support pommeau de douche r\u00e9glable en hauteur. Pommeau de douche rond \u00e0 jet unique. Mitigeur monocommande en laiton avec inverseur int\u00e9gr\u00e9. D\u00e9bit moyen : 12 l\/min. 1,5 m de &hellip; <a href=\"https:\/\/mapau.es\/fr\/producto\/conjunto-ducha-monomando-tenerife-oro-cepillado-2\/\">Continued<\/a><\/p>\n","protected":false},"featured_media":52614,"comment_status":"closed","ping_status":"open","template":"","meta":{"_acf_changed":false},"product_brand":[703],"product_cat":[559],"product_tag":[],"class_list":{"0":"post-52785","1":"product","2":"type-product","3":"status-publish","4":"has-post-thumbnail","6":"product_brand-grifos","7":"product_cat-grifos-2","8":"pa_colores-or-brosse","9":"pa_medidas-572","11":"first","12":"instock","13":"purchasable","14":"product-type-simple"},"acf":[],"_links":{"self":[{"href":"https:\/\/mapau.es\/fr\/wp-json\/wp\/v2\/product\/52785","targetHints":{"allow":["GET"]}}],"collection":[{"href":"https:\/\/mapau.es\/fr\/wp-json\/wp\/v2\/product"}],"about":[{"href":"https:\/\/mapau.es\/fr\/wp-json\/wp\/v2\/types\/product"}],"replies":[{"embeddable":true,"href":"https:\/\/mapau.es\/fr\/wp-json\/wp\/v2\/comments?post=52785"}],"wp:featuredmedia":[{"embeddable":true,"href":"https:\/\/mapau.es\/fr\/wp-json\/wp\/v2\/media\/52614"}],"wp:attachment":[{"href":"https:\/\/mapau.es\/fr\/wp-json\/wp\/v2\/media?parent=52785"}],"wp:term":[{"taxonomy":"product_brand","embeddable":true,"href":"https:\/\/mapau.es\/fr\/wp-json\/wp\/v2\/product_brand?post=52785"},{"taxonomy":"product_cat","embeddable":true,"href":"https:\/\/mapau.es\/fr\/wp-json\/wp\/v2\/product_cat?post=52785"},{"taxonomy":"product_tag","embeddable":true,"href":"https:\/\/mapau.es\/fr\/wp-json\/wp\/v2\/product_tag?post=52785"}],"curies":[{"name":"wp","href":"https:\/\/api.w.org\/{rel}","templated":true}]}}