{"id":52789,"date":"2025-09-10T07:30:52","date_gmt":"2025-09-10T05:30:52","guid":{"rendered":"https:\/\/mapau.es\/producto\/conjunto-ducha-monomando-tenerife-negro-mate-2\/"},"modified":"2026-03-30T17:02:49","modified_gmt":"2026-03-30T15:02:49","slug":"conjunto-ducha-monomando-tenerife-negro-mate-2","status":"publish","type":"product","link":"https:\/\/mapau.es\/fr\/producto\/conjunto-ducha-monomando-tenerife-negro-mate-2\/","title":{"rendered":"Ensemble de douche TENERIFE \u00e0 levier unique noir mat"},"content":{"rendered":"<p>Barre de douche ronde extensible en acier inoxydable S.304. Finition noir mat. Pommeau de douche extra-plat en inox S.304 anticalcaire, \u00d8 20 cm. Support pommeau de douche r\u00e9glable en hauteur. Pommeau de douche rond dans une position. Mitigeur monocommande en laiton avec inverseur int\u00e9gr\u00e9. D\u00e9bit moyen : 12 l\/min. 1,5 m de PVC souple. Cartouche c\u00e9ramique monocommande \u00d8 35 mm.<\/p>\n","protected":false},"excerpt":{"rendered":"<p>Barre de douche ronde extensible en acier inoxydable S.304. Finition noir mat. Pommeau de douche extra-plat en inox S.304 anticalcaire, \u00d8 20 cm. Support pommeau de douche r\u00e9glable en hauteur. Pommeau de douche rond dans une position. Mitigeur monocommande en laiton avec inverseur int\u00e9gr\u00e9. D\u00e9bit moyen : 12 l\/min. 1,5 m de PVC souple. Cartouche &hellip; <a href=\"https:\/\/mapau.es\/fr\/producto\/conjunto-ducha-monomando-tenerife-negro-mate-2\/\">Continued<\/a><\/p>\n","protected":false},"featured_media":52592,"comment_status":"closed","ping_status":"open","template":"","meta":{"_acf_changed":false},"product_brand":[703],"product_cat":[559],"product_tag":[],"class_list":{"0":"post-52789","1":"product","2":"type-product","3":"status-publish","4":"has-post-thumbnail","6":"product_brand-grifos","7":"product_cat-grifos-2","8":"pa_colores-noir-mat","9":"pa_medidas-572","11":"first","12":"instock","13":"purchasable","14":"product-type-simple"},"acf":[],"_links":{"self":[{"href":"https:\/\/mapau.es\/fr\/wp-json\/wp\/v2\/product\/52789","targetHints":{"allow":["GET"]}}],"collection":[{"href":"https:\/\/mapau.es\/fr\/wp-json\/wp\/v2\/product"}],"about":[{"href":"https:\/\/mapau.es\/fr\/wp-json\/wp\/v2\/types\/product"}],"replies":[{"embeddable":true,"href":"https:\/\/mapau.es\/fr\/wp-json\/wp\/v2\/comments?post=52789"}],"wp:featuredmedia":[{"embeddable":true,"href":"https:\/\/mapau.es\/fr\/wp-json\/wp\/v2\/media\/52592"}],"wp:attachment":[{"href":"https:\/\/mapau.es\/fr\/wp-json\/wp\/v2\/media?parent=52789"}],"wp:term":[{"taxonomy":"product_brand","embeddable":true,"href":"https:\/\/mapau.es\/fr\/wp-json\/wp\/v2\/product_brand?post=52789"},{"taxonomy":"product_cat","embeddable":true,"href":"https:\/\/mapau.es\/fr\/wp-json\/wp\/v2\/product_cat?post=52789"},{"taxonomy":"product_tag","embeddable":true,"href":"https:\/\/mapau.es\/fr\/wp-json\/wp\/v2\/product_tag?post=52789"}],"curies":[{"name":"wp","href":"https:\/\/api.w.org\/{rel}","templated":true}]}}