{"id":52794,"date":"2025-09-10T07:29:45","date_gmt":"2025-09-10T05:29:45","guid":{"rendered":"https:\/\/mapau.es\/producto\/pack-debussy-lavabo-sapienston-espejo-circular-2\/"},"modified":"2026-03-30T17:08:06","modified_gmt":"2026-03-30T15:08:06","slug":"pack-debussy-lavabo-sapienston-espejo-circular-2","status":"publish","type":"product","link":"https:\/\/mapau.es\/fr\/producto\/pack-debussy-lavabo-sapienston-espejo-circular-2\/","title":{"rendered":"Pack DEBUSSY + \u00e9vier Sapienston + miroir rond"},"content":{"rendered":"<p>Ensemble de salle de bains comprenant un meuble-lavabo, une vasque en porcelaine Sapienstone et un miroir rond. Le meuble-lavabo est dot\u00e9 d&rsquo;un tiroir.  Fabriqu\u00e9 \u00e0 partir de panneaux de particules de 19 mm avec rev\u00eatement en m\u00e9lamine et caract\u00e9ristiques de surface optimales, \u00e9cologique et recyclable. Carrelage en porcelaine \u00e9voquant l&rsquo;\u00e9l\u00e9gance et le dynamisme des vagues. Son fond gris argent\u00e9 distinctif pr\u00e9sente un veinage subtil aux nuances claires et fonc\u00e9es, cr\u00e9ant un effet visuel rappelant le mouvement de l&rsquo;eau. Gr\u00e2ce \u00e0 la technologie 4D Ceramics, la v\u00e9ritable beaut\u00e9 de cette pi\u00e8ce r\u00e9side dans le veinage qui se d\u00e9ploie sur toute son \u00e9paisseur.   Cintres avec syst\u00e8me antichute. Tiroir minimaliste en m\u00e9tal \u00e0 double paroi avec fines nervures et lignes droites, m\u00e9canisme de fermeture en douceur, capacit\u00e9 de charge de 25 kg, accessibilit\u00e9 totale et espace arri\u00e8re disponible. Comprend un miroir de forme circulaire. Les meubles sont livr\u00e9s assembl\u00e9s, pr\u00eats \u00e0 \u00eatre accroch\u00e9s au mur. Un kit de montage du meuble est inclus. Robinet et siphon non inclus. Fabriqu\u00e9 en Espagne.<\/p>\n","protected":false},"excerpt":{"rendered":"<p>Ensemble de salle de bains comprenant un meuble-lavabo, une vasque en porcelaine Sapienstone et un miroir rond. Le meuble-lavabo est dot\u00e9 d&rsquo;un tiroir. Fabriqu\u00e9 \u00e0 partir de panneaux de particules de 19 mm avec rev\u00eatement en m\u00e9lamine et caract\u00e9ristiques de surface optimales, \u00e9cologique et recyclable. Carrelage en porcelaine \u00e9voquant l&rsquo;\u00e9l\u00e9gance et le dynamisme des vagues. &hellip; <a href=\"https:\/\/mapau.es\/fr\/producto\/pack-debussy-lavabo-sapienston-espejo-circular-2\/\">Continued<\/a><\/p>\n","protected":false},"featured_media":57967,"comment_status":"closed","ping_status":"closed","template":"","meta":{"_acf_changed":false},"product_brand":[],"product_cat":[665],"product_tag":[],"class_list":{"0":"post-52794","1":"product","2":"type-product","3":"status-publish","4":"has-post-thumbnail","6":"product_cat-meubles-de-salle-de-bain-2","7":"pa_colores-alcatraz-vague-dargent","8":"pa_colores-blanc-mat-calacatta-macchia-vecchia","9":"pa_colores-noyer-vague-dargent","10":"pa_colores-bardolino-calacatta-macchia-vecchia","11":"pa_medidas-481","12":"pa_medidas-489","13":"pa_medidas-485","15":"first","16":"instock","17":"purchasable","18":"product-type-variable"},"acf":[],"_links":{"self":[{"href":"https:\/\/mapau.es\/fr\/wp-json\/wp\/v2\/product\/52794","targetHints":{"allow":["GET"]}}],"collection":[{"href":"https:\/\/mapau.es\/fr\/wp-json\/wp\/v2\/product"}],"about":[{"href":"https:\/\/mapau.es\/fr\/wp-json\/wp\/v2\/types\/product"}],"replies":[{"embeddable":true,"href":"https:\/\/mapau.es\/fr\/wp-json\/wp\/v2\/comments?post=52794"}],"wp:featuredmedia":[{"embeddable":true,"href":"https:\/\/mapau.es\/fr\/wp-json\/wp\/v2\/media\/57967"}],"wp:attachment":[{"href":"https:\/\/mapau.es\/fr\/wp-json\/wp\/v2\/media?parent=52794"}],"wp:term":[{"taxonomy":"product_brand","embeddable":true,"href":"https:\/\/mapau.es\/fr\/wp-json\/wp\/v2\/product_brand?post=52794"},{"taxonomy":"product_cat","embeddable":true,"href":"https:\/\/mapau.es\/fr\/wp-json\/wp\/v2\/product_cat?post=52794"},{"taxonomy":"product_tag","embeddable":true,"href":"https:\/\/mapau.es\/fr\/wp-json\/wp\/v2\/product_tag?post=52794"}],"curies":[{"name":"wp","href":"https:\/\/api.w.org\/{rel}","templated":true}]}}