{"id":52798,"date":"2025-09-10T07:26:32","date_gmt":"2025-09-10T05:26:32","guid":{"rendered":"https:\/\/mapau.es\/producto\/pack-aleghe-couleurs-lavabo-espejo-capsula-2\/"},"modified":"2026-03-30T17:08:29","modified_gmt":"2026-03-30T15:08:29","slug":"pack-aleghe-couleurs-lavabo-espejo-capsula-2","status":"publish","type":"product","link":"https:\/\/mapau.es\/fr\/producto\/pack-aleghe-couleurs-lavabo-espejo-capsula-2\/","title":{"rendered":"Pack ALEGHE COULEURS + lavabo + capsule miroir"},"content":{"rendered":"<p>Ensemble de salle de bain de la collection ALEGHE COULEURS, appartenant \u00e0 notre gamme pr\u00eat-\u00e0-porter. Son design moderne et \u00e9l\u00e9gant s&rsquo;adapte \u00e0 tous les styles de salles de bains, offrant une grande capacit\u00e9 de rangement. L&rsquo;ensemble comprend un meuble \u00e0 deux tiroirs, un lavabo \u00e0 poser en c\u00e9ramique et un miroir de style capsule.<br \/>Le meuble est fabriqu\u00e9 en panneaux de particules de 16 mm avec un rev\u00eatement en m\u00e9lamine, un mat\u00e9riau \u00e9cologique, recyclable et tr\u00e8s r\u00e9sistant. Les tiroirs m\u00e9talliques, \u00e0 double paroi et \u00e0 l&rsquo;esth\u00e9tique minimaliste, sont dot\u00e9s de m\u00e9canismes de fermeture en douceur, d&rsquo;un acc\u00e8s complet, d&rsquo;une capacit\u00e9 de charge allant jusqu&rsquo;\u00e0 25 kg et d&rsquo;un espace de rangement arri\u00e8re disponible. Le tiroir sup\u00e9rieur est dot\u00e9 d&rsquo;une d\u00e9coupe pour l&rsquo;\u00e9vacuation, ce qui simplifie l&rsquo;installation.<br \/>Le plan de travail est livr\u00e9 d\u00e9mont\u00e9, avec des supports m\u00e9talliques pour le montage. Il est durable et facile \u00e0 nettoyer. Kit d&rsquo;installation inclus. Robinet et siphon non inclus. Fabriqu\u00e9 en Espagne. La commande est exp\u00e9di\u00e9e dans un seul colis contenant tous les composants.<\/p>\n","protected":false},"excerpt":{"rendered":"<p>Ensemble de salle de bain de la collection ALEGHE COULEURS, appartenant \u00e0 notre gamme pr\u00eat-\u00e0-porter. Son design moderne et \u00e9l\u00e9gant s&rsquo;adapte \u00e0 tous les styles de salles de bains, offrant une grande capacit\u00e9 de rangement. L&rsquo;ensemble comprend un meuble \u00e0 deux tiroirs, un lavabo \u00e0 poser en c\u00e9ramique et un miroir de style capsule.Le meuble &hellip; <a href=\"https:\/\/mapau.es\/fr\/producto\/pack-aleghe-couleurs-lavabo-espejo-capsula-2\/\">Continued<\/a><\/p>\n","protected":false},"featured_media":57525,"comment_status":"closed","ping_status":"open","template":"","meta":{"_acf_changed":false},"product_brand":[754],"product_cat":[665],"product_tag":[],"class_list":{"0":"post-52798","1":"product","2":"type-product","3":"status-publish","4":"has-post-thumbnail","6":"product_brand-aleghe","7":"product_cat-meubles-de-salle-de-bain-2","8":"pa_colores-noir","9":"pa_colores-olive","10":"pa_colores-perle","11":"pa_colores-azulon","12":"pa_medidas-481","13":"pa_medidas-492","14":"pa_medidas-60-00","15":"pa_medidas-485","17":"first","18":"instock","19":"purchasable","20":"product-type-variable"},"acf":[],"_links":{"self":[{"href":"https:\/\/mapau.es\/fr\/wp-json\/wp\/v2\/product\/52798","targetHints":{"allow":["GET"]}}],"collection":[{"href":"https:\/\/mapau.es\/fr\/wp-json\/wp\/v2\/product"}],"about":[{"href":"https:\/\/mapau.es\/fr\/wp-json\/wp\/v2\/types\/product"}],"replies":[{"embeddable":true,"href":"https:\/\/mapau.es\/fr\/wp-json\/wp\/v2\/comments?post=52798"}],"wp:featuredmedia":[{"embeddable":true,"href":"https:\/\/mapau.es\/fr\/wp-json\/wp\/v2\/media\/57525"}],"wp:attachment":[{"href":"https:\/\/mapau.es\/fr\/wp-json\/wp\/v2\/media?parent=52798"}],"wp:term":[{"taxonomy":"product_brand","embeddable":true,"href":"https:\/\/mapau.es\/fr\/wp-json\/wp\/v2\/product_brand?post=52798"},{"taxonomy":"product_cat","embeddable":true,"href":"https:\/\/mapau.es\/fr\/wp-json\/wp\/v2\/product_cat?post=52798"},{"taxonomy":"product_tag","embeddable":true,"href":"https:\/\/mapau.es\/fr\/wp-json\/wp\/v2\/product_tag?post=52798"}],"curies":[{"name":"wp","href":"https:\/\/api.w.org\/{rel}","templated":true}]}}