{"id":52799,"date":"2025-03-07T11:20:26","date_gmt":"2025-03-07T10:20:26","guid":{"rendered":"https:\/\/mapau.es\/producto\/pack-aleghe-lavabo-espejo-liso-2\/"},"modified":"2026-03-30T17:08:42","modified_gmt":"2026-03-30T15:08:42","slug":"pack-aleghe-lavabo-espejo-liso-2","status":"publish","type":"product","link":"https:\/\/mapau.es\/fr\/producto\/pack-aleghe-lavabo-espejo-liso-2\/","title":{"rendered":"Pack ALEGHE + vasque + simple miroir"},"content":{"rendered":"<p>Ensemble de salle de bains de la collection ALEGHE, appartenant \u00e0 notre gamme de pr\u00eat-\u00e0-porter. Avec son design moderne et \u00e9l\u00e9gant qui s&rsquo;harmonise parfaitement avec tous les styles de salle de bain, ce meuble-lavabo offre un espace de rangement g\u00e9n\u00e9reux.<br \/>L&rsquo;ensemble comprend un meuble-lavabo, un lavabo et un miroir simple.<br \/>Le meuble-lavabo est dot\u00e9 de trois tiroirs offrant un espace de rangement important. S&rsquo;ouvre gr\u00e2ce \u00e0 une poign\u00e9e profil\u00e9e en m\u00e9tal.<br \/>Fabriqu\u00e9 en panneaux de particules de 16 mm avec rev\u00eatement m\u00e9lamin\u00e9 et finitions de surface optimales ; \u00e9cologique et recyclable.<br \/>Tiroir m\u00e9tallique \u00e0 double paroi au design minimaliste, caract\u00e9ris\u00e9 par de fines nervures et des lignes droites, supportant une charge de 25 kg, offrant une accessibilit\u00e9 totale et un grand espace de rangement \u00e0 l&rsquo;arri\u00e8re. M\u00e9canisme de fermeture amortie pour prolonger la dur\u00e9e de vie du meuble et \u00e9viter les claquements et les bruits.<br \/>Tiroir sup\u00e9rieur avec emplacement pour le siphon, facilitant l&rsquo;installation de la bonde d&rsquo;\u00e9vier.<br \/>\u00c9vier \u00e0 poser en c\u00e9ramique. Durable et facile \u00e0 nettoyer.<br \/>Miroir LED inclus.<br \/>Pieds chrom\u00e9s inclus.<br \/>Installation facile : livr\u00e9 assembl\u00e9 et pr\u00eat \u00e0 \u00eatre fix\u00e9 au mur. Kit de montage inclus.<br \/>Robinet et bonde non inclus.<br \/>Fabriqu\u00e9 en Espagne.<\/p>\n","protected":false},"excerpt":{"rendered":"<p>Ensemble de salle de bains de la collection ALEGHE, appartenant \u00e0 notre gamme de pr\u00eat-\u00e0-porter. Avec son design moderne et \u00e9l\u00e9gant qui s&rsquo;harmonise parfaitement avec tous les styles de salle de bain, ce meuble-lavabo offre un espace de rangement g\u00e9n\u00e9reux.L&rsquo;ensemble comprend un meuble-lavabo, un lavabo et un miroir simple.Le meuble-lavabo est dot\u00e9 de trois tiroirs &hellip; <a href=\"https:\/\/mapau.es\/fr\/producto\/pack-aleghe-lavabo-espejo-liso-2\/\">Continued<\/a><\/p>\n","protected":false},"featured_media":57524,"comment_status":"closed","ping_status":"open","template":"","meta":{"_acf_changed":false},"product_brand":[754],"product_cat":[664,665],"product_tag":[],"class_list":{"0":"post-52799","1":"product","2":"type-product","3":"status-publish","4":"has-post-thumbnail","6":"product_brand-aleghe","7":"product_cat-meubles-de-salle-de-bain","8":"product_cat-meubles-de-salle-de-bain-2","9":"pa_colores-bambou","10":"pa_colores-blanc-brillant","11":"pa_colores-ciment","12":"pa_medidas-480","13":"pa_medidas-481","14":"pa_medidas-492","15":"pa_medidas-485","17":"first","18":"instock","19":"purchasable","20":"product-type-variable"},"acf":[],"_links":{"self":[{"href":"https:\/\/mapau.es\/fr\/wp-json\/wp\/v2\/product\/52799","targetHints":{"allow":["GET"]}}],"collection":[{"href":"https:\/\/mapau.es\/fr\/wp-json\/wp\/v2\/product"}],"about":[{"href":"https:\/\/mapau.es\/fr\/wp-json\/wp\/v2\/types\/product"}],"replies":[{"embeddable":true,"href":"https:\/\/mapau.es\/fr\/wp-json\/wp\/v2\/comments?post=52799"}],"wp:featuredmedia":[{"embeddable":true,"href":"https:\/\/mapau.es\/fr\/wp-json\/wp\/v2\/media\/57524"}],"wp:attachment":[{"href":"https:\/\/mapau.es\/fr\/wp-json\/wp\/v2\/media?parent=52799"}],"wp:term":[{"taxonomy":"product_brand","embeddable":true,"href":"https:\/\/mapau.es\/fr\/wp-json\/wp\/v2\/product_brand?post=52799"},{"taxonomy":"product_cat","embeddable":true,"href":"https:\/\/mapau.es\/fr\/wp-json\/wp\/v2\/product_cat?post=52799"},{"taxonomy":"product_tag","embeddable":true,"href":"https:\/\/mapau.es\/fr\/wp-json\/wp\/v2\/product_tag?post=52799"}],"curies":[{"name":"wp","href":"https:\/\/api.w.org\/{rel}","templated":true}]}}