{"id":52801,"date":"2025-03-06T10:16:07","date_gmt":"2025-03-06T09:16:07","guid":{"rendered":"https:\/\/mapau.es\/producto\/pack-fourier-lavabo-espejo-capsula-2\/"},"modified":"2026-03-30T17:08:55","modified_gmt":"2026-03-30T15:08:55","slug":"pack-fourier-lavabo-espejo-capsula-2","status":"publish","type":"product","link":"https:\/\/mapau.es\/fr\/producto\/pack-fourier-lavabo-espejo-capsula-2\/","title":{"rendered":"Pack FOURIER + \u00e9vier + capsule miroir"},"content":{"rendered":"<p>Ensemble comprenant des meubles de salle de bains, un lavabo et un miroir au design capsule. Conception de meuble comprenant un tiroir avec une poign\u00e9e d&rsquo;ouverture. Fabriqu\u00e9 \u00e0 partir de panneaux de particules de 19 mm avec rev\u00eatement en m\u00e9lamine et caract\u00e9ristiques de surface optimales, \u00e9cologique et recyclable. Cintres avec syst\u00e8me antichute. Tiroir minimaliste en m\u00e9tal \u00e0 double paroi avec fines nervures et lignes droites, m\u00e9canisme de fermeture en douceur, capacit\u00e9 de charge de 25 kg, accessibilit\u00e9 totale et espace arri\u00e8re disponible. Comprend un \u00e9vier en c\u00e9ramique. Comprend un miroir en forme de capsule. Les meubles sont livr\u00e9s assembl\u00e9s, pr\u00eats \u00e0 \u00eatre accroch\u00e9s au mur. Un kit de montage du meuble est inclus. Robinet et siphon non inclus. Fabriqu\u00e9 en Espagne.<\/p>\n","protected":false},"excerpt":{"rendered":"<p>Ensemble comprenant des meubles de salle de bains, un lavabo et un miroir au design capsule. Conception de meuble comprenant un tiroir avec une poign\u00e9e d&rsquo;ouverture. Fabriqu\u00e9 \u00e0 partir de panneaux de particules de 19 mm avec rev\u00eatement en m\u00e9lamine et caract\u00e9ristiques de surface optimales, \u00e9cologique et recyclable. Cintres avec syst\u00e8me antichute. Tiroir minimaliste en &hellip; <a href=\"https:\/\/mapau.es\/fr\/producto\/pack-fourier-lavabo-espejo-capsula-2\/\">Continued<\/a><\/p>\n","protected":false},"featured_media":57670,"comment_status":"closed","ping_status":"open","template":"","meta":{"_acf_changed":false},"product_brand":[752],"product_cat":[664,665],"product_tag":[],"class_list":{"0":"post-52801","1":"product","2":"type-product","3":"status-publish","4":"has-post-thumbnail","6":"product_brand-fourier","7":"product_cat-meubles-de-salle-de-bain","8":"product_cat-meubles-de-salle-de-bain-2","9":"pa_colores-blanc-mat","10":"pa_colores-noyer","11":"pa_colores-alcatraz","12":"pa_colores-bardolino","13":"pa_medidas-480","14":"pa_medidas-481","15":"pa_medidas-492","16":"pa_medidas-485","18":"first","19":"instock","20":"purchasable","21":"product-type-variable"},"acf":[],"_links":{"self":[{"href":"https:\/\/mapau.es\/fr\/wp-json\/wp\/v2\/product\/52801","targetHints":{"allow":["GET"]}}],"collection":[{"href":"https:\/\/mapau.es\/fr\/wp-json\/wp\/v2\/product"}],"about":[{"href":"https:\/\/mapau.es\/fr\/wp-json\/wp\/v2\/types\/product"}],"replies":[{"embeddable":true,"href":"https:\/\/mapau.es\/fr\/wp-json\/wp\/v2\/comments?post=52801"}],"wp:featuredmedia":[{"embeddable":true,"href":"https:\/\/mapau.es\/fr\/wp-json\/wp\/v2\/media\/57670"}],"wp:attachment":[{"href":"https:\/\/mapau.es\/fr\/wp-json\/wp\/v2\/media?parent=52801"}],"wp:term":[{"taxonomy":"product_brand","embeddable":true,"href":"https:\/\/mapau.es\/fr\/wp-json\/wp\/v2\/product_brand?post=52801"},{"taxonomy":"product_cat","embeddable":true,"href":"https:\/\/mapau.es\/fr\/wp-json\/wp\/v2\/product_cat?post=52801"},{"taxonomy":"product_tag","embeddable":true,"href":"https:\/\/mapau.es\/fr\/wp-json\/wp\/v2\/product_tag?post=52801"}],"curies":[{"name":"wp","href":"https:\/\/api.w.org\/{rel}","templated":true}]}}