{"id":52802,"date":"2025-03-06T10:15:43","date_gmt":"2025-03-06T09:15:43","guid":{"rendered":"https:\/\/mapau.es\/producto\/pack-poincare-lavabo-espejo-liso-2\/"},"modified":"2026-03-30T17:09:08","modified_gmt":"2026-03-30T15:09:08","slug":"pack-poincare-lavabo-espejo-liso-2","status":"publish","type":"product","link":"https:\/\/mapau.es\/fr\/producto\/pack-poincare-lavabo-espejo-liso-2\/","title":{"rendered":"Pack POINCAR\u00c9 + vasque + miroir simple"},"content":{"rendered":"<p>Ensemble de salle de bain comprenant un meuble de salle de bain, un lavabo et un miroir. Meuble vasque de salle de bains en panneaux de particules stratifi\u00e9s de 19 mm, compos\u00e9 d&rsquo;un plan de travail \u00e0 finition bois et de deux modules offrant une grande capacit\u00e9 de rangement. Comprend un lavabo en c\u00e9ramique blanche brillante. Comprend un miroir. Les meubles sont livr\u00e9s assembl\u00e9s, pr\u00eats \u00e0 \u00eatre accroch\u00e9s au mur. Un kit de montage du meuble est inclus. Robinet et siphon non inclus. Fabriqu\u00e9 en Espagne.<\/p>\n","protected":false},"excerpt":{"rendered":"<p>Ensemble de salle de bain comprenant un meuble de salle de bain, un lavabo et un miroir. Meuble vasque de salle de bains en panneaux de particules stratifi\u00e9s de 19 mm, compos\u00e9 d&rsquo;un plan de travail \u00e0 finition bois et de deux modules offrant une grande capacit\u00e9 de rangement. Comprend un lavabo en c\u00e9ramique blanche &hellip; <a href=\"https:\/\/mapau.es\/fr\/producto\/pack-poincare-lavabo-espejo-liso-2\/\">Continued<\/a><\/p>\n","protected":false},"featured_media":57673,"comment_status":"closed","ping_status":"open","template":"","meta":{"_acf_changed":false},"product_brand":[751],"product_cat":[664,665],"product_tag":[],"class_list":{"0":"post-52802","1":"product","2":"type-product","3":"status-publish","4":"has-post-thumbnail","6":"product_brand-poincare","7":"product_cat-meubles-de-salle-de-bain","8":"product_cat-meubles-de-salle-de-bain-2","9":"pa_colores-blanc-mat","10":"pa_colores-noyer","11":"pa_colores-bardolino","12":"pa_medidas-480","13":"pa_medidas-481","14":"pa_medidas-485","16":"first","17":"instock","18":"purchasable","19":"product-type-variable"},"acf":[],"_links":{"self":[{"href":"https:\/\/mapau.es\/fr\/wp-json\/wp\/v2\/product\/52802","targetHints":{"allow":["GET"]}}],"collection":[{"href":"https:\/\/mapau.es\/fr\/wp-json\/wp\/v2\/product"}],"about":[{"href":"https:\/\/mapau.es\/fr\/wp-json\/wp\/v2\/types\/product"}],"replies":[{"embeddable":true,"href":"https:\/\/mapau.es\/fr\/wp-json\/wp\/v2\/comments?post=52802"}],"wp:featuredmedia":[{"embeddable":true,"href":"https:\/\/mapau.es\/fr\/wp-json\/wp\/v2\/media\/57673"}],"wp:attachment":[{"href":"https:\/\/mapau.es\/fr\/wp-json\/wp\/v2\/media?parent=52802"}],"wp:term":[{"taxonomy":"product_brand","embeddable":true,"href":"https:\/\/mapau.es\/fr\/wp-json\/wp\/v2\/product_brand?post=52802"},{"taxonomy":"product_cat","embeddable":true,"href":"https:\/\/mapau.es\/fr\/wp-json\/wp\/v2\/product_cat?post=52802"},{"taxonomy":"product_tag","embeddable":true,"href":"https:\/\/mapau.es\/fr\/wp-json\/wp\/v2\/product_tag?post=52802"}],"curies":[{"name":"wp","href":"https:\/\/api.w.org\/{rel}","templated":true}]}}