{"id":52803,"date":"2025-02-25T10:04:31","date_gmt":"2025-02-25T09:04:31","guid":{"rendered":"https:\/\/mapau.es\/producto\/pack-bardot-lavabo-espejo-redondo-2\/"},"modified":"2026-03-30T17:09:08","modified_gmt":"2026-03-30T15:09:08","slug":"pack-bardot-lavabo-espejo-redondo-2","status":"publish","type":"product","link":"https:\/\/mapau.es\/fr\/producto\/pack-bardot-lavabo-espejo-redondo-2\/","title":{"rendered":"Pack BARDOT + lavabo + miroir rond"},"content":{"rendered":"<p>Ensemble de salle de bains de la collection BARDOT, au design moderne et \u00e9pur\u00e9 qui s&rsquo;adapte \u00e0 tous les styles de salle de bains.<br \/>L&rsquo;ensemble comprend un meuble-lavabo, un lavabo et un miroir rond.<br \/>Meuble-lavabo avec portes \u00e0 ouverture par le bas. Grand espace de rangement.<br \/>Fabriqu\u00e9 en panneaux de particules de 19 mm avec rev\u00eatement m\u00e9lamin\u00e9 et finitions de surface optimales ; \u00e9cologique et recyclable.<br \/>Supports de fixation avec syst\u00e8me anti-affaissement.<br \/>Charni\u00e8res nickel\u00e9es avec piston \u00e0 fermeture amortie pour une ouverture et une fermeture en douceur.<br \/>M\u00e9canisme de fermeture amortie pour une dur\u00e9e de vie prolong\u00e9e et une r\u00e9duction des claquements et des bruits.<br \/>Vasque \u00e0 poser en c\u00e9ramique. Durable et facile \u00e0 nettoyer.<br \/>Miroir rond inclus.<br \/>Installation facile : livr\u00e9 assembl\u00e9 et pr\u00eat \u00e0 \u00eatre fix\u00e9 au mur. Kit de montage inclus.<br \/>Robinet et bonde non inclus.<br \/>Fabriqu\u00e9 en Espagne.<\/p>\n","protected":false},"excerpt":{"rendered":"<p>Ensemble de salle de bains de la collection BARDOT, au design moderne et \u00e9pur\u00e9 qui s&rsquo;adapte \u00e0 tous les styles de salle de bains.L&rsquo;ensemble comprend un meuble-lavabo, un lavabo et un miroir rond.Meuble-lavabo avec portes \u00e0 ouverture par le bas. Grand espace de rangement.Fabriqu\u00e9 en panneaux de particules de 19 mm avec rev\u00eatement m\u00e9lamin\u00e9 et &hellip; <a href=\"https:\/\/mapau.es\/fr\/producto\/pack-bardot-lavabo-espejo-redondo-2\/\">Continued<\/a><\/p>\n","protected":false},"featured_media":57538,"comment_status":"closed","ping_status":"open","template":"","meta":{"_acf_changed":false},"product_brand":[750],"product_cat":[664,665],"product_tag":[],"class_list":{"0":"post-52803","1":"product","2":"type-product","3":"status-publish","4":"has-post-thumbnail","6":"product_brand-bardot","7":"product_cat-meubles-de-salle-de-bain","8":"product_cat-meubles-de-salle-de-bain-2","9":"pa_colores-noyer","10":"pa_colores-alcatraz","11":"pa_colores-bardolino","12":"pa_medidas-480","13":"pa_medidas-481","14":"pa_medidas-485","16":"first","17":"instock","18":"purchasable","19":"product-type-variable"},"acf":[],"_links":{"self":[{"href":"https:\/\/mapau.es\/fr\/wp-json\/wp\/v2\/product\/52803","targetHints":{"allow":["GET"]}}],"collection":[{"href":"https:\/\/mapau.es\/fr\/wp-json\/wp\/v2\/product"}],"about":[{"href":"https:\/\/mapau.es\/fr\/wp-json\/wp\/v2\/types\/product"}],"replies":[{"embeddable":true,"href":"https:\/\/mapau.es\/fr\/wp-json\/wp\/v2\/comments?post=52803"}],"wp:featuredmedia":[{"embeddable":true,"href":"https:\/\/mapau.es\/fr\/wp-json\/wp\/v2\/media\/57538"}],"wp:attachment":[{"href":"https:\/\/mapau.es\/fr\/wp-json\/wp\/v2\/media?parent=52803"}],"wp:term":[{"taxonomy":"product_brand","embeddable":true,"href":"https:\/\/mapau.es\/fr\/wp-json\/wp\/v2\/product_brand?post=52803"},{"taxonomy":"product_cat","embeddable":true,"href":"https:\/\/mapau.es\/fr\/wp-json\/wp\/v2\/product_cat?post=52803"},{"taxonomy":"product_tag","embeddable":true,"href":"https:\/\/mapau.es\/fr\/wp-json\/wp\/v2\/product_tag?post=52803"}],"curies":[{"name":"wp","href":"https:\/\/api.w.org\/{rel}","templated":true}]}}