{"id":52804,"date":"2025-02-25T10:03:59","date_gmt":"2025-02-25T09:03:59","guid":{"rendered":"https:\/\/mapau.es\/producto\/pack-deneuve-lavabo-espejo-capsula-2\/"},"modified":"2026-03-30T17:09:20","modified_gmt":"2026-03-30T15:09:20","slug":"pack-deneuve-lavabo-espejo-capsula-2","status":"publish","type":"product","link":"https:\/\/mapau.es\/fr\/producto\/pack-deneuve-lavabo-espejo-capsula-2\/","title":{"rendered":"Pack DENEUVE + lavabo + capsule miroir"},"content":{"rendered":"<p>Ensemble de salle de bains de la collection DENEUVE, au design moderne et minimaliste qui s&rsquo;adapte parfaitement \u00e0 tous les styles de salle de bains.<br \/>\nEnsemble comprenant un meuble, un lavabo et un miroir capsule.<br \/>\nMeuble compos\u00e9 d&rsquo;un tiroir \u00e0 ouverture inf\u00e9rieure et d&rsquo;un espace lat\u00e9ral d\u00e9coratif.<br \/>\nFabriqu\u00e9 \u00e0 partir de panneaux de particules de 19 mm avec rev\u00eatement en m\u00e9lamine et caract\u00e9ristiques de surface optimales, \u00e9cologique et recyclable.<br \/>\nCintres avec syst\u00e8me antichute.<br \/>\nTiroirs m\u00e9talliques \u00e0 double paroi de style minimaliste avec nervures fines et lignes droites, capacit\u00e9 de charge de 25 kg, accessibilit\u00e9 totale et espace arri\u00e8re disponible.<br \/>\nM\u00e9canisme de fermeture amortie pour prolonger la dur\u00e9e de vie du meuble et \u00e9viter les chocs et les bruits.<br \/>\nLavabo de cer\u00e1mica. Durable et facile \u00e0 nettoyer.<br \/>Miroir int\u00e9gr\u00e9.<br \/>Installation facile : l\u2019unit\u00e9 est livr\u00e9e assembl\u00e9e et pr\u00eate \u00e0 \u00eatre fix\u00e9e au mur. Kit de montage inclus.<br \/>Robinet et bonde non inclus.<br \/>Fabriqu\u00e9 en Espagne.<\/p>\n","protected":false},"excerpt":{"rendered":"<p>Ensemble de salle de bains de la collection DENEUVE, au design moderne et minimaliste qui s&rsquo;adapte parfaitement \u00e0 tous les styles de salle de bains. Ensemble comprenant un meuble, un lavabo et un miroir capsule. Meuble compos\u00e9 d&rsquo;un tiroir \u00e0 ouverture inf\u00e9rieure et d&rsquo;un espace lat\u00e9ral d\u00e9coratif. Fabriqu\u00e9 \u00e0 partir de panneaux de particules de &hellip; <a href=\"https:\/\/mapau.es\/fr\/producto\/pack-deneuve-lavabo-espejo-capsula-2\/\">Continued<\/a><\/p>\n","protected":false},"featured_media":57886,"comment_status":"closed","ping_status":"open","template":"","meta":{"_acf_changed":false},"product_brand":[749],"product_cat":[664,665],"product_tag":[],"class_list":{"0":"post-52804","1":"product","2":"type-product","3":"status-publish","4":"has-post-thumbnail","6":"product_brand-deneuve","7":"product_cat-meubles-de-salle-de-bain","8":"product_cat-meubles-de-salle-de-bain-2","9":"pa_colores-blanc-mat","10":"pa_colores-noyer","11":"pa_colores-vert-argile","12":"pa_colores-bardolino","13":"pa_medidas-480","14":"pa_medidas-481","15":"pa_medidas-485","17":"first","18":"instock","19":"purchasable","20":"product-type-variable"},"acf":[],"_links":{"self":[{"href":"https:\/\/mapau.es\/fr\/wp-json\/wp\/v2\/product\/52804","targetHints":{"allow":["GET"]}}],"collection":[{"href":"https:\/\/mapau.es\/fr\/wp-json\/wp\/v2\/product"}],"about":[{"href":"https:\/\/mapau.es\/fr\/wp-json\/wp\/v2\/types\/product"}],"replies":[{"embeddable":true,"href":"https:\/\/mapau.es\/fr\/wp-json\/wp\/v2\/comments?post=52804"}],"wp:featuredmedia":[{"embeddable":true,"href":"https:\/\/mapau.es\/fr\/wp-json\/wp\/v2\/media\/57886"}],"wp:attachment":[{"href":"https:\/\/mapau.es\/fr\/wp-json\/wp\/v2\/media?parent=52804"}],"wp:term":[{"taxonomy":"product_brand","embeddable":true,"href":"https:\/\/mapau.es\/fr\/wp-json\/wp\/v2\/product_brand?post=52804"},{"taxonomy":"product_cat","embeddable":true,"href":"https:\/\/mapau.es\/fr\/wp-json\/wp\/v2\/product_cat?post=52804"},{"taxonomy":"product_tag","embeddable":true,"href":"https:\/\/mapau.es\/fr\/wp-json\/wp\/v2\/product_tag?post=52804"}],"curies":[{"name":"wp","href":"https:\/\/api.w.org\/{rel}","templated":true}]}}