{"id":52807,"date":"2025-02-25T10:02:18","date_gmt":"2025-02-25T09:02:18","guid":{"rendered":"https:\/\/mapau.es\/producto\/pack-sabine-lavabo-espejo-alma-2\/"},"modified":"2026-03-30T17:09:33","modified_gmt":"2026-03-30T15:09:33","slug":"pack-sabine-lavabo-espejo-alma-2","status":"publish","type":"product","link":"https:\/\/mapau.es\/fr\/producto\/pack-sabine-lavabo-espejo-alma-2\/","title":{"rendered":"Pack SABINE + lavabo + miroir Alma"},"content":{"rendered":"<p>Ensemble de salle de bain de la collection SABINE, au design moderne et \u00e9l\u00e9gant qui s&rsquo;harmonise parfaitement avec tous les styles de salle de bain.<br \/>L&rsquo;ensemble comprend un meuble-lavabo, une vasque et un miroir.<br \/>Le meuble-lavabo est dot\u00e9 de deux tiroirs avec poign\u00e9es et de deux \u00e9tag\u00e8res lat\u00e9rales d\u00e9coratives. Grand espace de rangement.<br \/>Fabriqu\u00e9 en panneaux de particules de 19 mm avec rev\u00eatement m\u00e9lamin\u00e9 et finitions de surface optimales ; \u00e9cologique et recyclable.<br \/>Supports de fixation avec syst\u00e8me anti-affaissement.<br \/>Tiroirs m\u00e9talliques \u00e0 double paroi au design minimaliste, caract\u00e9ris\u00e9s par des nervures fines et des lignes droites, supportant une charge de 25 kg, offrant une accessibilit\u00e9 totale et un grand espace de rangement \u00e0 l&rsquo;arri\u00e8re.<br \/>M\u00e9canisme de fermeture amortie pour prolonger la dur\u00e9e de vie du meuble et \u00e9viter les claquements et les bruits.<br \/>Vasque \u00e0 poser en c\u00e9ramique. Durable et facile \u00e0 nettoyer.<br \/>Miroir inclus.<br \/>Installation facile : livr\u00e9 assembl\u00e9 et pr\u00eat \u00e0 \u00eatre fix\u00e9 au mur. Kit de montage inclus.<br \/>Robinet et bonde non inclus.<br \/>Fabriqu\u00e9 en Espagne.<\/p>\n","protected":false},"excerpt":{"rendered":"<p>Ensemble de salle de bain de la collection SABINE, au design moderne et \u00e9l\u00e9gant qui s&rsquo;harmonise parfaitement avec tous les styles de salle de bain.L&rsquo;ensemble comprend un meuble-lavabo, une vasque et un miroir.Le meuble-lavabo est dot\u00e9 de deux tiroirs avec poign\u00e9es et de deux \u00e9tag\u00e8res lat\u00e9rales d\u00e9coratives. Grand espace de rangement.Fabriqu\u00e9 en panneaux de particules &hellip; <a href=\"https:\/\/mapau.es\/fr\/producto\/pack-sabine-lavabo-espejo-alma-2\/\">Continued<\/a><\/p>\n","protected":false},"featured_media":57676,"comment_status":"closed","ping_status":"open","template":"","meta":{"_acf_changed":false},"product_brand":[746],"product_cat":[664,665],"product_tag":[],"class_list":{"0":"post-52807","1":"product","2":"type-product","3":"status-publish","4":"has-post-thumbnail","6":"product_brand-sabine","7":"product_cat-meubles-de-salle-de-bain","8":"product_cat-meubles-de-salle-de-bain-2","9":"pa_colores-noyer","10":"pa_colores-alcatraz","11":"pa_colores-bardolino","12":"pa_medidas-480","13":"pa_medidas-481","14":"pa_medidas-485","16":"first","17":"instock","18":"purchasable","19":"product-type-variable"},"acf":[],"_links":{"self":[{"href":"https:\/\/mapau.es\/fr\/wp-json\/wp\/v2\/product\/52807","targetHints":{"allow":["GET"]}}],"collection":[{"href":"https:\/\/mapau.es\/fr\/wp-json\/wp\/v2\/product"}],"about":[{"href":"https:\/\/mapau.es\/fr\/wp-json\/wp\/v2\/types\/product"}],"replies":[{"embeddable":true,"href":"https:\/\/mapau.es\/fr\/wp-json\/wp\/v2\/comments?post=52807"}],"wp:featuredmedia":[{"embeddable":true,"href":"https:\/\/mapau.es\/fr\/wp-json\/wp\/v2\/media\/57676"}],"wp:attachment":[{"href":"https:\/\/mapau.es\/fr\/wp-json\/wp\/v2\/media?parent=52807"}],"wp:term":[{"taxonomy":"product_brand","embeddable":true,"href":"https:\/\/mapau.es\/fr\/wp-json\/wp\/v2\/product_brand?post=52807"},{"taxonomy":"product_cat","embeddable":true,"href":"https:\/\/mapau.es\/fr\/wp-json\/wp\/v2\/product_cat?post=52807"},{"taxonomy":"product_tag","embeddable":true,"href":"https:\/\/mapau.es\/fr\/wp-json\/wp\/v2\/product_tag?post=52807"}],"curies":[{"name":"wp","href":"https:\/\/api.w.org\/{rel}","templated":true}]}}