{"id":52809,"date":"2024-12-04T15:52:47","date_gmt":"2024-12-04T14:52:47","guid":{"rendered":"https:\/\/mapau.es\/producto\/pack-flaubert-lavabo-espejo-redondo-2\/"},"modified":"2026-04-22T11:45:07","modified_gmt":"2026-04-22T09:45:07","slug":"pack-flaubert-lavabo-espejo-redondo-2","status":"publish","type":"product","link":"https:\/\/mapau.es\/fr\/producto\/pack-flaubert-lavabo-espejo-redondo-2\/","title":{"rendered":"Pack FLAUBERT + lavabo + miroir rond"},"content":{"rendered":"<p>Ensemble de salle de bain de la collection FLAUBERT, au design moderne et \u00e9l\u00e9gant qui s&rsquo;harmonise parfaitement avec tous les styles de salle de bain.<br \/>\nL&rsquo;ensemble comprend un meuble vasque, une vasque et un miroir rond.<br \/>\nLe meuble vasque est dot\u00e9 d&rsquo;un tiroir sans poign\u00e9e et d&rsquo;une \u00e9tag\u00e8re lat\u00e9rale d\u00e9corative. Il offre un grand espace de rangement.<br \/>\nLes fa\u00e7ades sont travaill\u00e9es avec un relief laqu\u00e9 blanc mat.<br \/>\nFabriqu\u00e9 en panneaux de particules de 19 mm avec rev\u00eatement m\u00e9lamin\u00e9 et des propri\u00e9t\u00e9s de surface optimales, ce meuble est \u00e9cologique et recyclable.<br \/>\nSupports de fixation avec syst\u00e8me anti-affaissement.<br \/>\nLe tiroir m\u00e9tallique \u00e0 double paroi, au design minimaliste, se caract\u00e9rise par des nervures fines et des lignes droites. Il supporte une charge de 25 kg, offre une accessibilit\u00e9 totale et un grand espace de rangement \u00e0 l&rsquo;arri\u00e8re.<br \/>\nUn m\u00e9canisme de fermeture amortie prolonge la dur\u00e9e de vie du meuble et \u00e9vite les claquements et les bruits.<br \/>\nVasque \u00e0 poser en c\u00e9ramique. Durable et facile \u00e0 nettoyer.<br \/>\nMiroir rond inclus.<br \/>\nInstallation facile : le meuble est livr\u00e9 assembl\u00e9 et pr\u00eat \u00e0 \u00eatre fix\u00e9 au mur.<br \/>   Kit de montage inclus.<br \/>Robinet et bonde non inclus.<br \/>Fabriqu\u00e9 en Espagne.<\/p>\n","protected":false},"excerpt":{"rendered":"<p>Ensemble de salle de bain de la collection FLAUBERT, au design moderne et \u00e9l\u00e9gant qui s&rsquo;harmonise parfaitement avec tous les styles de salle de bain. L&rsquo;ensemble comprend un meuble vasque, une vasque et un miroir rond. Le meuble vasque est dot\u00e9 d&rsquo;un tiroir sans poign\u00e9e et d&rsquo;une \u00e9tag\u00e8re lat\u00e9rale d\u00e9corative. Il offre un grand espace &hellip; <a href=\"https:\/\/mapau.es\/fr\/producto\/pack-flaubert-lavabo-espejo-redondo-2\/\">Continued<\/a><\/p>\n","protected":false},"featured_media":57574,"comment_status":"closed","ping_status":"closed","template":"","meta":{"_acf_changed":false},"product_brand":[745],"product_cat":[664],"product_tag":[],"class_list":{"0":"post-52809","1":"product","2":"type-product","3":"status-publish","4":"has-post-thumbnail","6":"product_brand-flaubert","7":"product_cat-meubles-de-salle-de-bain","8":"pa_colores-blanc-mat","9":"pa_colores-noyer","10":"pa_colores-bardolino","11":"pa_medidas-480","12":"pa_medidas-481","13":"pa_medidas-485","15":"first","16":"instock","17":"purchasable","18":"product-type-variable"},"acf":[],"_links":{"self":[{"href":"https:\/\/mapau.es\/fr\/wp-json\/wp\/v2\/product\/52809","targetHints":{"allow":["GET"]}}],"collection":[{"href":"https:\/\/mapau.es\/fr\/wp-json\/wp\/v2\/product"}],"about":[{"href":"https:\/\/mapau.es\/fr\/wp-json\/wp\/v2\/types\/product"}],"replies":[{"embeddable":true,"href":"https:\/\/mapau.es\/fr\/wp-json\/wp\/v2\/comments?post=52809"}],"wp:featuredmedia":[{"embeddable":true,"href":"https:\/\/mapau.es\/fr\/wp-json\/wp\/v2\/media\/57574"}],"wp:attachment":[{"href":"https:\/\/mapau.es\/fr\/wp-json\/wp\/v2\/media?parent=52809"}],"wp:term":[{"taxonomy":"product_brand","embeddable":true,"href":"https:\/\/mapau.es\/fr\/wp-json\/wp\/v2\/product_brand?post=52809"},{"taxonomy":"product_cat","embeddable":true,"href":"https:\/\/mapau.es\/fr\/wp-json\/wp\/v2\/product_cat?post=52809"},{"taxonomy":"product_tag","embeddable":true,"href":"https:\/\/mapau.es\/fr\/wp-json\/wp\/v2\/product_tag?post=52809"}],"curies":[{"name":"wp","href":"https:\/\/api.w.org\/{rel}","templated":true}]}}