{"id":52810,"date":"2024-12-04T15:52:19","date_gmt":"2024-12-04T14:52:19","guid":{"rendered":"https:\/\/mapau.es\/producto\/pack-savart-lavabo-espejo-redondo-2\/"},"modified":"2026-03-30T17:09:44","modified_gmt":"2026-03-30T15:09:44","slug":"pack-savart-lavabo-espejo-redondo-2","status":"publish","type":"product","link":"https:\/\/mapau.es\/fr\/producto\/pack-savart-lavabo-espejo-redondo-2\/","title":{"rendered":"Pack SAVART + lavabo + miroir rond"},"content":{"rendered":"<p>Ensemble de salle de bains de la collection SAVART, au design moderne et \u00e9l\u00e9gant qui s&rsquo;harmonise parfaitement avec tous les styles de salle de bains.<br \/>L&rsquo;ensemble comprend un meuble-lavabo, une vasque et un miroir rond.<br \/>Meuble-lavabo avec deux tiroirs et poign\u00e9es blanc mat. Grand espace de rangement.<br \/>Fabriqu\u00e9 en panneaux de particules de 19 mm avec rev\u00eatement m\u00e9lamin\u00e9 et finitions de surface optimales ; \u00e9cologique et recyclable.<br \/>Supports de fixation avec syst\u00e8me anti-affaissement.<br \/>Tiroir m\u00e9tallique \u00e0 double paroi au design minimaliste, caract\u00e9ris\u00e9 par des nervures fines et des lignes droites, supportant une charge de 25 kg, offrant une accessibilit\u00e9 totale et un grand espace de rangement \u00e0 l&rsquo;arri\u00e8re.<br \/>M\u00e9canisme de fermeture amortie pour prolonger la dur\u00e9e de vie du meuble et \u00e9viter les claquements et les bruits.<br \/>Tiroir sup\u00e9rieur avec emplacement pour le siphon, facilitant l&rsquo;installation de la bonde d&rsquo;\u00e9vier.<br \/>\u00c9vier \u00e0 poser en c\u00e9ramique. Durable et facile \u00e0 nettoyer.<br \/>Miroir circulaire inclus.<br \/>Installation facile : livr\u00e9 assembl\u00e9 et pr\u00eat \u00e0 \u00eatre fix\u00e9 au mur. Kit de montage inclus.<br \/>Robinet et bonde non inclus.<br \/>Fabriqu\u00e9 en Espagne.<\/p>\n","protected":false},"excerpt":{"rendered":"<p>Ensemble de salle de bains de la collection SAVART, au design moderne et \u00e9l\u00e9gant qui s&rsquo;harmonise parfaitement avec tous les styles de salle de bains.L&rsquo;ensemble comprend un meuble-lavabo, une vasque et un miroir rond.Meuble-lavabo avec deux tiroirs et poign\u00e9es blanc mat. Grand espace de rangement.Fabriqu\u00e9 en panneaux de particules de 19 mm avec rev\u00eatement m\u00e9lamin\u00e9 &hellip; <a href=\"https:\/\/mapau.es\/fr\/producto\/pack-savart-lavabo-espejo-redondo-2\/\">Continued<\/a><\/p>\n","protected":false},"featured_media":57677,"comment_status":"closed","ping_status":"open","template":"","meta":{"_acf_changed":false},"product_brand":[744],"product_cat":[664],"product_tag":[],"class_list":{"0":"post-52810","1":"product","2":"type-product","3":"status-publish","4":"has-post-thumbnail","6":"product_brand-savart","7":"product_cat-meubles-de-salle-de-bain","8":"pa_colores-blanc-pelican","9":"pa_colores-noyer","10":"pa_colores-bardolino-alcatraz","11":"pa_medidas-480","12":"pa_medidas-481","13":"pa_medidas-485","15":"first","16":"instock","17":"purchasable","18":"product-type-variable"},"acf":[],"_links":{"self":[{"href":"https:\/\/mapau.es\/fr\/wp-json\/wp\/v2\/product\/52810","targetHints":{"allow":["GET"]}}],"collection":[{"href":"https:\/\/mapau.es\/fr\/wp-json\/wp\/v2\/product"}],"about":[{"href":"https:\/\/mapau.es\/fr\/wp-json\/wp\/v2\/types\/product"}],"replies":[{"embeddable":true,"href":"https:\/\/mapau.es\/fr\/wp-json\/wp\/v2\/comments?post=52810"}],"wp:featuredmedia":[{"embeddable":true,"href":"https:\/\/mapau.es\/fr\/wp-json\/wp\/v2\/media\/57677"}],"wp:attachment":[{"href":"https:\/\/mapau.es\/fr\/wp-json\/wp\/v2\/media?parent=52810"}],"wp:term":[{"taxonomy":"product_brand","embeddable":true,"href":"https:\/\/mapau.es\/fr\/wp-json\/wp\/v2\/product_brand?post=52810"},{"taxonomy":"product_cat","embeddable":true,"href":"https:\/\/mapau.es\/fr\/wp-json\/wp\/v2\/product_cat?post=52810"},{"taxonomy":"product_tag","embeddable":true,"href":"https:\/\/mapau.es\/fr\/wp-json\/wp\/v2\/product_tag?post=52810"}],"curies":[{"name":"wp","href":"https:\/\/api.w.org\/{rel}","templated":true}]}}