{"id":52811,"date":"2024-12-04T15:51:31","date_gmt":"2024-12-04T14:51:31","guid":{"rendered":"https:\/\/mapau.es\/producto\/pack-rolland-lavabo-espejo-capsula-2\/"},"modified":"2026-03-30T17:09:55","modified_gmt":"2026-03-30T15:09:55","slug":"pack-rolland-lavabo-espejo-capsula-2","status":"publish","type":"product","link":"https:\/\/mapau.es\/fr\/producto\/pack-rolland-lavabo-espejo-capsula-2\/","title":{"rendered":"Pack ROLLAND + \u00e9vier + capsule miroir"},"content":{"rendered":"<p>Ensemble de salle de bains de la collection ROLLAND, au design moderne et fonctionnel.<br \/>L&rsquo;ensemble comprend un meuble-lavabo, un lavabo et un miroir capsule.<br \/>Meuble-lavabo avec portes \u00e0 poign\u00e9e, finition blanc mat. Grand espace de rangement.<br \/>Fabriqu\u00e9 en panneaux de particules de 19 mm avec rev\u00eatement m\u00e9lamin\u00e9 et finitions de surface optimales ; \u00e9cologique et recyclable.<br \/>Supports de fixation avec syst\u00e8me anti-affaissement.<br \/>Charni\u00e8res nickel\u00e9es avec piston \u00e0 fermeture amortie pour une ouverture et une fermeture en douceur.<br \/>M\u00e9canisme de fermeture amortie pour une dur\u00e9e de vie prolong\u00e9e et une r\u00e9duction des claquements et des bruits.<br \/>Vasque \u00e0 poser en c\u00e9ramique. Durable et facile \u00e0 nettoyer.<br \/>Miroir int\u00e9gr\u00e9 de type capsule.<br \/>Installation facile : l\u2019unit\u00e9 est livr\u00e9e pr\u00e9-assembl\u00e9e et pr\u00eate \u00e0 \u00eatre fix\u00e9e au mur. Kit de montage inclus.<br \/>Robinet et bonde non inclus.<br \/>Fabriqu\u00e9 en Espagne.<\/p>\n","protected":false},"excerpt":{"rendered":"<p>Ensemble de salle de bains de la collection ROLLAND, au design moderne et fonctionnel.L&rsquo;ensemble comprend un meuble-lavabo, un lavabo et un miroir capsule.Meuble-lavabo avec portes \u00e0 poign\u00e9e, finition blanc mat. Grand espace de rangement.Fabriqu\u00e9 en panneaux de particules de 19 mm avec rev\u00eatement m\u00e9lamin\u00e9 et finitions de surface optimales ; \u00e9cologique et recyclable.Supports de fixation &hellip; <a href=\"https:\/\/mapau.es\/fr\/producto\/pack-rolland-lavabo-espejo-capsula-2\/\">Continued<\/a><\/p>\n","protected":false},"featured_media":57675,"comment_status":"closed","ping_status":"open","template":"","meta":{"_acf_changed":false},"product_brand":[743],"product_cat":[664],"product_tag":[],"class_list":{"0":"post-52811","1":"product","2":"type-product","3":"status-publish","4":"has-post-thumbnail","6":"product_brand-rolland","7":"product_cat-meubles-de-salle-de-bain","8":"pa_colores-blanc-mat","9":"pa_colores-noyer","10":"pa_colores-vert-argile","11":"pa_colores-alcatraz","12":"pa_colores-bardolino","13":"pa_medidas-481","14":"pa_medidas-489","15":"pa_medidas-485","17":"first","18":"instock","19":"purchasable","20":"product-type-variable"},"acf":[],"_links":{"self":[{"href":"https:\/\/mapau.es\/fr\/wp-json\/wp\/v2\/product\/52811","targetHints":{"allow":["GET"]}}],"collection":[{"href":"https:\/\/mapau.es\/fr\/wp-json\/wp\/v2\/product"}],"about":[{"href":"https:\/\/mapau.es\/fr\/wp-json\/wp\/v2\/types\/product"}],"replies":[{"embeddable":true,"href":"https:\/\/mapau.es\/fr\/wp-json\/wp\/v2\/comments?post=52811"}],"wp:featuredmedia":[{"embeddable":true,"href":"https:\/\/mapau.es\/fr\/wp-json\/wp\/v2\/media\/57675"}],"wp:attachment":[{"href":"https:\/\/mapau.es\/fr\/wp-json\/wp\/v2\/media?parent=52811"}],"wp:term":[{"taxonomy":"product_brand","embeddable":true,"href":"https:\/\/mapau.es\/fr\/wp-json\/wp\/v2\/product_brand?post=52811"},{"taxonomy":"product_cat","embeddable":true,"href":"https:\/\/mapau.es\/fr\/wp-json\/wp\/v2\/product_cat?post=52811"},{"taxonomy":"product_tag","embeddable":true,"href":"https:\/\/mapau.es\/fr\/wp-json\/wp\/v2\/product_tag?post=52811"}],"curies":[{"name":"wp","href":"https:\/\/api.w.org\/{rel}","templated":true}]}}