{"id":52813,"date":"2024-12-04T15:49:59","date_gmt":"2024-12-04T14:49:59","guid":{"rendered":"https:\/\/mapau.es\/producto\/pack-moissan-lavabo-espejo-alma-2\/"},"modified":"2026-03-30T17:10:06","modified_gmt":"2026-03-30T15:10:06","slug":"pack-moissan-lavabo-espejo-alma-2","status":"publish","type":"product","link":"https:\/\/mapau.es\/fr\/producto\/pack-moissan-lavabo-espejo-alma-2\/","title":{"rendered":"Pack MOISSAN + lavabo + miroir Alma"},"content":{"rendered":"<p>Ensemble de salle de bains de la collection MOISSAN, au design moderne et \u00e9l\u00e9gant.<br \/>L&rsquo;ensemble comprend un meuble-lavabo, un lavabo et un miroir au design Alma.<br \/>Meuble-lavabo avec porte \u00e0 lattes et tiroir. Grand espace de rangement.<br \/>Fabriqu\u00e9 en panneaux de particules de 19 mm avec rev\u00eatement m\u00e9lamin\u00e9 et finitions de surface optimales ; \u00e9cologique et recyclable.<br \/>Supports de fixation avec syst\u00e8me anti-affaissement.<br \/>Tiroir m\u00e9tallique \u00e0 double paroi au design minimaliste, caract\u00e9ris\u00e9 par des nervures fines et des lignes droites, supportant une charge de 25 kg, offrant une accessibilit\u00e9 totale et un grand espace de rangement \u00e0 l&rsquo;arri\u00e8re.<br \/>M\u00e9canisme de fermeture amortie pour prolonger la dur\u00e9e de vie du meuble et \u00e9viter les claquements et les bruits.<br \/>Charni\u00e8res nickel\u00e9es \u00e9quip\u00e9es d&rsquo;un piston \u00e0 fermeture amortie pour une ouverture et une fermeture en douceur.<br \/>Vasque \u00e0 poser en c\u00e9ramique. Durable et facile \u00e0 nettoyer.<br \/>Comprend un miroir orn\u00e9 d&rsquo;un motif d&rsquo;\u00e2me.<br \/>Installation facile : le meuble est livr\u00e9 assembl\u00e9 et pr\u00eat \u00e0 \u00eatre accroch\u00e9 au mur. Kit de montage inclus.<br \/>Robinet et bonde non inclus.<br \/>Fabriqu\u00e9 en Espagne.<\/p>\n","protected":false},"excerpt":{"rendered":"<p>Ensemble de salle de bains de la collection MOISSAN, au design moderne et \u00e9l\u00e9gant.L&rsquo;ensemble comprend un meuble-lavabo, un lavabo et un miroir au design Alma.Meuble-lavabo avec porte \u00e0 lattes et tiroir. Grand espace de rangement.Fabriqu\u00e9 en panneaux de particules de 19 mm avec rev\u00eatement m\u00e9lamin\u00e9 et finitions de surface optimales ; \u00e9cologique et recyclable.Supports de &hellip; <a href=\"https:\/\/mapau.es\/fr\/producto\/pack-moissan-lavabo-espejo-alma-2\/\">Continued<\/a><\/p>\n","protected":false},"featured_media":52040,"comment_status":"closed","ping_status":"open","template":"","meta":{"_acf_changed":false},"product_brand":[741],"product_cat":[664],"product_tag":[],"class_list":{"0":"post-52813","1":"product","2":"type-product","3":"status-publish","4":"has-post-thumbnail","6":"product_brand-moissan","7":"product_cat-meubles-de-salle-de-bain","8":"pa_colores-bleu-outremer","9":"pa_colores-terre-cuite","10":"pa_colores-vert-argile","11":"pa_colores-biscuit","12":"pa_medidas-480","13":"pa_medidas-481","14":"pa_medidas-489","15":"pa_medidas-485","17":"first","18":"instock","19":"purchasable","20":"product-type-variable"},"acf":[],"_links":{"self":[{"href":"https:\/\/mapau.es\/fr\/wp-json\/wp\/v2\/product\/52813","targetHints":{"allow":["GET"]}}],"collection":[{"href":"https:\/\/mapau.es\/fr\/wp-json\/wp\/v2\/product"}],"about":[{"href":"https:\/\/mapau.es\/fr\/wp-json\/wp\/v2\/types\/product"}],"replies":[{"embeddable":true,"href":"https:\/\/mapau.es\/fr\/wp-json\/wp\/v2\/comments?post=52813"}],"wp:featuredmedia":[{"embeddable":true,"href":"https:\/\/mapau.es\/fr\/wp-json\/wp\/v2\/media\/52040"}],"wp:attachment":[{"href":"https:\/\/mapau.es\/fr\/wp-json\/wp\/v2\/media?parent=52813"}],"wp:term":[{"taxonomy":"product_brand","embeddable":true,"href":"https:\/\/mapau.es\/fr\/wp-json\/wp\/v2\/product_brand?post=52813"},{"taxonomy":"product_cat","embeddable":true,"href":"https:\/\/mapau.es\/fr\/wp-json\/wp\/v2\/product_cat?post=52813"},{"taxonomy":"product_tag","embeddable":true,"href":"https:\/\/mapau.es\/fr\/wp-json\/wp\/v2\/product_tag?post=52813"}],"curies":[{"name":"wp","href":"https:\/\/api.w.org\/{rel}","templated":true}]}}