{"id":52814,"date":"2024-10-16T13:32:06","date_gmt":"2024-10-16T11:32:06","guid":{"rendered":"https:\/\/mapau.es\/producto\/pack-berthelot-lavabo-espejo-led-2\/"},"modified":"2026-03-30T17:10:19","modified_gmt":"2026-03-30T15:10:19","slug":"pack-berthelot-lavabo-espejo-led-2","status":"publish","type":"product","link":"https:\/\/mapau.es\/fr\/producto\/pack-berthelot-lavabo-espejo-led-2\/","title":{"rendered":"Pack BERTHELOT + \u00e9vier + miroir LED"},"content":{"rendered":"<p>Ensemble de salle de bain de la collection BERTHELOT, au design moderne et \u00e9l\u00e9gant qui s&rsquo;harmonise avec tous les styles de salles de bain. Cet ensemble comprend un meuble bas, une vasque et un miroir LED. Le meuble est \u00e9quip\u00e9 de deux supports recouverts de moquette noire et offre une grande surface vitr\u00e9e. Fabriqu\u00e9s \u00e0 partir de panneaux de particules de 19 mm issus du recyclage et b\u00e9n\u00e9ficiant de finitions optimales, ils sont \u00e9cologiques et recyclables. Les supports sont \u00e9quip\u00e9s d&rsquo;un syst\u00e8me antivol s\u00e9curis\u00e9. Le support m\u00e9tallique \u00e0 double paroi arbore une esth\u00e9tique minimaliste avec ses fines nervures et ses lignes droites. Il supporte une charge de 25 kg, offre un acc\u00e8s complet et une grande surface vitr\u00e9e. Le syst\u00e8me d&rsquo;amortissement prolonge la dur\u00e9e de vie du meuble et \u00e9vite les claquements et les bruits. Le bol en c\u00e9ramique est durable et facile \u00e0 nettoyer. Le miroir est \u00e9quip\u00e9 d&rsquo;une lumi\u00e8re LED (IP65, 8,4 W, 910 lm, 6000 K). L&rsquo;installation est simple : le meuble est gratuit, pr\u00e9-assembl\u00e9 et pr\u00eat \u00e0 \u00eatre install\u00e9 au mur. Un kit de fixation est inclus. Robinetterie et bonde non incluses. Fabriqu\u00e9 en Espagne.<\/p>\n","protected":false},"excerpt":{"rendered":"<p>Ensemble de salle de bain de la collection BERTHELOT, au design moderne et \u00e9l\u00e9gant qui s&rsquo;harmonise avec tous les styles de salles de bain. Cet ensemble comprend un meuble bas, une vasque et un miroir LED. Le meuble est \u00e9quip\u00e9 de deux supports recouverts de moquette noire et offre une grande surface vitr\u00e9e. Fabriqu\u00e9s \u00e0 &hellip; <a href=\"https:\/\/mapau.es\/fr\/producto\/pack-berthelot-lavabo-espejo-led-2\/\">Continued<\/a><\/p>\n","protected":false},"featured_media":57551,"comment_status":"closed","ping_status":"open","template":"","meta":{"_acf_changed":false},"product_brand":[740],"product_cat":[664],"product_tag":[],"class_list":{"0":"post-52814","1":"product","2":"type-product","3":"status-publish","4":"has-post-thumbnail","6":"product_brand-berthelot","7":"product_cat-meubles-de-salle-de-bain","8":"pa_colores-chene-bardolino-blanc","9":"pa_colores-noyer-blanc","10":"pa_medidas-480","11":"pa_medidas-481","12":"pa_medidas-492","13":"pa_medidas-485","15":"first","16":"instock","17":"purchasable","18":"product-type-variable"},"acf":[],"_links":{"self":[{"href":"https:\/\/mapau.es\/fr\/wp-json\/wp\/v2\/product\/52814","targetHints":{"allow":["GET"]}}],"collection":[{"href":"https:\/\/mapau.es\/fr\/wp-json\/wp\/v2\/product"}],"about":[{"href":"https:\/\/mapau.es\/fr\/wp-json\/wp\/v2\/types\/product"}],"replies":[{"embeddable":true,"href":"https:\/\/mapau.es\/fr\/wp-json\/wp\/v2\/comments?post=52814"}],"wp:featuredmedia":[{"embeddable":true,"href":"https:\/\/mapau.es\/fr\/wp-json\/wp\/v2\/media\/57551"}],"wp:attachment":[{"href":"https:\/\/mapau.es\/fr\/wp-json\/wp\/v2\/media?parent=52814"}],"wp:term":[{"taxonomy":"product_brand","embeddable":true,"href":"https:\/\/mapau.es\/fr\/wp-json\/wp\/v2\/product_brand?post=52814"},{"taxonomy":"product_cat","embeddable":true,"href":"https:\/\/mapau.es\/fr\/wp-json\/wp\/v2\/product_cat?post=52814"},{"taxonomy":"product_tag","embeddable":true,"href":"https:\/\/mapau.es\/fr\/wp-json\/wp\/v2\/product_tag?post=52814"}],"curies":[{"name":"wp","href":"https:\/\/api.w.org\/{rel}","templated":true}]}}