{"id":52815,"date":"2024-10-16T13:29:50","date_gmt":"2024-10-16T11:29:50","guid":{"rendered":"https:\/\/mapau.es\/producto\/pack-gebelin-lavabo-espejo-redondo-2\/"},"modified":"2026-03-30T17:10:30","modified_gmt":"2026-03-30T15:10:30","slug":"pack-gebelin-lavabo-espejo-redondo-2","status":"publish","type":"product","link":"https:\/\/mapau.es\/fr\/producto\/pack-gebelin-lavabo-espejo-redondo-2\/","title":{"rendered":"Pack GEBELIN + lavabo + miroir rond"},"content":{"rendered":"<p>Ensemble de salle de bains GEBELIN, au design simple et moderne, parfaitement adapt\u00e9 \u00e0 tous les styles de salles de bains. Cet ensemble comprend un meuble sous-vasque, un lavabo et un miroir rond. Le meuble est \u00e9quip\u00e9 de deux roulettes et d&rsquo;un support de lavabo avec poign\u00e9e profil\u00e9e. Il offre un grand espace de rangement et est fabriqu\u00e9 en panneaux de particules de 19 mm avec un rev\u00eatement profond et des finitions de surface optimales. \u00c9cologique et recyclable, il est \u00e9quip\u00e9 de crochets avec syst\u00e8me anti-affaissement. La cr\u00e9dence m\u00e9tallique double face pr\u00e9sente une esth\u00e9tique minimaliste, avec des lignes fines et pures. Supportant une charge de 25 kg, elle offre un acc\u00e8s total et un grand espace de rangement sur le soleil. Les m\u00e9canismes d&rsquo;amortissement prolongent la dur\u00e9e de vie du meuble et \u00e9vitent les claquements et les bruits. La cr\u00e9dence sup\u00e9rieure est pr\u00e9-\u00e9quip\u00e9e pour recevoir le siphon, facilitant ainsi l&rsquo;installation du robinet de lavabo. Les charni\u00e8res nickel\u00e9es sont \u00e9quip\u00e9es d&rsquo;un piston avec un amortissement puissant pour une ouverture et une fermeture en douceur. Le lavabo en c\u00e9ramique avec une d\u00e9centr\u00e9e simple. Durable et facile \u00e0 nettoyer, il est livr\u00e9 pr\u00e9-assembl\u00e9 et pr\u00eat \u00e0 \u00eatre fix\u00e9 au mur. Kit de fixation inclus. Robinet et bonde non inclus. Fabriqu\u00e9 en Espagne.<\/p>\n","protected":false},"excerpt":{"rendered":"<p>Ensemble de salle de bains GEBELIN, au design simple et moderne, parfaitement adapt\u00e9 \u00e0 tous les styles de salles de bains. Cet ensemble comprend un meuble sous-vasque, un lavabo et un miroir rond. Le meuble est \u00e9quip\u00e9 de deux roulettes et d&rsquo;un support de lavabo avec poign\u00e9e profil\u00e9e. Il offre un grand espace de rangement &hellip; <a href=\"https:\/\/mapau.es\/fr\/producto\/pack-gebelin-lavabo-espejo-redondo-2\/\">Continued<\/a><\/p>\n","protected":false},"featured_media":57669,"comment_status":"closed","ping_status":"open","template":"","meta":{"_acf_changed":false},"product_brand":[739],"product_cat":[664],"product_tag":[],"class_list":{"0":"post-52815","1":"product","2":"type-product","3":"status-publish","4":"has-post-thumbnail","6":"product_brand-gebelin","7":"product_cat-meubles-de-salle-de-bain","8":"pa_colores-blanc-mat","9":"pa_colores-chene-de-bardolino","10":"pa_colores-chene-de-bardolino-pelican","11":"pa_colores-gris-macadam-blanc","12":"pa_colores-vert-argile-blanc","13":"pa_medidas-480","14":"pa_medidas-481","15":"pa_medidas-485","17":"first","18":"instock","19":"purchasable","20":"product-type-variable"},"acf":[],"_links":{"self":[{"href":"https:\/\/mapau.es\/fr\/wp-json\/wp\/v2\/product\/52815","targetHints":{"allow":["GET"]}}],"collection":[{"href":"https:\/\/mapau.es\/fr\/wp-json\/wp\/v2\/product"}],"about":[{"href":"https:\/\/mapau.es\/fr\/wp-json\/wp\/v2\/types\/product"}],"replies":[{"embeddable":true,"href":"https:\/\/mapau.es\/fr\/wp-json\/wp\/v2\/comments?post=52815"}],"wp:featuredmedia":[{"embeddable":true,"href":"https:\/\/mapau.es\/fr\/wp-json\/wp\/v2\/media\/57669"}],"wp:attachment":[{"href":"https:\/\/mapau.es\/fr\/wp-json\/wp\/v2\/media?parent=52815"}],"wp:term":[{"taxonomy":"product_brand","embeddable":true,"href":"https:\/\/mapau.es\/fr\/wp-json\/wp\/v2\/product_brand?post=52815"},{"taxonomy":"product_cat","embeddable":true,"href":"https:\/\/mapau.es\/fr\/wp-json\/wp\/v2\/product_cat?post=52815"},{"taxonomy":"product_tag","embeddable":true,"href":"https:\/\/mapau.es\/fr\/wp-json\/wp\/v2\/product_tag?post=52815"}],"curies":[{"name":"wp","href":"https:\/\/api.w.org\/{rel}","templated":true}]}}