{"id":52816,"date":"2024-10-16T13:28:53","date_gmt":"2024-10-16T11:28:53","guid":{"rendered":"https:\/\/mapau.es\/producto\/pack-baker-lavabo-espejo-led-2\/"},"modified":"2026-03-30T17:10:30","modified_gmt":"2026-03-30T15:10:30","slug":"pack-baker-lavabo-espejo-led-2","status":"publish","type":"product","link":"https:\/\/mapau.es\/fr\/producto\/pack-baker-lavabo-espejo-led-2\/","title":{"rendered":"Pack BAKER + \u00e9vier + miroir LED"},"content":{"rendered":"<p>La suite de salle de bains BAKER pr\u00e9sente un design simple et fonctionnel, compatible avec tous les styles de salles de bains. Elle comprend un meuble sous-vasque, un lavabo et un miroir avec \u00e9clairage LED. Le meuble est \u00e9quip\u00e9 de deux roulettes sans poign\u00e9e et offre un large espace de d\u00e9placement. Fabriqu\u00e9 en panneaux de particules de 19 mm avec un rev\u00eatement m\u00e9lamin\u00e9 et des caract\u00e9ristiques de surface optimales, il est \u00e9cologique et recyclable. Les roulettes sont \u00e9quip\u00e9es d&rsquo;un syst\u00e8me anti-s\u00e9curis\u00e9. La roulette m\u00e9tallique \u00e0 double paroi arbore une esth\u00e9tique minimaliste avec des nervures fines et des lignes droites. Elle supporte une charge de 25 kg, offre un acc\u00e8s complet et un large espace de d\u00e9placement. Les m\u00e9canismes d&rsquo;amortissement prolongent la dur\u00e9e de vie du meuble et pr\u00e9viennent les claquements et les bruits. Le plan de travail est compatible avec le siphon, facilitant ainsi l&rsquo;installation du lavabo. Le lavabo en c\u00e9ramique est durable et facile \u00e0 nettoyer. Le miroir est \u00e9quip\u00e9 d&rsquo;un \u00e9clairage LED (IP65, 8,4 W, 910 lm, temp\u00e9rature de couleur 6000 K). L&rsquo;installation est simple : le meuble est livr\u00e9 libre, enti\u00e8rement assembl\u00e9 et pr\u00eat \u00e0 \u00eatre fix\u00e9 au mur. Kit de montage inclus. Robinetterie et plan de travail non inclus. J&rsquo;ai fabriqu\u00e9 en Espagne.<\/p>\n","protected":false},"excerpt":{"rendered":"<p>La suite de salle de bains BAKER pr\u00e9sente un design simple et fonctionnel, compatible avec tous les styles de salles de bains. Elle comprend un meuble sous-vasque, un lavabo et un miroir avec \u00e9clairage LED. Le meuble est \u00e9quip\u00e9 de deux roulettes sans poign\u00e9e et offre un large espace de d\u00e9placement. Fabriqu\u00e9 en panneaux de &hellip; <a href=\"https:\/\/mapau.es\/fr\/producto\/pack-baker-lavabo-espejo-led-2\/\">Continued<\/a><\/p>\n","protected":false},"featured_media":57537,"comment_status":"closed","ping_status":"open","template":"","meta":{"_acf_changed":false},"product_brand":[738],"product_cat":[664],"product_tag":[],"class_list":{"0":"post-52816","1":"product","2":"type-product","3":"status-publish","4":"has-post-thumbnail","6":"product_brand-baker","7":"product_cat-meubles-de-salle-de-bain","8":"pa_colores-chene-bardolino-blanc","9":"pa_colores-noyer-blanc","10":"pa_medidas-480","11":"pa_medidas-481","12":"pa_medidas-485","14":"first","15":"instock","16":"purchasable","17":"product-type-variable"},"acf":[],"_links":{"self":[{"href":"https:\/\/mapau.es\/fr\/wp-json\/wp\/v2\/product\/52816","targetHints":{"allow":["GET"]}}],"collection":[{"href":"https:\/\/mapau.es\/fr\/wp-json\/wp\/v2\/product"}],"about":[{"href":"https:\/\/mapau.es\/fr\/wp-json\/wp\/v2\/types\/product"}],"replies":[{"embeddable":true,"href":"https:\/\/mapau.es\/fr\/wp-json\/wp\/v2\/comments?post=52816"}],"wp:featuredmedia":[{"embeddable":true,"href":"https:\/\/mapau.es\/fr\/wp-json\/wp\/v2\/media\/57537"}],"wp:attachment":[{"href":"https:\/\/mapau.es\/fr\/wp-json\/wp\/v2\/media?parent=52816"}],"wp:term":[{"taxonomy":"product_brand","embeddable":true,"href":"https:\/\/mapau.es\/fr\/wp-json\/wp\/v2\/product_brand?post=52816"},{"taxonomy":"product_cat","embeddable":true,"href":"https:\/\/mapau.es\/fr\/wp-json\/wp\/v2\/product_cat?post=52816"},{"taxonomy":"product_tag","embeddable":true,"href":"https:\/\/mapau.es\/fr\/wp-json\/wp\/v2\/product_tag?post=52816"}],"curies":[{"name":"wp","href":"https:\/\/api.w.org\/{rel}","templated":true}]}}