{"id":52817,"date":"2024-10-16T13:26:24","date_gmt":"2024-10-16T11:26:24","guid":{"rendered":"https:\/\/mapau.es\/producto\/pack-curie-lavabo-espejo-capsula-2\/"},"modified":"2026-03-30T17:10:41","modified_gmt":"2026-03-30T15:10:41","slug":"pack-curie-lavabo-espejo-capsula-2","status":"publish","type":"product","link":"https:\/\/mapau.es\/fr\/producto\/pack-curie-lavabo-espejo-capsula-2\/","title":{"rendered":"Pack CURIE + lavabo + capsule miroir"},"content":{"rendered":"<p>Ensemble de salle de bains de la collection CURIE, au design moderne et \u00e9l\u00e9gant qui s&rsquo;harmonise avec tous les styles de salles de bains. Cet ensemble comprend un meuble sous-vasque, un lavabo et un miroir int\u00e9gr\u00e9. Le meuble sous-vasque est \u00e9quip\u00e9 de deux barres minimalistes et offre un grand espace de rangement. Fabriqu\u00e9 en panneaux de particules de 19 mm avec un rev\u00eatement m\u00e9lamin\u00e9 aux caract\u00e9ristiques de surface optimales, il est \u00e9cologique et recyclable. Il est \u00e9quip\u00e9 de quatre supports de fixation avec syst\u00e8me anti-affaissement. Le meuble en m\u00e9tal double face pr\u00e9sente une esth\u00e9tique minimaliste, avec des lignes fines et ergonomiques, une capacit\u00e9 de charge de 25 kg, une accessibilit\u00e9 totale et un grand espace de rangement \u00e0 l&rsquo;arri\u00e8re. Les m\u00e9canismes d&rsquo;amortissement prolongent la dur\u00e9e de vie du meuble et pr\u00e9viennent les claquements et les bruits. Le plan de travail du lavabo est \u00e9quip\u00e9 d&rsquo;un emplacement pour la vasque, facilitant \u00e9galement l&rsquo;installation. La vasque en c\u00e9ramique est durable et facile \u00e0 nettoyer. Un miroir int\u00e9gr\u00e9 est inclus. L&rsquo;installation est simple, le meuble est livr\u00e9 libre, enti\u00e8rement assembl\u00e9 et pr\u00eat \u00e0 \u00eatre install\u00e9 au mur. Un kit de fixation est disponible. Robinetterie et bonde non incluses. Fabriqu\u00e9 en Espagne.<\/p>\n","protected":false},"excerpt":{"rendered":"<p>Ensemble de salle de bains de la collection CURIE, au design moderne et \u00e9l\u00e9gant qui s&rsquo;harmonise avec tous les styles de salles de bains. Cet ensemble comprend un meuble sous-vasque, un lavabo et un miroir int\u00e9gr\u00e9. Le meuble sous-vasque est \u00e9quip\u00e9 de deux barres minimalistes et offre un grand espace de rangement. Fabriqu\u00e9 en panneaux &hellip; <a href=\"https:\/\/mapau.es\/fr\/producto\/pack-curie-lavabo-espejo-capsula-2\/\">Continued<\/a><\/p>\n","protected":false},"featured_media":57559,"comment_status":"closed","ping_status":"open","template":"","meta":{"_acf_changed":false},"product_brand":[737],"product_cat":[664],"product_tag":[],"class_list":{"0":"post-52817","1":"product","2":"type-product","3":"status-publish","4":"has-post-thumbnail","6":"product_brand-curie","7":"product_cat-meubles-de-salle-de-bain","8":"pa_colores-blanc-mat","9":"pa_colores-chene-de-bardolino","10":"pa_colores-chene-de-bardolino-pelican","11":"pa_colores-gris-macadam-blanc","12":"pa_colores-vert-argile-blanc","13":"pa_medidas-480","14":"pa_medidas-481","15":"pa_medidas-492","16":"pa_medidas-485","18":"first","19":"instock","20":"purchasable","21":"product-type-variable"},"acf":[],"_links":{"self":[{"href":"https:\/\/mapau.es\/fr\/wp-json\/wp\/v2\/product\/52817","targetHints":{"allow":["GET"]}}],"collection":[{"href":"https:\/\/mapau.es\/fr\/wp-json\/wp\/v2\/product"}],"about":[{"href":"https:\/\/mapau.es\/fr\/wp-json\/wp\/v2\/types\/product"}],"replies":[{"embeddable":true,"href":"https:\/\/mapau.es\/fr\/wp-json\/wp\/v2\/comments?post=52817"}],"wp:featuredmedia":[{"embeddable":true,"href":"https:\/\/mapau.es\/fr\/wp-json\/wp\/v2\/media\/57559"}],"wp:attachment":[{"href":"https:\/\/mapau.es\/fr\/wp-json\/wp\/v2\/media?parent=52817"}],"wp:term":[{"taxonomy":"product_brand","embeddable":true,"href":"https:\/\/mapau.es\/fr\/wp-json\/wp\/v2\/product_brand?post=52817"},{"taxonomy":"product_cat","embeddable":true,"href":"https:\/\/mapau.es\/fr\/wp-json\/wp\/v2\/product_cat?post=52817"},{"taxonomy":"product_tag","embeddable":true,"href":"https:\/\/mapau.es\/fr\/wp-json\/wp\/v2\/product_tag?post=52817"}],"curies":[{"name":"wp","href":"https:\/\/api.w.org\/{rel}","templated":true}]}}