{"id":52819,"date":"2024-07-24T09:28:10","date_gmt":"2024-07-24T07:28:10","guid":{"rendered":"https:\/\/mapau.es\/producto\/new-essentiel-2\/"},"modified":"2026-04-22T11:41:51","modified_gmt":"2026-04-22T09:41:51","slug":"new-essentiel-2","status":"publish","type":"product","link":"https:\/\/mapau.es\/fr\/producto\/new-essentiel-2\/","title":{"rendered":"NEW ESSENTIEL"},"content":{"rendered":"<p>Ensemble de salle de bains de la NOUVELLE collection ESSENTIEL, au design simple et fonctionnel qui s&rsquo;adapte parfaitement \u00e0 tous les styles de salle de bains.<br \/>\nL&rsquo;ensemble comprend un meuble-lavabo, une vasque et un miroir avec \u00e9clairage LED.<br \/>\nMeuble-lavabo avec deux tiroirs sans poign\u00e9es. Grand espace de rangement.<br \/>Fabriqu\u00e9 en panneaux de particules de 19 mm avec rev\u00eatement m\u00e9lamin\u00e9 et finitions de surface optimales ; \u00e9cologique et recyclable.<br \/>Supports de fixation avec syst\u00e8me anti-affaissement.<br \/>Tiroir m\u00e9tallique \u00e0 double paroi au design minimaliste, caract\u00e9ris\u00e9 par des nervures fines et des lignes droites, supportant une charge de 25 kg, offrant une accessibilit\u00e9 totale et un grand espace de rangement \u00e0 l&rsquo;arri\u00e8re.<br \/>M\u00e9canisme de fermeture amortie pour prolonger la dur\u00e9e de vie du meuble et \u00e9viter les claquements et les bruits.<br \/>Tiroir sup\u00e9rieur avec emplacement pour le siphon, facilitant l&rsquo;installation de la bonde d&rsquo;\u00e9vier.<br \/>\u00c9vier \u00e0 poser en c\u00e9ramique. Durable et facile \u00e0 nettoyer.<br \/>\nComprend un miroir avec \u00e9clairage LED, indice de protection IP65, puissance de 8,4 W, flux lumineux de 910 lm et temp\u00e9rature de couleur de 6 000 K.<br \/>\nInstallation facile : l\u2019unit\u00e9 est livr\u00e9e pr\u00e9-assembl\u00e9e et pr\u00eate \u00e0 \u00eatre fix\u00e9e au mur. Kit de montage inclus.<br \/>Robinet et bonde non inclus.<br \/>Fabriqu\u00e9 en Espagne.<\/p>\n","protected":false},"excerpt":{"rendered":"<p>Ensemble de salle de bains de la NOUVELLE collection ESSENTIEL, au design simple et fonctionnel qui s&rsquo;adapte parfaitement \u00e0 tous les styles de salle de bains. L&rsquo;ensemble comprend un meuble-lavabo, une vasque et un miroir avec \u00e9clairage LED. Meuble-lavabo avec deux tiroirs sans poign\u00e9es. Grand espace de rangement.Fabriqu\u00e9 en panneaux de particules de 19 mm &hellip; <a href=\"https:\/\/mapau.es\/fr\/producto\/new-essentiel-2\/\">Continued<\/a><\/p>\n","protected":false},"featured_media":57660,"comment_status":"closed","ping_status":"open","template":"","meta":{"_acf_changed":false},"product_brand":[736],"product_cat":[664,665],"product_tag":[],"class_list":{"0":"post-52819","1":"product","2":"type-product","3":"status-publish","4":"has-post-thumbnail","6":"product_brand-essentiel","7":"product_cat-meubles-de-salle-de-bain","8":"product_cat-meubles-de-salle-de-bain-2","9":"pa_colores-blanc-mat","10":"pa_colores-chene-de-bardolino","11":"pa_medidas-100-000-2","12":"pa_medidas-120-000-2","13":"pa_medidas-60-000-2","14":"pa_medidas-80-000-2","15":"pa_medidas-480","16":"pa_medidas-481","17":"pa_medidas-492","18":"pa_medidas-485","20":"first","21":"instock","22":"purchasable","23":"product-type-variable"},"acf":[],"_links":{"self":[{"href":"https:\/\/mapau.es\/fr\/wp-json\/wp\/v2\/product\/52819","targetHints":{"allow":["GET"]}}],"collection":[{"href":"https:\/\/mapau.es\/fr\/wp-json\/wp\/v2\/product"}],"about":[{"href":"https:\/\/mapau.es\/fr\/wp-json\/wp\/v2\/types\/product"}],"replies":[{"embeddable":true,"href":"https:\/\/mapau.es\/fr\/wp-json\/wp\/v2\/comments?post=52819"}],"wp:featuredmedia":[{"embeddable":true,"href":"https:\/\/mapau.es\/fr\/wp-json\/wp\/v2\/media\/57660"}],"wp:attachment":[{"href":"https:\/\/mapau.es\/fr\/wp-json\/wp\/v2\/media?parent=52819"}],"wp:term":[{"taxonomy":"product_brand","embeddable":true,"href":"https:\/\/mapau.es\/fr\/wp-json\/wp\/v2\/product_brand?post=52819"},{"taxonomy":"product_cat","embeddable":true,"href":"https:\/\/mapau.es\/fr\/wp-json\/wp\/v2\/product_cat?post=52819"},{"taxonomy":"product_tag","embeddable":true,"href":"https:\/\/mapau.es\/fr\/wp-json\/wp\/v2\/product_tag?post=52819"}],"curies":[{"name":"wp","href":"https:\/\/api.w.org\/{rel}","templated":true}]}}