{"id":52820,"date":"2024-04-25T13:14:59","date_gmt":"2024-04-25T11:14:59","guid":{"rendered":"https:\/\/mapau.es\/producto\/pack-artois-lavabo-espejo-circular-2\/"},"modified":"2026-03-30T17:10:53","modified_gmt":"2026-03-30T15:10:53","slug":"pack-artois-lavabo-espejo-circular-2","status":"publish","type":"product","link":"https:\/\/mapau.es\/fr\/producto\/pack-artois-lavabo-espejo-circular-2\/","title":{"rendered":"Pack ARTOIS + lavabo + miroir rond"},"content":{"rendered":"<p>Salle de bain privative comprenant un meuble basque, une vasque et un miroir rond. Meuble basque suspendu avec fa\u00e7ade grillag\u00e9e d\u00e9corative. J&rsquo;ai fabriqu\u00e9 des panneaux de particules de m\u00e9lamine de 19 mm avec des propri\u00e9t\u00e9s de surface optimales. Surface \u00e9tanche et hygi\u00e9nique. Tirette en m\u00e9tal \u00e0 double paroi au design minimaliste, caract\u00e9ris\u00e9e par deux fines nervures et des lignes droites, avec un syst\u00e8me de fermeture amortie, une accessibilit\u00e9 totale et un grand espace de rangement. Crochets r\u00e9glables avec syst\u00e8me anti-d\u00e9tachable, aussi bien horizontalement que verticalement. Le gilet au crochet ne supporte pas plus de 120 kg. Con\u00e7u pour une installation de robinetterie murale. Lavabo Poser en c\u00e9ramique blanc brillant inclus. Miroir rond inclus. Livr\u00e9 assembl\u00e9 et pr\u00eat \u00e0 partir fix\u00e9 au mur. Kit de fixation fourni. Robinetterie et bonde non incluses. J&rsquo;ai fabriqu\u00e9 en Espagne.<\/p>\n","protected":false},"excerpt":{"rendered":"<p>Salle de bain privative comprenant un meuble basque, une vasque et un miroir rond. Meuble basque suspendu avec fa\u00e7ade grillag\u00e9e d\u00e9corative. J&rsquo;ai fabriqu\u00e9 des panneaux de particules de m\u00e9lamine de 19 mm avec des propri\u00e9t\u00e9s de surface optimales. Surface \u00e9tanche et hygi\u00e9nique. Tirette en m\u00e9tal \u00e0 double paroi au design minimaliste, caract\u00e9ris\u00e9e par deux fines &hellip; <a href=\"https:\/\/mapau.es\/fr\/producto\/pack-artois-lavabo-espejo-circular-2\/\">Continued<\/a><\/p>\n","protected":false},"featured_media":12765,"comment_status":"closed","ping_status":"open","template":"","meta":{"_acf_changed":false},"product_brand":[712],"product_cat":[664],"product_tag":[],"class_list":{"0":"post-52820","1":"product","2":"type-product","3":"status-publish","4":"has-post-thumbnail","6":"product_brand-artois","7":"product_cat-meubles-de-salle-de-bain","8":"pa_caracteristicas-2-tiroirs","9":"pa_caracteristicas-1-tiroir","10":"pa_colores-blanc","11":"pa_colores-jet","12":"pa_colores-noyer","13":"pa_colores-chene","14":"pa_medidas-480","15":"pa_medidas-481","16":"pa_medidas-489","17":"pa_medidas-485","19":"first","20":"instock","21":"purchasable","22":"product-type-variable"},"acf":[],"_links":{"self":[{"href":"https:\/\/mapau.es\/fr\/wp-json\/wp\/v2\/product\/52820","targetHints":{"allow":["GET"]}}],"collection":[{"href":"https:\/\/mapau.es\/fr\/wp-json\/wp\/v2\/product"}],"about":[{"href":"https:\/\/mapau.es\/fr\/wp-json\/wp\/v2\/types\/product"}],"replies":[{"embeddable":true,"href":"https:\/\/mapau.es\/fr\/wp-json\/wp\/v2\/comments?post=52820"}],"wp:featuredmedia":[{"embeddable":true,"href":"https:\/\/mapau.es\/fr\/wp-json\/wp\/v2\/media\/12765"}],"wp:attachment":[{"href":"https:\/\/mapau.es\/fr\/wp-json\/wp\/v2\/media?parent=52820"}],"wp:term":[{"taxonomy":"product_brand","embeddable":true,"href":"https:\/\/mapau.es\/fr\/wp-json\/wp\/v2\/product_brand?post=52820"},{"taxonomy":"product_cat","embeddable":true,"href":"https:\/\/mapau.es\/fr\/wp-json\/wp\/v2\/product_cat?post=52820"},{"taxonomy":"product_tag","embeddable":true,"href":"https:\/\/mapau.es\/fr\/wp-json\/wp\/v2\/product_tag?post=52820"}],"curies":[{"name":"wp","href":"https:\/\/api.w.org\/{rel}","templated":true}]}}