{"id":52821,"date":"2024-03-26T15:55:14","date_gmt":"2024-03-26T14:55:14","guid":{"rendered":"https:\/\/mapau.es\/producto\/pack-fremin-lavabo-espejo-capsula-2\/"},"modified":"2026-03-30T17:11:04","modified_gmt":"2026-03-30T15:11:04","slug":"pack-fremin-lavabo-espejo-capsula-2","status":"publish","type":"product","link":"https:\/\/mapau.es\/fr\/producto\/pack-fremin-lavabo-espejo-capsula-2\/","title":{"rendered":"Pack FR\u00c9MIN + \u00e9vier + capsule miroir"},"content":{"rendered":"<p>Meuble de salle de bain profond, comprenant un lavabo et un miroir int\u00e9gr\u00e9. Id\u00e9al pour les petits espaces. Ce meuble est dot\u00e9 d&rsquo;une porte orn\u00e9e d&rsquo;un d\u00e9tail angulaire d\u00e9coratif. Fabriqu\u00e9 en panneaux de particules de 19 mm avec rev\u00eatement m\u00e9lamin\u00e9 et finitions de surface optimales, il est \u00e9cologique et recyclable. La structure m\u00e9tallique minimaliste double face pr\u00e9sente des lignes fines et \u00e9pur\u00e9es, un syst\u00e8me de fixation antichoc, une capacit\u00e9 de charge de 25 kg, une accessibilit\u00e9 totale et un grand espace de rangement. Il est \u00e9quip\u00e9 de crochets avec syst\u00e8me anti-d\u00e9raillement. Un lavabo en c\u00e9ramique avec vasques professionnelles et miroir int\u00e9gr\u00e9 est inclus. Le meuble est livr\u00e9 libre et pr\u00eat \u00e0 \u00eatre fix\u00e9 au mur. Un kit de fixation est disponible. Robinetterie et bonde non incluses. Fabriqu\u00e9 en Espagne.<\/p>\n","protected":false},"excerpt":{"rendered":"<p>Meuble de salle de bain profond, comprenant un lavabo et un miroir int\u00e9gr\u00e9. Id\u00e9al pour les petits espaces. Ce meuble est dot\u00e9 d&rsquo;une porte orn\u00e9e d&rsquo;un d\u00e9tail angulaire d\u00e9coratif. Fabriqu\u00e9 en panneaux de particules de 19 mm avec rev\u00eatement m\u00e9lamin\u00e9 et finitions de surface optimales, il est \u00e9cologique et recyclable. La structure m\u00e9tallique minimaliste double &hellip; <a href=\"https:\/\/mapau.es\/fr\/producto\/pack-fremin-lavabo-espejo-capsula-2\/\">Continued<\/a><\/p>\n","protected":false},"featured_media":57586,"comment_status":"closed","ping_status":"closed","template":"","meta":{"_acf_changed":false},"product_brand":[735],"product_cat":[664],"product_tag":[],"class_list":{"0":"post-52821","1":"product","2":"type-product","3":"status-publish","4":"has-post-thumbnail","6":"product_brand-fremin","7":"product_cat-meubles-de-salle-de-bain","8":"pa_colores-chene-de-bardolino","9":"pa_colores-chene-noir-de-jais","10":"pa_colores-noyer","11":"pa_colores-alcatraz","12":"pa_medidas-486","13":"pa_medidas-492","14":"pa_medidas-485","16":"first","17":"instock","18":"purchasable","19":"product-type-variable"},"acf":[],"_links":{"self":[{"href":"https:\/\/mapau.es\/fr\/wp-json\/wp\/v2\/product\/52821","targetHints":{"allow":["GET"]}}],"collection":[{"href":"https:\/\/mapau.es\/fr\/wp-json\/wp\/v2\/product"}],"about":[{"href":"https:\/\/mapau.es\/fr\/wp-json\/wp\/v2\/types\/product"}],"replies":[{"embeddable":true,"href":"https:\/\/mapau.es\/fr\/wp-json\/wp\/v2\/comments?post=52821"}],"wp:featuredmedia":[{"embeddable":true,"href":"https:\/\/mapau.es\/fr\/wp-json\/wp\/v2\/media\/57586"}],"wp:attachment":[{"href":"https:\/\/mapau.es\/fr\/wp-json\/wp\/v2\/media?parent=52821"}],"wp:term":[{"taxonomy":"product_brand","embeddable":true,"href":"https:\/\/mapau.es\/fr\/wp-json\/wp\/v2\/product_brand?post=52821"},{"taxonomy":"product_cat","embeddable":true,"href":"https:\/\/mapau.es\/fr\/wp-json\/wp\/v2\/product_cat?post=52821"},{"taxonomy":"product_tag","embeddable":true,"href":"https:\/\/mapau.es\/fr\/wp-json\/wp\/v2\/product_tag?post=52821"}],"curies":[{"name":"wp","href":"https:\/\/api.w.org\/{rel}","templated":true}]}}