{"id":52822,"date":"2024-03-26T15:54:28","date_gmt":"2024-03-26T14:54:28","guid":{"rendered":"https:\/\/mapau.es\/producto\/pack-coustou-lavabo-espejo-capsula-2\/"},"modified":"2026-03-30T17:11:17","modified_gmt":"2026-03-30T15:11:17","slug":"pack-coustou-lavabo-espejo-capsula-2","status":"publish","type":"product","link":"https:\/\/mapau.es\/fr\/producto\/pack-coustou-lavabo-espejo-capsula-2\/","title":{"rendered":"Pack COUSTOU + \u00e9vier + capsule miroir"},"content":{"rendered":"<p>Meuble vasque de salle de bain avec vasque \u00e0 profondeur r\u00e9duite et capsule miroir. Id\u00e9al pour les petits espaces. Ce meuble est \u00e9quip\u00e9 d&rsquo;une porte orn\u00e9e d&rsquo;un d\u00e9tail angulaire d\u00e9coratif. Il est fabriqu\u00e9 en panneaux de particules de 19 mm avec couvercle inf\u00e9rieur et finitions optimales, respectant l&rsquo;environnement et les mat\u00e9riaux recyclables. La charni\u00e8re en acier nickel\u00e9 est \u00e9quip\u00e9e d&rsquo;un piston enti\u00e8rement amorti pour une utilisation en douceur. Ajustement tridimensionnel. Fixations murales avec syst\u00e8me anti-affaissement. Vasque \u00e0 poser en c\u00e9ramique \u00e0 profondeur r\u00e9duite m\u00eame. Capsule Miroir m\u00eame. Assemblage gratuit et pr\u00eat \u00e0 fixer sur votre mur. Kit de fixation fourni. Robinetterie et bonde non incluses. J&rsquo;ai fabriqu\u00e9 en Espagne.<\/p>\n","protected":false},"excerpt":{"rendered":"<p>Meuble vasque de salle de bain avec vasque \u00e0 profondeur r\u00e9duite et capsule miroir. Id\u00e9al pour les petits espaces. Ce meuble est \u00e9quip\u00e9 d&rsquo;une porte orn\u00e9e d&rsquo;un d\u00e9tail angulaire d\u00e9coratif. Il est fabriqu\u00e9 en panneaux de particules de 19 mm avec couvercle inf\u00e9rieur et finitions optimales, respectant l&rsquo;environnement et les mat\u00e9riaux recyclables. La charni\u00e8re en &hellip; <a href=\"https:\/\/mapau.es\/fr\/producto\/pack-coustou-lavabo-espejo-capsula-2\/\">Continued<\/a><\/p>\n","protected":false},"featured_media":13205,"comment_status":"closed","ping_status":"open","template":"","meta":{"_acf_changed":false},"product_brand":[734],"product_cat":[664],"product_tag":[],"class_list":{"0":"post-52822","1":"product","2":"type-product","3":"status-publish","4":"has-post-thumbnail","6":"product_brand-coustou","7":"product_cat-meubles-de-salle-de-bain","8":"pa_colores-chene-de-bardolino","9":"pa_colores-chene-noir-de-jais","10":"pa_colores-noyer","11":"pa_colores-alcatraz","12":"pa_medidas-486","13":"pa_medidas-492","14":"pa_medidas-485","16":"first","17":"instock","18":"purchasable","19":"product-type-variable"},"acf":[],"_links":{"self":[{"href":"https:\/\/mapau.es\/fr\/wp-json\/wp\/v2\/product\/52822","targetHints":{"allow":["GET"]}}],"collection":[{"href":"https:\/\/mapau.es\/fr\/wp-json\/wp\/v2\/product"}],"about":[{"href":"https:\/\/mapau.es\/fr\/wp-json\/wp\/v2\/types\/product"}],"replies":[{"embeddable":true,"href":"https:\/\/mapau.es\/fr\/wp-json\/wp\/v2\/comments?post=52822"}],"wp:featuredmedia":[{"embeddable":true,"href":"https:\/\/mapau.es\/fr\/wp-json\/wp\/v2\/media\/13205"}],"wp:attachment":[{"href":"https:\/\/mapau.es\/fr\/wp-json\/wp\/v2\/media?parent=52822"}],"wp:term":[{"taxonomy":"product_brand","embeddable":true,"href":"https:\/\/mapau.es\/fr\/wp-json\/wp\/v2\/product_brand?post=52822"},{"taxonomy":"product_cat","embeddable":true,"href":"https:\/\/mapau.es\/fr\/wp-json\/wp\/v2\/product_cat?post=52822"},{"taxonomy":"product_tag","embeddable":true,"href":"https:\/\/mapau.es\/fr\/wp-json\/wp\/v2\/product_tag?post=52822"}],"curies":[{"name":"wp","href":"https:\/\/api.w.org\/{rel}","templated":true}]}}