{"id":52823,"date":"2024-03-26T15:53:49","date_gmt":"2024-03-26T14:53:49","guid":{"rendered":"https:\/\/mapau.es\/producto\/pack-beauneveu-lavabo-espejo-circular-2\/"},"modified":"2026-03-30T17:11:17","modified_gmt":"2026-03-30T15:11:17","slug":"pack-beauneveu-lavabo-espejo-circular-2","status":"publish","type":"product","link":"https:\/\/mapau.es\/fr\/producto\/pack-beauneveu-lavabo-espejo-circular-2\/","title":{"rendered":"Pack BEUNEVEU + lavabo + miroir rond"},"content":{"rendered":"<p>Meuble bas avec vasque et miroir rond. Ce meuble est \u00e9quip\u00e9 de portes ajour\u00e9es sur la poign\u00e9e centrale. Il est fabriqu\u00e9 en panneaux de particules de 19 mm avec rev\u00eatement thermolamin\u00e9 et finitions de surface optimales, \u00e9cologiques et recyclables. Il comprend des fixations murales avec syst\u00e8me anti-affaissement. La structure m\u00e9tallique \u00e0 double treillis pr\u00e9sente une esth\u00e9tique minimaliste, avec des grilles d&rsquo;a\u00e9ration et des lignes l\u00e9g\u00e8res, un m\u00e9canisme d&rsquo;absorption des chocs, une capacit\u00e9 de charge de 25 kg, une accessibilit\u00e9 totale et un espace polyvalent. Une vasque en c\u00e9ramique et un miroir rond sont inclus. Le meuble est libre et pr\u00eat \u00e0 \u00eatre install\u00e9 au mur. Un kit de fixation est disponible. Robinetterie et bonde non incluses. Fabriqu\u00e9 en Espagne.<\/p>\n","protected":false},"excerpt":{"rendered":"<p>Meuble bas avec vasque et miroir rond. Ce meuble est \u00e9quip\u00e9 de portes ajour\u00e9es sur la poign\u00e9e centrale. Il est fabriqu\u00e9 en panneaux de particules de 19 mm avec rev\u00eatement thermolamin\u00e9 et finitions de surface optimales, \u00e9cologiques et recyclables. Il comprend des fixations murales avec syst\u00e8me anti-affaissement. La structure m\u00e9tallique \u00e0 double treillis pr\u00e9sente une &hellip; <a href=\"https:\/\/mapau.es\/fr\/producto\/pack-beauneveu-lavabo-espejo-circular-2\/\">Continued<\/a><\/p>\n","protected":false},"featured_media":57550,"comment_status":"closed","ping_status":"open","template":"","meta":{"_acf_changed":false},"product_brand":[733],"product_cat":[664],"product_tag":[],"class_list":{"0":"post-52823","1":"product","2":"type-product","3":"status-publish","4":"has-post-thumbnail","6":"product_brand-beauneveu","7":"product_cat-meubles-de-salle-de-bain","8":"pa_colores-chene-de-bardolino","9":"pa_colores-chene-noir-de-jais","10":"pa_colores-noyer","11":"pa_medidas-480","12":"pa_medidas-481","13":"pa_medidas-489","14":"pa_medidas-485","15":"pa_medidas-80-00","17":"first","18":"instock","19":"purchasable","20":"product-type-variable"},"acf":[],"_links":{"self":[{"href":"https:\/\/mapau.es\/fr\/wp-json\/wp\/v2\/product\/52823","targetHints":{"allow":["GET"]}}],"collection":[{"href":"https:\/\/mapau.es\/fr\/wp-json\/wp\/v2\/product"}],"about":[{"href":"https:\/\/mapau.es\/fr\/wp-json\/wp\/v2\/types\/product"}],"replies":[{"embeddable":true,"href":"https:\/\/mapau.es\/fr\/wp-json\/wp\/v2\/comments?post=52823"}],"wp:featuredmedia":[{"embeddable":true,"href":"https:\/\/mapau.es\/fr\/wp-json\/wp\/v2\/media\/57550"}],"wp:attachment":[{"href":"https:\/\/mapau.es\/fr\/wp-json\/wp\/v2\/media?parent=52823"}],"wp:term":[{"taxonomy":"product_brand","embeddable":true,"href":"https:\/\/mapau.es\/fr\/wp-json\/wp\/v2\/product_brand?post=52823"},{"taxonomy":"product_cat","embeddable":true,"href":"https:\/\/mapau.es\/fr\/wp-json\/wp\/v2\/product_cat?post=52823"},{"taxonomy":"product_tag","embeddable":true,"href":"https:\/\/mapau.es\/fr\/wp-json\/wp\/v2\/product_tag?post=52823"}],"curies":[{"name":"wp","href":"https:\/\/api.w.org\/{rel}","templated":true}]}}