{"id":52824,"date":"2024-03-26T15:53:29","date_gmt":"2024-03-26T14:53:29","guid":{"rendered":"https:\/\/mapau.es\/producto\/complemento-gauvin-2\/"},"modified":"2026-03-30T17:11:17","modified_gmt":"2026-03-30T15:11:17","slug":"complemento-gauvin-2","status":"publish","type":"product","link":"https:\/\/mapau.es\/fr\/producto\/complemento-gauvin-2\/","title":{"rendered":"Accessoires GAUVIN"},"content":{"rendered":"<p>Colonne auxiliaire id\u00e9ale pour optimiser l&rsquo;espace de votre salle de bain. Cet accessoire de salle de bain de 36 x 165 cm est compos\u00e9 de panneaux de particules thermolamin\u00e9s de 19 mm aux finitions impeccables. \u00c9cologique et recyclable, il est \u00e9quip\u00e9 d&rsquo;un syst\u00e8me d&rsquo;amortissement. La porte est orn\u00e9e d&rsquo;une poign\u00e9e noire m\u00e9t\u00e9e et comprend des charni\u00e8res en acier nickel\u00e9 avec amortisseur pour une fermeture en douceur. Elle offre un r\u00e9glage tridimensionnel. Les supports muraux supportent jusqu&rsquo;\u00e0 65 kg chacun. Ils sont finis avec un profil\u00e9 PVC de 1 mm. Livr\u00e9e en kit de montage, elle est pr\u00eate \u00e0 \u00eatre fix\u00e9e au mur. Fabriqu\u00e9e en Espagne.<\/p>\n","protected":false},"excerpt":{"rendered":"<p>Colonne auxiliaire id\u00e9ale pour optimiser l&rsquo;espace de votre salle de bain. Cet accessoire de salle de bain de 36 x 165 cm est compos\u00e9 de panneaux de particules thermolamin\u00e9s de 19 mm aux finitions impeccables. \u00c9cologique et recyclable, il est \u00e9quip\u00e9 d&rsquo;un syst\u00e8me d&rsquo;amortissement. La porte est orn\u00e9e d&rsquo;une poign\u00e9e noire m\u00e9t\u00e9e et comprend des &hellip; <a href=\"https:\/\/mapau.es\/fr\/producto\/complemento-gauvin-2\/\">Continued<\/a><\/p>\n","protected":false},"featured_media":57665,"comment_status":"closed","ping_status":"closed","template":"","meta":{"_acf_changed":false},"product_brand":[732],"product_cat":[664],"product_tag":[],"class_list":{"0":"post-52824","1":"product","2":"type-product","3":"status-publish","4":"has-post-thumbnail","6":"product_brand-gauvin","7":"product_cat-meubles-de-salle-de-bain","8":"pa_colores-blanc","9":"pa_colores-chene-de-bardolino","10":"pa_colores-noyer","11":"pa_colores-vert-argile","12":"pa_colores-macadam","13":"pa_medidas-613","15":"first","16":"instock","17":"purchasable","18":"product-type-variable"},"acf":[],"_links":{"self":[{"href":"https:\/\/mapau.es\/fr\/wp-json\/wp\/v2\/product\/52824","targetHints":{"allow":["GET"]}}],"collection":[{"href":"https:\/\/mapau.es\/fr\/wp-json\/wp\/v2\/product"}],"about":[{"href":"https:\/\/mapau.es\/fr\/wp-json\/wp\/v2\/types\/product"}],"replies":[{"embeddable":true,"href":"https:\/\/mapau.es\/fr\/wp-json\/wp\/v2\/comments?post=52824"}],"wp:featuredmedia":[{"embeddable":true,"href":"https:\/\/mapau.es\/fr\/wp-json\/wp\/v2\/media\/57665"}],"wp:attachment":[{"href":"https:\/\/mapau.es\/fr\/wp-json\/wp\/v2\/media?parent=52824"}],"wp:term":[{"taxonomy":"product_brand","embeddable":true,"href":"https:\/\/mapau.es\/fr\/wp-json\/wp\/v2\/product_brand?post=52824"},{"taxonomy":"product_cat","embeddable":true,"href":"https:\/\/mapau.es\/fr\/wp-json\/wp\/v2\/product_cat?post=52824"},{"taxonomy":"product_tag","embeddable":true,"href":"https:\/\/mapau.es\/fr\/wp-json\/wp\/v2\/product_tag?post=52824"}],"curies":[{"name":"wp","href":"https:\/\/api.w.org\/{rel}","templated":true}]}}