{"id":52825,"date":"2024-03-26T15:52:26","date_gmt":"2024-03-26T14:52:26","guid":{"rendered":"https:\/\/mapau.es\/producto\/pack-gauvin-lavabo-espejo-circular-2\/"},"modified":"2026-03-30T17:11:30","modified_gmt":"2026-03-30T15:11:30","slug":"pack-gauvin-lavabo-espejo-circular-2","status":"publish","type":"product","link":"https:\/\/mapau.es\/fr\/producto\/pack-gauvin-lavabo-espejo-circular-2\/","title":{"rendered":"Pack GAUVIN + lavabo + miroir rond"},"content":{"rendered":"<p>Meuble bas avec vasque et miroir rond. Ce meuble est \u00e9quip\u00e9 d&rsquo;un passe-partout \u00e0 caissons noirs. Il est fabriqu\u00e9 en panneaux de particules de 19 mm avec couvercle inf\u00e9rieur et finitions optimales, respectant l&rsquo;environnement et les mat\u00e9riaux recyclables. Il comprend des fixations murales avec syst\u00e8me anti-affaissement. Le caisson m\u00e9tallique \u00e0 double paroi arbore une esth\u00e9tique minimaliste, alliant fonctionnalit\u00e9 et esth\u00e9tique. Il comprend un m\u00e9canisme d&rsquo;absorption des chocs, une capacit\u00e9 de charge de 25 kg, une accessibilit\u00e9 totale et un espace de transport optimal. Un bol en c\u00e9ramique et un miroir rond sont inclus. Le mobilier est gratuit et pr\u00eat \u00e0 \u00eatre utilis\u00e9 sur votre mur. Un kit de fixation est disponible. Robinetterie et bonde non incluses. J&rsquo;ai fabriqu\u00e9 en Espagne.<\/p>\n","protected":false},"excerpt":{"rendered":"<p>Meuble bas avec vasque et miroir rond. Ce meuble est \u00e9quip\u00e9 d&rsquo;un passe-partout \u00e0 caissons noirs. Il est fabriqu\u00e9 en panneaux de particules de 19 mm avec couvercle inf\u00e9rieur et finitions optimales, respectant l&rsquo;environnement et les mat\u00e9riaux recyclables. Il comprend des fixations murales avec syst\u00e8me anti-affaissement. Le caisson m\u00e9tallique \u00e0 double paroi arbore une esth\u00e9tique &hellip; <a href=\"https:\/\/mapau.es\/fr\/producto\/pack-gauvin-lavabo-espejo-circular-2\/\">Continued<\/a><\/p>\n","protected":false},"featured_media":57779,"comment_status":"closed","ping_status":"closed","template":"","meta":{"_acf_changed":false},"product_brand":[732],"product_cat":[664],"product_tag":[],"class_list":{"0":"post-52825","1":"product","2":"type-product","3":"status-publish","4":"has-post-thumbnail","6":"product_brand-gauvin","7":"product_cat-meubles-de-salle-de-bain","8":"pa_colores-blanc","9":"pa_colores-chene-de-bardolino","10":"pa_colores-noyer","11":"pa_colores-vert-argile","12":"pa_colores-macadam","13":"pa_medidas-480","14":"pa_medidas-481","15":"pa_medidas-489","16":"pa_medidas-485","18":"first","19":"instock","20":"purchasable","21":"product-type-variable"},"acf":[],"_links":{"self":[{"href":"https:\/\/mapau.es\/fr\/wp-json\/wp\/v2\/product\/52825","targetHints":{"allow":["GET"]}}],"collection":[{"href":"https:\/\/mapau.es\/fr\/wp-json\/wp\/v2\/product"}],"about":[{"href":"https:\/\/mapau.es\/fr\/wp-json\/wp\/v2\/types\/product"}],"replies":[{"embeddable":true,"href":"https:\/\/mapau.es\/fr\/wp-json\/wp\/v2\/comments?post=52825"}],"wp:featuredmedia":[{"embeddable":true,"href":"https:\/\/mapau.es\/fr\/wp-json\/wp\/v2\/media\/57779"}],"wp:attachment":[{"href":"https:\/\/mapau.es\/fr\/wp-json\/wp\/v2\/media?parent=52825"}],"wp:term":[{"taxonomy":"product_brand","embeddable":true,"href":"https:\/\/mapau.es\/fr\/wp-json\/wp\/v2\/product_brand?post=52825"},{"taxonomy":"product_cat","embeddable":true,"href":"https:\/\/mapau.es\/fr\/wp-json\/wp\/v2\/product_cat?post=52825"},{"taxonomy":"product_tag","embeddable":true,"href":"https:\/\/mapau.es\/fr\/wp-json\/wp\/v2\/product_tag?post=52825"}],"curies":[{"name":"wp","href":"https:\/\/api.w.org\/{rel}","templated":true}]}}