{"id":52826,"date":"2024-03-26T15:51:48","date_gmt":"2024-03-26T14:51:48","guid":{"rendered":"https:\/\/mapau.es\/producto\/pack-bachot-lavabo-espejo-circular-2\/"},"modified":"2026-03-30T17:11:42","modified_gmt":"2026-03-30T15:11:42","slug":"pack-bachot-lavabo-espejo-circular-2","status":"publish","type":"product","link":"https:\/\/mapau.es\/fr\/producto\/pack-bachot-lavabo-espejo-circular-2\/","title":{"rendered":"Pack BACHOT + \u00e9vier + miroir rond"},"content":{"rendered":"<p>Ensemble de salle de bains comprenant un meuble suspendu minimaliste, un lavabo et un miroir rond. Le meuble suspendu est compos\u00e9 de panneaux de particules de m\u00e9lamine de 19 mm, offrant des caract\u00e9ristiques de surface optimales et une \u00e9tanch\u00e9it\u00e9 parfaite. Les cinq \u00e9l\u00e9ments m\u00e9talliques minimalistes sont \u00e0 double face, pr\u00e9sentant des lignes pures et harmonieuses, un syst\u00e8me d&rsquo;absorption des chocs, une accessibilit\u00e9 totale et une grande libert\u00e9 de mouvement. Les supports de la structure sont \u00e9quip\u00e9s d&rsquo;un syst\u00e8me anti-basculement r\u00e9glable horizontalement et verticalement, supportant des charges jusqu&rsquo;\u00e0 120 kg. Un lavabo en c\u00e9ramique blanche brillante et un miroir rond sont inclus. Le meuble suspendu est livr\u00e9 pr\u00eat \u00e0 \u00eatre fix\u00e9 au mur. Un kit de fixation est disponible. Robinetterie et bonde non incluses. Fabriqu\u00e9 en Espagne.<\/p>\n","protected":false},"excerpt":{"rendered":"<p>Ensemble de salle de bains comprenant un meuble suspendu minimaliste, un lavabo et un miroir rond. Le meuble suspendu est compos\u00e9 de panneaux de particules de m\u00e9lamine de 19 mm, offrant des caract\u00e9ristiques de surface optimales et une \u00e9tanch\u00e9it\u00e9 parfaite. Les cinq \u00e9l\u00e9ments m\u00e9talliques minimalistes sont \u00e0 double face, pr\u00e9sentant des lignes pures et harmonieuses, &hellip; <a href=\"https:\/\/mapau.es\/fr\/producto\/pack-bachot-lavabo-espejo-circular-2\/\">Continued<\/a><\/p>\n","protected":false},"featured_media":57535,"comment_status":"closed","ping_status":"open","template":"","meta":{"_acf_changed":false},"product_brand":[731],"product_cat":[664],"product_tag":[],"class_list":{"0":"post-52826","1":"product","2":"type-product","3":"status-publish","4":"has-post-thumbnail","6":"product_brand-bachot","7":"product_cat-meubles-de-salle-de-bain","8":"pa_colores-blanc","9":"pa_colores-noyer","10":"pa_colores-alcatraz","11":"pa_medidas-480","12":"pa_medidas-481","13":"pa_medidas-489","14":"pa_medidas-485","15":"pa_medidas-80-00","17":"first","18":"instock","19":"purchasable","20":"product-type-variable"},"acf":[],"_links":{"self":[{"href":"https:\/\/mapau.es\/fr\/wp-json\/wp\/v2\/product\/52826","targetHints":{"allow":["GET"]}}],"collection":[{"href":"https:\/\/mapau.es\/fr\/wp-json\/wp\/v2\/product"}],"about":[{"href":"https:\/\/mapau.es\/fr\/wp-json\/wp\/v2\/types\/product"}],"replies":[{"embeddable":true,"href":"https:\/\/mapau.es\/fr\/wp-json\/wp\/v2\/comments?post=52826"}],"wp:featuredmedia":[{"embeddable":true,"href":"https:\/\/mapau.es\/fr\/wp-json\/wp\/v2\/media\/57535"}],"wp:attachment":[{"href":"https:\/\/mapau.es\/fr\/wp-json\/wp\/v2\/media?parent=52826"}],"wp:term":[{"taxonomy":"product_brand","embeddable":true,"href":"https:\/\/mapau.es\/fr\/wp-json\/wp\/v2\/product_brand?post=52826"},{"taxonomy":"product_cat","embeddable":true,"href":"https:\/\/mapau.es\/fr\/wp-json\/wp\/v2\/product_cat?post=52826"},{"taxonomy":"product_tag","embeddable":true,"href":"https:\/\/mapau.es\/fr\/wp-json\/wp\/v2\/product_tag?post=52826"}],"curies":[{"name":"wp","href":"https:\/\/api.w.org\/{rel}","templated":true}]}}