{"id":52827,"date":"2024-03-26T15:51:38","date_gmt":"2024-03-26T14:51:38","guid":{"rendered":"https:\/\/mapau.es\/producto\/pack-miniroise-lavabo-espejo-led-2\/"},"modified":"2026-03-30T17:11:43","modified_gmt":"2026-03-30T15:11:43","slug":"pack-miniroise-lavabo-espejo-led-2","status":"publish","type":"product","link":"https:\/\/mapau.es\/fr\/producto\/pack-miniroise-lavabo-espejo-led-2\/","title":{"rendered":"Pack MINIROISE + vasque + miroir LED"},"content":{"rendered":"<p>Meuble de salle de bain basque avec \u00e9clairage LED professionnel et miroir LED. Id\u00e9al pour les petits espaces. Ce meuble est dot\u00e9 d&rsquo;une fa\u00e7ade d\u00e9corative en relief. Fabriqu\u00e9 en panneaux de particules de 19 mm avec rev\u00eatement m\u00e9lamin\u00e9 et finitions de surface optimales, il est \u00e9cologique et recyclable. Il comprend des fixations murales avec syst\u00e8me anti-affaissement. La structure m\u00e9tallique \u00e0 double paroi arbore une esth\u00e9tique minimaliste, avec ses nervures et ses lignes fonctionnelles, un syst\u00e8me d&rsquo;absorption des chocs, une capacit\u00e9 de charge de 25 kg, une accessibilit\u00e9 totale et un espace de rangement optimal. Un lavabo professionnel en c\u00e9ramique est inclus. Le miroir est \u00e9quip\u00e9 d&rsquo;un \u00e9clairage LED (IP65, 8,4 W, 910 lm, temp\u00e9rature de couleur 6000 K). Le meuble est livr\u00e9 libre et pr\u00eat \u00e0 \u00eatre fix\u00e9 au mur. Un kit de fixation est disponible. Robinetterie et bonde non incluses. Fabriqu\u00e9 en Espagne.<\/p>\n","protected":false},"excerpt":{"rendered":"<p>Meuble de salle de bain basque avec \u00e9clairage LED professionnel et miroir LED. Id\u00e9al pour les petits espaces. Ce meuble est dot\u00e9 d&rsquo;une fa\u00e7ade d\u00e9corative en relief. Fabriqu\u00e9 en panneaux de particules de 19 mm avec rev\u00eatement m\u00e9lamin\u00e9 et finitions de surface optimales, il est \u00e9cologique et recyclable. Il comprend des fixations murales avec syst\u00e8me &hellip; <a href=\"https:\/\/mapau.es\/fr\/producto\/pack-miniroise-lavabo-espejo-led-2\/\">Continued<\/a><\/p>\n","protected":false},"featured_media":13150,"comment_status":"closed","ping_status":"open","template":"","meta":{"_acf_changed":false},"product_brand":[730],"product_cat":[664],"product_tag":[],"class_list":{"0":"post-52827","1":"product","2":"type-product","3":"status-publish","4":"has-post-thumbnail","6":"product_brand-miniroise","7":"product_cat-meubles-de-salle-de-bain","8":"pa_colores-blanc","9":"pa_medidas-588","10":"pa_medidas-583","11":"pa_medidas-492","12":"pa_medidas-485","14":"first","15":"instock","16":"purchasable","17":"product-type-variable"},"acf":[],"_links":{"self":[{"href":"https:\/\/mapau.es\/fr\/wp-json\/wp\/v2\/product\/52827","targetHints":{"allow":["GET"]}}],"collection":[{"href":"https:\/\/mapau.es\/fr\/wp-json\/wp\/v2\/product"}],"about":[{"href":"https:\/\/mapau.es\/fr\/wp-json\/wp\/v2\/types\/product"}],"replies":[{"embeddable":true,"href":"https:\/\/mapau.es\/fr\/wp-json\/wp\/v2\/comments?post=52827"}],"wp:featuredmedia":[{"embeddable":true,"href":"https:\/\/mapau.es\/fr\/wp-json\/wp\/v2\/media\/13150"}],"wp:attachment":[{"href":"https:\/\/mapau.es\/fr\/wp-json\/wp\/v2\/media?parent=52827"}],"wp:term":[{"taxonomy":"product_brand","embeddable":true,"href":"https:\/\/mapau.es\/fr\/wp-json\/wp\/v2\/product_brand?post=52827"},{"taxonomy":"product_cat","embeddable":true,"href":"https:\/\/mapau.es\/fr\/wp-json\/wp\/v2\/product_cat?post=52827"},{"taxonomy":"product_tag","embeddable":true,"href":"https:\/\/mapau.es\/fr\/wp-json\/wp\/v2\/product_tag?post=52827"}],"curies":[{"name":"wp","href":"https:\/\/api.w.org\/{rel}","templated":true}]}}