{"id":52828,"date":"2024-03-26T15:51:11","date_gmt":"2024-03-26T14:51:11","guid":{"rendered":"https:\/\/mapau.es\/producto\/pack-bachelier-lavabo-espejo-capsula-2\/"},"modified":"2026-03-30T17:11:46","modified_gmt":"2026-03-30T15:11:46","slug":"pack-bachelier-lavabo-espejo-capsula-2","status":"publish","type":"product","link":"https:\/\/mapau.es\/fr\/producto\/pack-bachelier-lavabo-espejo-capsula-2\/","title":{"rendered":"Pack BACHELIER + \u00e9vier + capsule miroir"},"content":{"rendered":"<p>Ensemble de salle de bains comprenant un meuble sous-vasque, un lavabo et une cabine de douche panoramique. Le meuble sous-vasque est \u00e9quip\u00e9 de deux portes et de fa\u00e7ades d\u00e9coratives en relief. Fabriqu\u00e9 en panneaux de particules de 19 mm avec rev\u00eatement m\u00e9lamin\u00e9, il offre des caract\u00e9ristiques de surface optimales et une \u00e9tanch\u00e9it\u00e9 parfaite. Les caissons m\u00e9talliques double face pr\u00e9sentent une esth\u00e9tique minimaliste, avec des lignes \u00e9pur\u00e9es et des fonctions fonctionnelles. Ils int\u00e8grent un syst\u00e8me d&rsquo;insonorisation, une accessibilit\u00e9 totale et un grand espace de rangement. Les crochets sont \u00e9quip\u00e9s d&rsquo;un syst\u00e8me anti-basculement r\u00e9glable horizontalement et verticalement, supportant jusqu&rsquo;\u00e0 120 kg chacun. Le meuble est con\u00e7u pour accueillir les toilettes de votre choix. Un lavabo \u00e0 poser en c\u00e9ramique blanche brillante et une cabine de douche avec miroir sont inclus. Le meuble est livr\u00e9 libre et pr\u00eat \u00e0 installer. Un kit de fixation est disponible. Robinetterie et bonde non incluses. Fabriqu\u00e9 en Espagne.<\/p>\n","protected":false},"excerpt":{"rendered":"<p>Ensemble de salle de bains comprenant un meuble sous-vasque, un lavabo et une cabine de douche panoramique. Le meuble sous-vasque est \u00e9quip\u00e9 de deux portes et de fa\u00e7ades d\u00e9coratives en relief. Fabriqu\u00e9 en panneaux de particules de 19 mm avec rev\u00eatement m\u00e9lamin\u00e9, il offre des caract\u00e9ristiques de surface optimales et une \u00e9tanch\u00e9it\u00e9 parfaite. Les caissons &hellip; <a href=\"https:\/\/mapau.es\/fr\/producto\/pack-bachelier-lavabo-espejo-capsula-2\/\">Continued<\/a><\/p>\n","protected":false},"featured_media":13141,"comment_status":"closed","ping_status":"open","template":"","meta":{"_acf_changed":false},"product_brand":[729],"product_cat":[664],"product_tag":[],"class_list":{"0":"post-52828","1":"product","2":"type-product","3":"status-publish","4":"has-post-thumbnail","6":"product_brand-bachelier","7":"product_cat-meubles-de-salle-de-bain","8":"pa_colores-blanc","9":"pa_colores-chene-de-bardolino","10":"pa_medidas-480","11":"pa_medidas-481","12":"pa_medidas-489","13":"pa_medidas-485","15":"first","16":"instock","17":"purchasable","18":"product-type-variable"},"acf":[],"_links":{"self":[{"href":"https:\/\/mapau.es\/fr\/wp-json\/wp\/v2\/product\/52828","targetHints":{"allow":["GET"]}}],"collection":[{"href":"https:\/\/mapau.es\/fr\/wp-json\/wp\/v2\/product"}],"about":[{"href":"https:\/\/mapau.es\/fr\/wp-json\/wp\/v2\/types\/product"}],"replies":[{"embeddable":true,"href":"https:\/\/mapau.es\/fr\/wp-json\/wp\/v2\/comments?post=52828"}],"wp:featuredmedia":[{"embeddable":true,"href":"https:\/\/mapau.es\/fr\/wp-json\/wp\/v2\/media\/13141"}],"wp:attachment":[{"href":"https:\/\/mapau.es\/fr\/wp-json\/wp\/v2\/media?parent=52828"}],"wp:term":[{"taxonomy":"product_brand","embeddable":true,"href":"https:\/\/mapau.es\/fr\/wp-json\/wp\/v2\/product_brand?post=52828"},{"taxonomy":"product_cat","embeddable":true,"href":"https:\/\/mapau.es\/fr\/wp-json\/wp\/v2\/product_cat?post=52828"},{"taxonomy":"product_tag","embeddable":true,"href":"https:\/\/mapau.es\/fr\/wp-json\/wp\/v2\/product_tag?post=52828"}],"curies":[{"name":"wp","href":"https:\/\/api.w.org\/{rel}","templated":true}]}}