{"id":52829,"date":"2024-02-06T07:22:03","date_gmt":"2024-02-06T06:22:03","guid":{"rendered":"https:\/\/mapau.es\/producto\/pack-abeille-lavabo-espejo-circular-2\/"},"modified":"2026-03-30T17:11:54","modified_gmt":"2026-03-30T15:11:54","slug":"pack-abeille-lavabo-espejo-circular-2","status":"publish","type":"product","link":"https:\/\/mapau.es\/fr\/producto\/pack-abeille-lavabo-espejo-circular-2\/","title":{"rendered":"Pack ABEILLE + lavabo + miroir rond"},"content":{"rendered":"<p>Meuble bas avec vasque et miroir rond. Ce meuble est dot\u00e9 de fa\u00e7ades d\u00e9coratives. Fabriqu\u00e9 en panneaux de particules de 19 mm avec rev\u00eatement m\u00e9lamin\u00e9 et finitions de surface optimales, il est \u00e9cologique et recyclable. Il comprend des fixations murales avec syst\u00e8me anti-affaissement. Les pieds m\u00e9talliques \u00e0 double paroi pr\u00e9sentent une esth\u00e9tique minimaliste, avec des lignes fines et discr\u00e8tes, un syst\u00e8me d&rsquo;absorption des chocs, une capacit\u00e9 de charge de 25 kg, une accessibilit\u00e9 totale et une grande flexibilit\u00e9 d&rsquo;am\u00e9nagement. Une vasque en c\u00e9ramique et un miroir rond sont inclus. Le meuble est livr\u00e9 libre et pr\u00eat \u00e0 \u00eatre fix\u00e9 au mur. Un kit de fixation est disponible. Robinetterie et bonde non incluses. Fabriqu\u00e9 en Espagne.<\/p>\n","protected":false},"excerpt":{"rendered":"<p>Meuble bas avec vasque et miroir rond. Ce meuble est dot\u00e9 de fa\u00e7ades d\u00e9coratives. Fabriqu\u00e9 en panneaux de particules de 19 mm avec rev\u00eatement m\u00e9lamin\u00e9 et finitions de surface optimales, il est \u00e9cologique et recyclable. Il comprend des fixations murales avec syst\u00e8me anti-affaissement. Les pieds m\u00e9talliques \u00e0 double paroi pr\u00e9sentent une esth\u00e9tique minimaliste, avec des &hellip; <a href=\"https:\/\/mapau.es\/fr\/producto\/pack-abeille-lavabo-espejo-circular-2\/\">Continued<\/a><\/p>\n","protected":false},"featured_media":51466,"comment_status":"closed","ping_status":"closed","template":"","meta":{"_acf_changed":false},"product_brand":[728],"product_cat":[664],"product_tag":[],"class_list":{"0":"post-52829","1":"product","2":"type-product","3":"status-publish","4":"has-post-thumbnail","6":"product_brand-abeille","7":"product_cat-meubles-de-salle-de-bain","8":"pa_colores-blanc","9":"pa_colores-chene-de-bardolino","10":"pa_colores-chene-noir-de-jais","11":"pa_colores-noyer","12":"pa_medidas-480","13":"pa_medidas-481","14":"pa_medidas-489","15":"pa_medidas-485","17":"first","18":"instock","19":"purchasable","20":"product-type-variable"},"acf":[],"_links":{"self":[{"href":"https:\/\/mapau.es\/fr\/wp-json\/wp\/v2\/product\/52829","targetHints":{"allow":["GET"]}}],"collection":[{"href":"https:\/\/mapau.es\/fr\/wp-json\/wp\/v2\/product"}],"about":[{"href":"https:\/\/mapau.es\/fr\/wp-json\/wp\/v2\/types\/product"}],"replies":[{"embeddable":true,"href":"https:\/\/mapau.es\/fr\/wp-json\/wp\/v2\/comments?post=52829"}],"wp:featuredmedia":[{"embeddable":true,"href":"https:\/\/mapau.es\/fr\/wp-json\/wp\/v2\/media\/51466"}],"wp:attachment":[{"href":"https:\/\/mapau.es\/fr\/wp-json\/wp\/v2\/media?parent=52829"}],"wp:term":[{"taxonomy":"product_brand","embeddable":true,"href":"https:\/\/mapau.es\/fr\/wp-json\/wp\/v2\/product_brand?post=52829"},{"taxonomy":"product_cat","embeddable":true,"href":"https:\/\/mapau.es\/fr\/wp-json\/wp\/v2\/product_cat?post=52829"},{"taxonomy":"product_tag","embeddable":true,"href":"https:\/\/mapau.es\/fr\/wp-json\/wp\/v2\/product_tag?post=52829"}],"curies":[{"name":"wp","href":"https:\/\/api.w.org\/{rel}","templated":true}]}}