{"id":52830,"date":"2024-02-06T07:20:53","date_gmt":"2024-02-06T06:20:53","guid":{"rendered":"https:\/\/mapau.es\/producto\/pack-bridan-lavabo-espejo-circular-2\/"},"modified":"2026-03-30T17:12:07","modified_gmt":"2026-03-30T15:12:07","slug":"pack-bridan-lavabo-espejo-circular-2","status":"publish","type":"product","link":"https:\/\/mapau.es\/fr\/producto\/pack-bridan-lavabo-espejo-circular-2\/","title":{"rendered":"Pack BRIDAN + lavabo + miroir rond"},"content":{"rendered":"<p>Meuble sous-vasque avec miroir rond. Ce meuble comprend une porte et une porte lat\u00e9rale. Les fa\u00e7ades pr\u00e9sentent un effet d\u00e9coratif. Fabriqu\u00e9 en panneaux de particules de 19 mm avec rev\u00eatement m\u00e9lamin\u00e9 et finitions de surface optimales, il est \u00e9cologique et recyclable. Ce meuble est livr\u00e9 avec des fixations murales \u00e9quip\u00e9es d&rsquo;un syst\u00e8me anti-affaissement. Le caisson m\u00e9tallique \u00e0 double paroi arbore une esth\u00e9tique minimaliste, avec des lignes fines et l\u00e9g\u00e8res, un m\u00e9canisme d&rsquo;absorption des chocs, une capacit\u00e9 de charge de 25 kg, une accessibilit\u00e9 totale et un espace de circulation optimal. Les charni\u00e8res nickel\u00e9es sont \u00e9quip\u00e9es d&rsquo;un piston \u00e0 fort amortissement pour une ouverture et une fermeture en douceur. L&rsquo;ensemble comprend un lavabo en c\u00e9ramique avec vasque d\u00e9centr\u00e9e. Un miroir rond est \u00e9galement inclus. Le meuble est livr\u00e9 non assembl\u00e9 et pr\u00eat \u00e0 \u00eatre fix\u00e9 au mur. Un kit de fixation est disponible. Robinetterie et bonde non incluses. Fabriqu\u00e9 en Espagne.<\/p>\n","protected":false},"excerpt":{"rendered":"<p>Meuble sous-vasque avec miroir rond. Ce meuble comprend une porte et une porte lat\u00e9rale. Les fa\u00e7ades pr\u00e9sentent un effet d\u00e9coratif. Fabriqu\u00e9 en panneaux de particules de 19 mm avec rev\u00eatement m\u00e9lamin\u00e9 et finitions de surface optimales, il est \u00e9cologique et recyclable. Ce meuble est livr\u00e9 avec des fixations murales \u00e9quip\u00e9es d&rsquo;un syst\u00e8me anti-affaissement. Le caisson &hellip; <a href=\"https:\/\/mapau.es\/fr\/producto\/pack-bridan-lavabo-espejo-circular-2\/\">Continued<\/a><\/p>\n","protected":false},"featured_media":13109,"comment_status":"closed","ping_status":"open","template":"","meta":{"_acf_changed":false},"product_brand":[727],"product_cat":[664],"product_tag":[],"class_list":{"0":"post-52830","1":"product","2":"type-product","3":"status-publish","4":"has-post-thumbnail","6":"product_brand-bridan","7":"product_cat-meubles-de-salle-de-bain","8":"pa_colores-blanc-pelican","9":"pa_colores-chene-de-bardolino-pelican","10":"pa_medidas-480","11":"pa_medidas-481","12":"pa_medidas-485","14":"first","15":"instock","16":"purchasable","17":"product-type-variable"},"acf":[],"_links":{"self":[{"href":"https:\/\/mapau.es\/fr\/wp-json\/wp\/v2\/product\/52830","targetHints":{"allow":["GET"]}}],"collection":[{"href":"https:\/\/mapau.es\/fr\/wp-json\/wp\/v2\/product"}],"about":[{"href":"https:\/\/mapau.es\/fr\/wp-json\/wp\/v2\/types\/product"}],"replies":[{"embeddable":true,"href":"https:\/\/mapau.es\/fr\/wp-json\/wp\/v2\/comments?post=52830"}],"wp:featuredmedia":[{"embeddable":true,"href":"https:\/\/mapau.es\/fr\/wp-json\/wp\/v2\/media\/13109"}],"wp:attachment":[{"href":"https:\/\/mapau.es\/fr\/wp-json\/wp\/v2\/media?parent=52830"}],"wp:term":[{"taxonomy":"product_brand","embeddable":true,"href":"https:\/\/mapau.es\/fr\/wp-json\/wp\/v2\/product_brand?post=52830"},{"taxonomy":"product_cat","embeddable":true,"href":"https:\/\/mapau.es\/fr\/wp-json\/wp\/v2\/product_cat?post=52830"},{"taxonomy":"product_tag","embeddable":true,"href":"https:\/\/mapau.es\/fr\/wp-json\/wp\/v2\/product_tag?post=52830"}],"curies":[{"name":"wp","href":"https:\/\/api.w.org\/{rel}","templated":true}]}}