{"id":52831,"date":"2024-02-06T07:20:15","date_gmt":"2024-02-06T06:20:15","guid":{"rendered":"https:\/\/mapau.es\/producto\/pack-rodin-lavabo-espejo-led-2\/"},"modified":"2026-03-30T17:12:07","modified_gmt":"2026-03-30T15:12:07","slug":"pack-rodin-lavabo-espejo-led-2","status":"publish","type":"product","link":"https:\/\/mapau.es\/fr\/producto\/pack-rodin-lavabo-espejo-led-2\/","title":{"rendered":"Pack RODIN + vasque + miroir LED"},"content":{"rendered":"<p>Meuble de salle de bain en bois, avec vasque et miroir LED. Id\u00e9al pour les petits espaces. Fabriqu\u00e9 en panneaux de particules de 19 mm avec rev\u00eatement m\u00e9lamin\u00e9 et finitions optimales, \u00e9cologiques et recyclables. Syst\u00e8me de suspension anti-affaissement. Le caisson m\u00e9tallique minimaliste \u00e0 double paroi pr\u00e9sente des lignes fonctionnelles et harmonieuses, un m\u00e9canisme d&rsquo;absorption des chocs, une capacit\u00e9 de charge de 25 kg, une accessibilit\u00e9 totale et une grande libert\u00e9 de mouvement. Vasque \u00e0 poser en c\u00e9ramique. Miroir avec \u00e9clairage LED (IP65, 8,4 W, 910 lm, temp\u00e9rature de couleur 6000 K) inclus. Montage facile et pr\u00eat \u00e0 \u00eatre fix\u00e9 au mur. Kit de fixation fourni. Robinetterie et bonde non incluses. Fabriqu\u00e9 en Espagne.<\/p>\n","protected":false},"excerpt":{"rendered":"<p>Meuble de salle de bain en bois, avec vasque et miroir LED. Id\u00e9al pour les petits espaces. Fabriqu\u00e9 en panneaux de particules de 19 mm avec rev\u00eatement m\u00e9lamin\u00e9 et finitions optimales, \u00e9cologiques et recyclables. Syst\u00e8me de suspension anti-affaissement. Le caisson m\u00e9tallique minimaliste \u00e0 double paroi pr\u00e9sente des lignes fonctionnelles et harmonieuses, un m\u00e9canisme d&rsquo;absorption des &hellip; <a href=\"https:\/\/mapau.es\/fr\/producto\/pack-rodin-lavabo-espejo-led-2\/\">Continued<\/a><\/p>\n","protected":false},"featured_media":13091,"comment_status":"closed","ping_status":"open","template":"","meta":{"_acf_changed":false},"product_brand":[726],"product_cat":[664],"product_tag":[],"class_list":{"0":"post-52831","1":"product","2":"type-product","3":"status-publish","4":"has-post-thumbnail","6":"product_brand-rodin","7":"product_cat-meubles-de-salle-de-bain","8":"pa_colores-blanc-mat","9":"pa_colores-chene-bardolino-blanc","10":"pa_colores-chene-noir-de-jais-blanc","11":"pa_colores-noyer-blanc","12":"pa_medidas-60-000-2","13":"pa_medidas-80-000-2","14":"pa_medidas-492","15":"pa_medidas-485","17":"first","18":"instock","19":"purchasable","20":"product-type-variable"},"acf":[],"_links":{"self":[{"href":"https:\/\/mapau.es\/fr\/wp-json\/wp\/v2\/product\/52831","targetHints":{"allow":["GET"]}}],"collection":[{"href":"https:\/\/mapau.es\/fr\/wp-json\/wp\/v2\/product"}],"about":[{"href":"https:\/\/mapau.es\/fr\/wp-json\/wp\/v2\/types\/product"}],"replies":[{"embeddable":true,"href":"https:\/\/mapau.es\/fr\/wp-json\/wp\/v2\/comments?post=52831"}],"wp:featuredmedia":[{"embeddable":true,"href":"https:\/\/mapau.es\/fr\/wp-json\/wp\/v2\/media\/13091"}],"wp:attachment":[{"href":"https:\/\/mapau.es\/fr\/wp-json\/wp\/v2\/media?parent=52831"}],"wp:term":[{"taxonomy":"product_brand","embeddable":true,"href":"https:\/\/mapau.es\/fr\/wp-json\/wp\/v2\/product_brand?post=52831"},{"taxonomy":"product_cat","embeddable":true,"href":"https:\/\/mapau.es\/fr\/wp-json\/wp\/v2\/product_cat?post=52831"},{"taxonomy":"product_tag","embeddable":true,"href":"https:\/\/mapau.es\/fr\/wp-json\/wp\/v2\/product_tag?post=52831"}],"curies":[{"name":"wp","href":"https:\/\/api.w.org\/{rel}","templated":true}]}}