{"id":52832,"date":"2023-11-17T07:40:53","date_gmt":"2023-11-17T06:40:53","guid":{"rendered":"https:\/\/mapau.es\/producto\/banera-sobre-blanca-170x82-2\/"},"modified":"2026-03-30T17:03:52","modified_gmt":"2026-03-30T15:03:52","slug":"banera-sobre-blanca-170x82-2","status":"publish","type":"product","link":"https:\/\/mapau.es\/fr\/producto\/banera-sobre-blanca-170x82-2\/","title":{"rendered":"Baignoire blanche 170&#215;82"},"content":{"rendered":"<p>Baignoire \u00eelot au design curviligne haut de gamme. Fabriqu\u00e9e en r\u00e9sine composite et pierre de dolomie, elle offre un toucher double et une couleur blanc pur. Certifi\u00e9e antibact\u00e9rienne, r\u00e9sistante aux UV, durable, r\u00e9sistante aux chocs et aux produits chimiques, elle est \u00e9galement \u00e9quip\u00e9e d&rsquo;un joint et d&rsquo;un verrou de s\u00e9curit\u00e9.<\/p>\n","protected":false},"excerpt":{"rendered":"<p>Baignoire \u00eelot au design curviligne haut de gamme. Fabriqu\u00e9e en r\u00e9sine composite et pierre de dolomie, elle offre un toucher double et une couleur blanc pur. Certifi\u00e9e antibact\u00e9rienne, r\u00e9sistante aux UV, durable, r\u00e9sistante aux chocs et aux produits chimiques, elle est \u00e9galement \u00e9quip\u00e9e d&rsquo;un joint et d&rsquo;un verrou de s\u00e9curit\u00e9.<\/p>\n","protected":false},"featured_media":13075,"comment_status":"closed","ping_status":"open","template":"","meta":{"_acf_changed":false},"product_brand":[725],"product_cat":[452],"product_tag":[],"class_list":{"0":"post-52832","1":"product","2":"type-product","3":"status-publish","4":"has-post-thumbnail","6":"product_brand-banera","7":"product_cat-accesorios","8":"pa_colores-blanc","9":"pa_medidas-524","11":"first","12":"instock","13":"purchasable","14":"product-type-simple"},"acf":[],"_links":{"self":[{"href":"https:\/\/mapau.es\/fr\/wp-json\/wp\/v2\/product\/52832","targetHints":{"allow":["GET"]}}],"collection":[{"href":"https:\/\/mapau.es\/fr\/wp-json\/wp\/v2\/product"}],"about":[{"href":"https:\/\/mapau.es\/fr\/wp-json\/wp\/v2\/types\/product"}],"replies":[{"embeddable":true,"href":"https:\/\/mapau.es\/fr\/wp-json\/wp\/v2\/comments?post=52832"}],"wp:featuredmedia":[{"embeddable":true,"href":"https:\/\/mapau.es\/fr\/wp-json\/wp\/v2\/media\/13075"}],"wp:attachment":[{"href":"https:\/\/mapau.es\/fr\/wp-json\/wp\/v2\/media?parent=52832"}],"wp:term":[{"taxonomy":"product_brand","embeddable":true,"href":"https:\/\/mapau.es\/fr\/wp-json\/wp\/v2\/product_brand?post=52832"},{"taxonomy":"product_cat","embeddable":true,"href":"https:\/\/mapau.es\/fr\/wp-json\/wp\/v2\/product_cat?post=52832"},{"taxonomy":"product_tag","embeddable":true,"href":"https:\/\/mapau.es\/fr\/wp-json\/wp\/v2\/product_tag?post=52832"}],"curies":[{"name":"wp","href":"https:\/\/api.w.org\/{rel}","templated":true}]}}