{"id":52833,"date":"2023-11-17T07:39:57","date_gmt":"2023-11-17T06:39:57","guid":{"rendered":"https:\/\/mapau.es\/producto\/pack-vouet-lavabo-espejo-circular-2\/"},"modified":"2026-03-30T17:12:19","modified_gmt":"2026-03-30T15:12:19","slug":"pack-vouet-lavabo-espejo-circular-2","status":"publish","type":"product","link":"https:\/\/mapau.es\/fr\/producto\/pack-vouet-lavabo-espejo-circular-2\/","title":{"rendered":"Pack VOUET + lavabo + miroir rond"},"content":{"rendered":"<p>Meuble basque avec vasque et miroir rond. Ce meuble est dot\u00e9 de cadres contrast\u00e9s et de poign\u00e9es d\u00e9coratives. Fabriqu\u00e9 en panneaux de particules de 19 mm avec rev\u00eatement m\u00e9lamin\u00e9, il offre des caract\u00e9ristiques de surface optimales et est respectueux de l&rsquo;environnement et recyclable. Il comprend des crochets avec syst\u00e8me anti-affaissement. Le support m\u00e9tallique minimaliste \u00e0 double but\u00e9e est pr\u00e9sent aux extr\u00e9mit\u00e9s des fixations, un m\u00e9canisme d&rsquo;amortissement, une capacit\u00e9 de charge de 25 kg, une accessibilit\u00e9 totale et un grand espace de d\u00e9placement. Une vasque en c\u00e9ramique et un miroir rond sont inclus. Le meuble est livr\u00e9 libre et pr\u00eat \u00e0 \u00eatre fix\u00e9 au mur. Un kit de fixation est disponible. Robinetterie et bonde non incluses. Fabriqu\u00e9 en Espagne.<\/p>\n","protected":false},"excerpt":{"rendered":"<p>Meuble basque avec vasque et miroir rond. Ce meuble est dot\u00e9 de cadres contrast\u00e9s et de poign\u00e9es d\u00e9coratives. Fabriqu\u00e9 en panneaux de particules de 19 mm avec rev\u00eatement m\u00e9lamin\u00e9, il offre des caract\u00e9ristiques de surface optimales et est respectueux de l&rsquo;environnement et recyclable. Il comprend des crochets avec syst\u00e8me anti-affaissement. Le support m\u00e9tallique minimaliste \u00e0 &hellip; <a href=\"https:\/\/mapau.es\/fr\/producto\/pack-vouet-lavabo-espejo-circular-2\/\">Continued<\/a><\/p>\n","protected":false},"featured_media":13056,"comment_status":"closed","ping_status":"open","template":"","meta":{"_acf_changed":false},"product_brand":[724],"product_cat":[664],"product_tag":[],"class_list":{"0":"post-52833","1":"product","2":"type-product","3":"status-publish","4":"has-post-thumbnail","6":"product_brand-vouet","7":"product_cat-meubles-de-salle-de-bain","8":"pa_colores-chene-bardolino-blanc","9":"pa_colores-chene-bardolino-noir","10":"pa_colores-chene-noir-de-jais-blanc","11":"pa_colores-chene-noir-de-jais-noir","12":"pa_colores-noyer-blanc","13":"pa_colores-noyer-noir","14":"pa_medidas-582","15":"pa_medidas-587","16":"pa_medidas-583","17":"pa_medidas-480","18":"pa_medidas-481","19":"pa_medidas-485","21":"first","22":"instock","23":"purchasable","24":"product-type-variable"},"acf":[],"_links":{"self":[{"href":"https:\/\/mapau.es\/fr\/wp-json\/wp\/v2\/product\/52833","targetHints":{"allow":["GET"]}}],"collection":[{"href":"https:\/\/mapau.es\/fr\/wp-json\/wp\/v2\/product"}],"about":[{"href":"https:\/\/mapau.es\/fr\/wp-json\/wp\/v2\/types\/product"}],"replies":[{"embeddable":true,"href":"https:\/\/mapau.es\/fr\/wp-json\/wp\/v2\/comments?post=52833"}],"wp:featuredmedia":[{"embeddable":true,"href":"https:\/\/mapau.es\/fr\/wp-json\/wp\/v2\/media\/13056"}],"wp:attachment":[{"href":"https:\/\/mapau.es\/fr\/wp-json\/wp\/v2\/media?parent=52833"}],"wp:term":[{"taxonomy":"product_brand","embeddable":true,"href":"https:\/\/mapau.es\/fr\/wp-json\/wp\/v2\/product_brand?post=52833"},{"taxonomy":"product_cat","embeddable":true,"href":"https:\/\/mapau.es\/fr\/wp-json\/wp\/v2\/product_cat?post=52833"},{"taxonomy":"product_tag","embeddable":true,"href":"https:\/\/mapau.es\/fr\/wp-json\/wp\/v2\/product_tag?post=52833"}],"curies":[{"name":"wp","href":"https:\/\/api.w.org\/{rel}","templated":true}]}}