{"id":52834,"date":"2023-11-17T07:39:34","date_gmt":"2023-11-17T06:39:34","guid":{"rendered":"https:\/\/mapau.es\/producto\/pack-dupuis-lavabo-espejo-capsula-2\/"},"modified":"2026-03-30T17:12:32","modified_gmt":"2026-03-30T15:12:32","slug":"pack-dupuis-lavabo-espejo-capsula-2","status":"publish","type":"product","link":"https:\/\/mapau.es\/fr\/producto\/pack-dupuis-lavabo-espejo-capsula-2\/","title":{"rendered":"Pack DUPUIS + \u00e9vier + capsule miroir"},"content":{"rendered":"<p>Meuble basque avec vases et miroir. Ce meuble se distingue par ses vases aux finitions contrast\u00e9es et ses cadres blancs. Fabriqu\u00e9 en panneaux de particules de 19 mm avec rev\u00eatement m\u00e9lamin\u00e9, il offre des propri\u00e9t\u00e9s de surface optimales et est \u00e9cologique et recyclable. Il est \u00e9quip\u00e9 de crochets avec syst\u00e8me anti-affaissement et de charni\u00e8res nickel\u00e9es \u00e0 fermeture amortie. Un bol en c\u00e9ramique et une capsule miroir sont inclus. Le meuble est livr\u00e9 libre et pr\u00eat \u00e0 \u00eatre fix\u00e9 au mur. Un kit de fixation est disponible. Robinetterie et colle non incluses. Fabriqu\u00e9 en Espagne.<\/p>\n","protected":false},"excerpt":{"rendered":"<p>Meuble basque avec vases et miroir. Ce meuble se distingue par ses vases aux finitions contrast\u00e9es et ses cadres blancs. Fabriqu\u00e9 en panneaux de particules de 19 mm avec rev\u00eatement m\u00e9lamin\u00e9, il offre des propri\u00e9t\u00e9s de surface optimales et est \u00e9cologique et recyclable. Il est \u00e9quip\u00e9 de crochets avec syst\u00e8me anti-affaissement et de charni\u00e8res nickel\u00e9es &hellip; <a href=\"https:\/\/mapau.es\/fr\/producto\/pack-dupuis-lavabo-espejo-capsula-2\/\">Continued<\/a><\/p>\n","protected":false},"featured_media":57567,"comment_status":"closed","ping_status":"open","template":"","meta":{"_acf_changed":false},"product_brand":[723],"product_cat":[664],"product_tag":[],"class_list":{"0":"post-52834","1":"product","2":"type-product","3":"status-publish","4":"has-post-thumbnail","6":"product_brand-dupuis","7":"product_cat-meubles-de-salle-de-bain","8":"pa_colores-chene-de-bardolino","9":"pa_colores-chene-noir-de-jais","10":"pa_medidas-480","11":"pa_medidas-481","12":"pa_medidas-489","13":"pa_medidas-485","14":"pa_medidas-80-00","16":"first","17":"instock","18":"purchasable","19":"product-type-variable"},"acf":[],"_links":{"self":[{"href":"https:\/\/mapau.es\/fr\/wp-json\/wp\/v2\/product\/52834","targetHints":{"allow":["GET"]}}],"collection":[{"href":"https:\/\/mapau.es\/fr\/wp-json\/wp\/v2\/product"}],"about":[{"href":"https:\/\/mapau.es\/fr\/wp-json\/wp\/v2\/types\/product"}],"replies":[{"embeddable":true,"href":"https:\/\/mapau.es\/fr\/wp-json\/wp\/v2\/comments?post=52834"}],"wp:featuredmedia":[{"embeddable":true,"href":"https:\/\/mapau.es\/fr\/wp-json\/wp\/v2\/media\/57567"}],"wp:attachment":[{"href":"https:\/\/mapau.es\/fr\/wp-json\/wp\/v2\/media?parent=52834"}],"wp:term":[{"taxonomy":"product_brand","embeddable":true,"href":"https:\/\/mapau.es\/fr\/wp-json\/wp\/v2\/product_brand?post=52834"},{"taxonomy":"product_cat","embeddable":true,"href":"https:\/\/mapau.es\/fr\/wp-json\/wp\/v2\/product_cat?post=52834"},{"taxonomy":"product_tag","embeddable":true,"href":"https:\/\/mapau.es\/fr\/wp-json\/wp\/v2\/product_tag?post=52834"}],"curies":[{"name":"wp","href":"https:\/\/api.w.org\/{rel}","templated":true}]}}